{"id":12228,"date":"2025-09-15T16:07:10","date_gmt":"2025-09-15T14:07:10","guid":{"rendered":"https:\/\/boreait.com\/fr\/?post_type=product&#038;p=12228"},"modified":"2026-01-19T10:53:12","modified_gmt":"2026-01-19T09:53:12","slug":"rails-de-support-pour-ecran-lcd-fujitsu-lifebook-e754-e756-montage-gauche-et-droit","status":"publish","type":"product","link":"https:\/\/boreait.com\/fr\/produit\/rails-de-support-pour-ecran-lcd-fujitsu-lifebook-e754-e756-montage-gauche-et-droit\/","title":{"rendered":"Rails de support pour \u00e9cran LCD Fujitsu Lifebook E754\/E756 &#8211; Montage gauche et droit"},"content":{"rendered":"<p>Am\u00e9liorez votre ordinateur portable Fujitsu Lifebook E754 ou E756 avec ces rails de fixation con\u00e7us pour le montage de l&rsquo;\u00e9cran LCD \u00e0 gauche et \u00e0 droite. Con\u00e7us pour une compatibilit\u00e9 et une durabilit\u00e9 optimales, ces rails assurent un maintien s\u00fbr de l&rsquo;\u00e9cran de votre ordinateur portable, am\u00e9liorant ainsi sa stabilit\u00e9 et ses fonctionnalit\u00e9s. Fabriqu\u00e9s \u00e0 partir de mat\u00e9riaux de haute qualit\u00e9, ils sont con\u00e7us pour r\u00e9sister \u00e0 un usage quotidien et offrir des performances durables. Que vous soyez professionnel, \u00e9tudiant ou utilisateur occasionnel, vous pouvez compter sur ces rails pour maintenir votre \u00e9cran en place pendant que vous travaillez, regardez des vid\u00e9os en streaming ou naviguez sur le web. Compatibles avec les mod\u00e8les Fujitsu Lifebook E754 et E756, l&rsquo;installation est un jeu d&rsquo;enfant et ne n\u00e9cessite aucune expertise technique. Remplacez simplement vos anciens rails par ces nouveaux pour restaurer les fonctionnalit\u00e9s et l&rsquo;apparence de votre ordinateur portable. Investissez dans ces rails d\u00e8s aujourd&rsquo;hui et profitez d&rsquo;une stabilit\u00e9, d&rsquo;une fonctionnalit\u00e9 et d&rsquo;une esth\u00e9tique am\u00e9lior\u00e9es pour votre ordinateur portable Fujitsu.<\/p>\n","protected":false},"excerpt":{"rendered":"<p>Am\u00e9liorez la stabilit\u00e9 et les fonctionnalit\u00e9s de votre ordinateur portable Fujitsu Lifebook E754 ou E756 gr\u00e2ce \u00e0 ces rails de fixation pour \u00e9cran LCD \u00e0 gauche et \u00e0 droite. Con\u00e7us pour une compatibilit\u00e9 et une durabilit\u00e9 optimales, ces rails assurent un maintien s\u00fbr de l&rsquo;\u00e9cran de votre ordinateur portable et garantissent des performances durables. Faciles \u00e0 installer et con\u00e7us pour durer, ces rails sont la solution id\u00e9ale pour remplacer les rails us\u00e9s ou endommag\u00e9s. Procurez-vous le v\u00f4tre d\u00e8s aujourd&rsquo;hui et redonnez \u00e0 votre ordinateur portable un \u00e9tat optimal\u00a0!<\/p>\n","protected":false},"featured_media":12284,"template":"","meta":[],"product_brand":[],"product_cat":[52],"product_tag":[64],"class_list":{"0":"post-12228","1":"product","2":"type-product","3":"status-publish","4":"has-post-thumbnail","6":"product_cat-laptop-housing","7":"product_tag-fujitsu","9":"first","10":"instock","11":"taxable","12":"shipping-taxable","13":"purchasable","14":"product-type-simple"},"_links":{"self":[{"href":"https:\/\/boreait.com\/fr\/wp-json\/wp\/v2\/product\/12228","targetHints":{"allow":["GET"]}}],"collection":[{"href":"https:\/\/boreait.com\/fr\/wp-json\/wp\/v2\/product"}],"about":[{"href":"https:\/\/boreait.com\/fr\/wp-json\/wp\/v2\/types\/product"}],"wp:featuredmedia":[{"embeddable":true,"href":"https:\/\/boreait.com\/fr\/wp-json\/wp\/v2\/media\/12284"}],"wp:attachment":[{"href":"https:\/\/boreait.com\/fr\/wp-json\/wp\/v2\/media?parent=12228"}],"wp:term":[{"taxonomy":"product_brand","embeddable":true,"href":"https:\/\/boreait.com\/fr\/wp-json\/wp\/v2\/product_brand?post=12228"},{"taxonomy":"product_cat","embeddable":true,"href":"https:\/\/boreait.com\/fr\/wp-json\/wp\/v2\/product_cat?post=12228"},{"taxonomy":"product_tag","embeddable":true,"href":"https:\/\/boreait.com\/fr\/wp-json\/wp\/v2\/product_tag?post=12228"}],"curies":[{"name":"wp","href":"https:\/\/api.w.org\/{rel}","templated":true}]}}