{"id":12219,"date":"2025-09-15T16:06:45","date_gmt":"2025-09-15T14:06:45","guid":{"rendered":"https:\/\/boreait.com\/fr\/?post_type=product&#038;p=12219"},"modified":"2025-09-15T16:08:42","modified_gmt":"2025-09-15T14:08:42","slug":"charnieres-lcd-fujitsu-siemens-lifebook-e754-gauche-et-droite-support-pour-ecran","status":"publish","type":"product","link":"https:\/\/boreait.com\/fr\/produit\/charnieres-lcd-fujitsu-siemens-lifebook-e754-gauche-et-droite-support-pour-ecran\/","title":{"rendered":"Charni\u00e8res LCD Fujitsu Siemens Lifebook E754 (gauche et droite) &#8211; Support pour \u00e9cran"},"content":{"rendered":"<p>Am\u00e9liorez votre ordinateur portable Fujitsu Siemens Lifebook E754 avec cet ensemble de charni\u00e8res LCD, comprenant des charni\u00e8res gauche et droite pour un support complet de l&rsquo;\u00e9cran. Con\u00e7ues avec pr\u00e9cision et durabilit\u00e9, ces charni\u00e8res garantissent un fonctionnement fluide et vous permettent d&rsquo;ouvrir et de fermer facilement le couvercle de votre ordinateur portable. Fabriqu\u00e9es \u00e0 partir de mat\u00e9riaux de haute qualit\u00e9, elles sont con\u00e7ues pour r\u00e9sister \u00e0 un usage quotidien, offrant des performances et une stabilit\u00e9 durables. Que vous soyez professionnel ou \u00e9tudiant, vous pouvez compter sur ces charni\u00e8res pour maintenir votre \u00e9cran en place pendant que vous travaillez, regardez des vid\u00e9os ou naviguez sur le Web. Con\u00e7ues sp\u00e9cifiquement pour le mod\u00e8le Fujitsu Siemens Lifebook E754, ces charni\u00e8res offrent un ajustement parfait et une installation simple. Remplacez simplement vos anciennes charni\u00e8res par ces nouvelles pour restaurer les fonctionnalit\u00e9s et l&rsquo;apparence de votre ordinateur portable. Investissez dans ces charni\u00e8res LCD d\u00e8s aujourd&rsquo;hui et b\u00e9n\u00e9ficiez d&rsquo;une stabilit\u00e9 et d&rsquo;un support am\u00e9lior\u00e9s pour votre ordinateur portable Fujitsu Siemens Lifebook E754.<\/p>\n","protected":false},"excerpt":{"rendered":"<p>Am\u00e9liorez la stabilit\u00e9 et les fonctionnalit\u00e9s de votre ordinateur portable Fujitsu Siemens Lifebook E754 gr\u00e2ce \u00e0 cet ensemble de charni\u00e8res LCD. Comprenant des charni\u00e8res gauche et droite, ces composants de haute qualit\u00e9 offrent un support fiable \u00e0 votre \u00e9cran, garantissant une ouverture et une fermeture fluides de l&rsquo;\u00e9cran. Faciles \u00e0 installer et con\u00e7us pour durer, ils remplacent parfaitement les charni\u00e8res us\u00e9es ou endommag\u00e9es. Am\u00e9liorez votre ordinateur portable d\u00e8s aujourd&rsquo;hui et profitez d&rsquo;une stabilit\u00e9 et d&rsquo;un support am\u00e9lior\u00e9s pour vos t\u00e2ches quotidiennes\u00a0!<\/p>\n","protected":false},"featured_media":12283,"template":"","meta":[],"product_brand":[],"product_cat":[55],"product_tag":[64],"class_list":{"0":"post-12219","1":"product","2":"type-product","3":"status-publish","4":"has-post-thumbnail","6":"product_cat-screen-hinge","7":"product_tag-fujitsu","9":"first","10":"instock","11":"taxable","12":"shipping-taxable","13":"purchasable","14":"product-type-simple"},"_links":{"self":[{"href":"https:\/\/boreait.com\/fr\/wp-json\/wp\/v2\/product\/12219","targetHints":{"allow":["GET"]}}],"collection":[{"href":"https:\/\/boreait.com\/fr\/wp-json\/wp\/v2\/product"}],"about":[{"href":"https:\/\/boreait.com\/fr\/wp-json\/wp\/v2\/types\/product"}],"wp:featuredmedia":[{"embeddable":true,"href":"https:\/\/boreait.com\/fr\/wp-json\/wp\/v2\/media\/12283"}],"wp:attachment":[{"href":"https:\/\/boreait.com\/fr\/wp-json\/wp\/v2\/media?parent=12219"}],"wp:term":[{"taxonomy":"product_brand","embeddable":true,"href":"https:\/\/boreait.com\/fr\/wp-json\/wp\/v2\/product_brand?post=12219"},{"taxonomy":"product_cat","embeddable":true,"href":"https:\/\/boreait.com\/fr\/wp-json\/wp\/v2\/product_cat?post=12219"},{"taxonomy":"product_tag","embeddable":true,"href":"https:\/\/boreait.com\/fr\/wp-json\/wp\/v2\/product_tag?post=12219"}],"curies":[{"name":"wp","href":"https:\/\/api.w.org\/{rel}","templated":true}]}}