{"id":12207,"date":"2025-09-15T16:06:17","date_gmt":"2025-09-15T14:06:17","guid":{"rendered":"https:\/\/boreait.com\/fr\/?post_type=product&#038;p=12207"},"modified":"2025-09-15T16:08:14","modified_gmt":"2025-09-15T14:08:14","slug":"clavier-dordinateur-portable-dorigine-pour-samsung-cnba5902420zbil998s-cnba5902438g-cnba590-pieces-detachees","status":"publish","type":"product","link":"https:\/\/boreait.com\/fr\/produit\/clavier-dordinateur-portable-dorigine-pour-samsung-cnba5902420zbil998s-cnba5902438g-cnba590-pieces-detachees\/","title":{"rendered":"Clavier d&rsquo;ordinateur portable d&rsquo;origine pour Samsung CNBA5902420ZBIL998S CNBA5902438G CNBA590 | Pi\u00e8ces d\u00e9tach\u00e9es"},"content":{"rendered":"<p>Am\u00e9liorez les fonctionnalit\u00e9s de votre ordinateur portable avec le clavier authentique SAMSUNG CNBA5902420ZBIL998S CNBA5902438G CNBA590. Con\u00e7u avec pr\u00e9cision, ce clavier offre une frappe fluide et r\u00e9active, ce qui en fait le remplacement id\u00e9al pour votre clavier d&rsquo;ordinateur portable us\u00e9 ou endommag\u00e9.<\/p>\n<p><strong>Caract\u00e9ristiques principales\u00a0:<\/strong><\/p>\n<ul>\n<li><strong>Compatibilit\u00e9\u00a0:<\/strong> Con\u00e7u sp\u00e9cifiquement pour les ordinateurs portables SAMSUNG CNBA5902420ZBIL998S CNBA5902438G CNBA590.<\/li>\n<li><strong>Conception de pr\u00e9cision\u00a0:<\/strong> Chaque touche est con\u00e7ue pour une pr\u00e9cision et une long\u00e9vit\u00e9 optimales, garantissant une frappe constante et fiable.<\/li>\n<li><strong>Installation facile\u00a0:<\/strong> Remplacez votre ancien clavier sans effort, sans instructions compliqu\u00e9es. Si vous avez des questions, n&rsquo;h\u00e9sitez pas \u00e0 nous contacter pour obtenir de l&rsquo;aide.<\/li>\n<li><strong>Livraison internationale\u00a0:<\/strong> Nous livrons en Europe et dans le monde entier, vous livrant des pi\u00e8ces d\u00e9tach\u00e9es pour ordinateur portable de qualit\u00e9 \u00e0 domicile.<\/li>\n<\/ul>\n<p>Que vous soyez bricoleur ou professionnel, ce clavier SAMSUNG CNBA590 est le choix id\u00e9al pour quiconque recherche une pi\u00e8ce de rechange fiable et de haute qualit\u00e9 pour ordinateur portable. Am\u00e9liorez votre ordinateur portable d\u00e8s aujourd&rsquo;hui et profitez d&rsquo;une exp\u00e9rience de frappe am\u00e9lior\u00e9e.<\/p>\n","protected":false},"excerpt":{"rendered":"<p>Am\u00e9liorez votre ordinateur portable avec ce clavier d&rsquo;origine SAMSUNG CNBA5902420ZBIL998S CNBA5902438G CNBA590. Con\u00e7u pour la pr\u00e9cision et la durabilit\u00e9, ce clavier d&rsquo;ordinateur portable garantit une exp\u00e9rience de frappe fluide. Commandez d\u00e8s maintenant une pi\u00e8ce de rechange de qualit\u00e9\u00a0!<\/p>\n","protected":false},"featured_media":12272,"template":"","meta":[],"product_brand":[],"product_cat":[71],"product_tag":[84],"class_list":{"0":"post-12207","1":"product","2":"type-product","3":"status-publish","4":"has-post-thumbnail","6":"product_cat-laptop-keyboard","7":"product_tag-samsung","9":"first","10":"instock","11":"taxable","12":"shipping-taxable","13":"purchasable","14":"product-type-simple"},"_links":{"self":[{"href":"https:\/\/boreait.com\/fr\/wp-json\/wp\/v2\/product\/12207","targetHints":{"allow":["GET"]}}],"collection":[{"href":"https:\/\/boreait.com\/fr\/wp-json\/wp\/v2\/product"}],"about":[{"href":"https:\/\/boreait.com\/fr\/wp-json\/wp\/v2\/types\/product"}],"wp:featuredmedia":[{"embeddable":true,"href":"https:\/\/boreait.com\/fr\/wp-json\/wp\/v2\/media\/12272"}],"wp:attachment":[{"href":"https:\/\/boreait.com\/fr\/wp-json\/wp\/v2\/media?parent=12207"}],"wp:term":[{"taxonomy":"product_brand","embeddable":true,"href":"https:\/\/boreait.com\/fr\/wp-json\/wp\/v2\/product_brand?post=12207"},{"taxonomy":"product_cat","embeddable":true,"href":"https:\/\/boreait.com\/fr\/wp-json\/wp\/v2\/product_cat?post=12207"},{"taxonomy":"product_tag","embeddable":true,"href":"https:\/\/boreait.com\/fr\/wp-json\/wp\/v2\/product_tag?post=12207"}],"curies":[{"name":"wp","href":"https:\/\/api.w.org\/{rel}","templated":true}]}}