{"id":12206,"date":"2025-09-15T16:06:17","date_gmt":"2025-09-15T14:06:17","guid":{"rendered":"https:\/\/boreait.com\/fr\/?post_type=product&#038;p=12206"},"modified":"2025-09-15T16:08:08","modified_gmt":"2025-09-15T14:08:08","slug":"carte-onduleur-lcd-4h-v2092-031-pour-samsung-np-r620-js05fr-piece-de-rechange-pour-ecran-dordinateur-portable","status":"publish","type":"product","link":"https:\/\/boreait.com\/fr\/produit\/carte-onduleur-lcd-4h-v2092-031-pour-samsung-np-r620-js05fr-piece-de-rechange-pour-ecran-dordinateur-portable\/","title":{"rendered":"Carte onduleur LCD 4H.V2092.031 pour Samsung NP-R620-JS05FR \u2013 Pi\u00e8ce de rechange pour \u00e9cran d&rsquo;ordinateur portable"},"content":{"rendered":"<p>Remplacez votre carte inverseur LCD d\u00e9fectueuse ou endommag\u00e9e par cette pi\u00e8ce de rechange de haute qualit\u00e9, 4H.V2092.031, pour Samsung NP-R620-JS05FR. Con\u00e7ue pour restaurer le bon fonctionnement de l&rsquo;\u00e9cran de votre ordinateur portable, cette carte inverseur garantit une luminosit\u00e9 et une clart\u00e9 optimales pour une exp\u00e9rience visuelle optimale. Con\u00e7ue avec pr\u00e9cision et durabilit\u00e9, elle est con\u00e7ue pour durer et offre des performances fiables pour une utilisation \u00e0 long terme. Compatible avec de nombreux mod\u00e8les d&rsquo;ordinateurs portables, cette carte inverseur est facile \u00e0 installer et vous permet de remplacer rapidement et facilement votre ancienne carte ou votre carte d\u00e9fectueuse. Investissez dans cette carte inverseur LCD d\u00e8s aujourd&rsquo;hui et profitez \u00e0 nouveau d&rsquo;images nettes et pr\u00e9cises sur l&rsquo;\u00e9cran de votre ordinateur portable.<\/p>\n","protected":false},"excerpt":{"rendered":"<p>Restaurez le bon fonctionnement de l&rsquo;\u00e9cran de votre ordinateur portable gr\u00e2ce \u00e0 cette carte inverseur LCD de remplacement (4H.V2092.031) pour Samsung NP-R620-JS05FR. Con\u00e7ue avec pr\u00e9cision et durabilit\u00e9, cette carte assure une luminosit\u00e9 et une clart\u00e9 optimales pour une exp\u00e9rience visuelle optimale. Facile \u00e0 installer et compatible avec de nombreux mod\u00e8les d&rsquo;ordinateurs portables, cette carte inverseur est la solution id\u00e9ale pour r\u00e9parer les \u00e9crans d\u00e9fectueux ou endommag\u00e9s.<\/p>\n","protected":false},"featured_media":12270,"template":"","meta":[],"product_brand":[],"product_cat":[63],"product_tag":[84],"class_list":{"0":"post-12206","1":"product","2":"type-product","3":"status-publish","4":"has-post-thumbnail","6":"product_cat-motherboards-board-parts","7":"product_tag-samsung","9":"first","10":"instock","11":"taxable","12":"shipping-taxable","13":"purchasable","14":"product-type-simple"},"_links":{"self":[{"href":"https:\/\/boreait.com\/fr\/wp-json\/wp\/v2\/product\/12206","targetHints":{"allow":["GET"]}}],"collection":[{"href":"https:\/\/boreait.com\/fr\/wp-json\/wp\/v2\/product"}],"about":[{"href":"https:\/\/boreait.com\/fr\/wp-json\/wp\/v2\/types\/product"}],"wp:featuredmedia":[{"embeddable":true,"href":"https:\/\/boreait.com\/fr\/wp-json\/wp\/v2\/media\/12270"}],"wp:attachment":[{"href":"https:\/\/boreait.com\/fr\/wp-json\/wp\/v2\/media?parent=12206"}],"wp:term":[{"taxonomy":"product_brand","embeddable":true,"href":"https:\/\/boreait.com\/fr\/wp-json\/wp\/v2\/product_brand?post=12206"},{"taxonomy":"product_cat","embeddable":true,"href":"https:\/\/boreait.com\/fr\/wp-json\/wp\/v2\/product_cat?post=12206"},{"taxonomy":"product_tag","embeddable":true,"href":"https:\/\/boreait.com\/fr\/wp-json\/wp\/v2\/product_tag?post=12206"}],"curies":[{"name":"wp","href":"https:\/\/api.w.org\/{rel}","templated":true}]}}