{"id":12197,"date":"2025-09-15T16:05:47","date_gmt":"2025-09-15T14:05:47","guid":{"rendered":"https:\/\/boreait.com\/fr\/?post_type=product&#038;p=12197"},"modified":"2025-09-15T16:07:56","modified_gmt":"2025-09-15T14:07:56","slug":"charnieres-lcd-pour-ecran-video-samsung-np-r60s-r60plus","status":"publish","type":"product","link":"https:\/\/boreait.com\/fr\/produit\/charnieres-lcd-pour-ecran-video-samsung-np-r60s-r60plus\/","title":{"rendered":"Charni\u00e8res LCD pour \u00e9cran vid\u00e9o Samsung NP-R60S &#8211; R60plus"},"content":{"rendered":"<p>Am\u00e9liorez la stabilit\u00e9 et les fonctionnalit\u00e9s de votre ordinateur portable Samsung NP-R60S ou R60plus gr\u00e2ce \u00e0 ces charni\u00e8res LCD con\u00e7ues pour les \u00e9crans. Elles garantissent un fonctionnement fluide et facilitent l&rsquo;ouverture et la fermeture du couvercle de votre ordinateur portable. Fabriqu\u00e9es \u00e0 partir de mat\u00e9riaux haut de gamme, elles offrent durabilit\u00e9 et performances durables. Compatibles avec les mod\u00e8les Samsung NP-R60S et R60plus, ces charni\u00e8res garantissent un ajustement parfait et une installation simple. Remplacez vos anciennes charni\u00e8res sans effort pour restaurer les fonctionnalit\u00e9s et l&rsquo;apparence de votre ordinateur portable. Investissez dans ces charni\u00e8res LCD d\u00e8s aujourd&rsquo;hui et profitez d&rsquo;une stabilit\u00e9, de fonctionnalit\u00e9s et d&rsquo;une esth\u00e9tique am\u00e9lior\u00e9es pour votre ordinateur portable Samsung.<\/p>\n","protected":false},"excerpt":{"rendered":"<p>Optimisez votre ordinateur portable Samsung NP-R60S ou R60plus avec ces charni\u00e8res LCD con\u00e7ues pour supporter un \u00e9cran. Assurez une ouverture et une fermeture fluides de votre \u00e9cran gr\u00e2ce \u00e0 ces charni\u00e8res durables, alliant fonctionnalit\u00e9 et esth\u00e9tique. Faciles \u00e0 installer et compatibles avec certains mod\u00e8les Samsung, ces charni\u00e8res constituent la solution de remplacement id\u00e9ale. Am\u00e9liorez les performances de votre ordinateur portable d\u00e8s aujourd&rsquo;hui\u00a0!<\/p>\n","protected":false},"featured_media":12258,"template":"","meta":[],"product_brand":[],"product_cat":[55],"product_tag":[84],"class_list":{"0":"post-12197","1":"product","2":"type-product","3":"status-publish","4":"has-post-thumbnail","6":"product_cat-screen-hinge","7":"product_tag-samsung","9":"first","10":"instock","11":"taxable","12":"shipping-taxable","13":"purchasable","14":"product-type-simple"},"_links":{"self":[{"href":"https:\/\/boreait.com\/fr\/wp-json\/wp\/v2\/product\/12197","targetHints":{"allow":["GET"]}}],"collection":[{"href":"https:\/\/boreait.com\/fr\/wp-json\/wp\/v2\/product"}],"about":[{"href":"https:\/\/boreait.com\/fr\/wp-json\/wp\/v2\/types\/product"}],"wp:featuredmedia":[{"embeddable":true,"href":"https:\/\/boreait.com\/fr\/wp-json\/wp\/v2\/media\/12258"}],"wp:attachment":[{"href":"https:\/\/boreait.com\/fr\/wp-json\/wp\/v2\/media?parent=12197"}],"wp:term":[{"taxonomy":"product_brand","embeddable":true,"href":"https:\/\/boreait.com\/fr\/wp-json\/wp\/v2\/product_brand?post=12197"},{"taxonomy":"product_cat","embeddable":true,"href":"https:\/\/boreait.com\/fr\/wp-json\/wp\/v2\/product_cat?post=12197"},{"taxonomy":"product_tag","embeddable":true,"href":"https:\/\/boreait.com\/fr\/wp-json\/wp\/v2\/product_tag?post=12197"}],"curies":[{"name":"wp","href":"https:\/\/api.w.org\/{rel}","templated":true}]}}