{"id":12193,"date":"2025-09-15T16:05:46","date_gmt":"2025-09-15T14:05:46","guid":{"rendered":"https:\/\/boreait.com\/fr\/?post_type=product&#038;p=12193"},"modified":"2025-09-15T16:07:49","modified_gmt":"2025-09-15T14:07:49","slug":"enceinte-portable-dorigine-samsung-r60-ba96-03296a-piece-de-rechange-dorigine","status":"publish","type":"product","link":"https:\/\/boreait.com\/fr\/produit\/enceinte-portable-dorigine-samsung-r60-ba96-03296a-piece-de-rechange-dorigine\/","title":{"rendered":"Enceinte portable d&rsquo;origine Samsung R60 BA96-03296A &#8211; Pi\u00e8ce de rechange d&rsquo;origine"},"content":{"rendered":"<p>Am\u00e9liorez ou remplacez le haut-parleur portable de votre ordinateur portable Samsung R60 par ce haut-parleur d&rsquo;origine BA96-03296A. Con\u00e7u et fabriqu\u00e9 par Samsung, ce haut-parleur d&rsquo;origine assure une compatibilit\u00e9 et des performances optimales avec votre appareil. Profitez d&rsquo;un son clair et net pour votre musique, vos vid\u00e9os et vos contenus multim\u00e9dias. Facile \u00e0 installer et ne n\u00e9cessitant aucune expertise technique, cette pi\u00e8ce de rechange d&rsquo;origine restaure la qualit\u00e9 sonore d&rsquo;origine de votre ordinateur portable. Investissez d\u00e8s aujourd&rsquo;hui dans l&rsquo;authenticit\u00e9 et la fiabilit\u00e9 des pi\u00e8ces Samsung pour votre ordinateur portable R60\u00a0!<\/p>\n","protected":false},"excerpt":{"rendered":"<p>Remplacez ou am\u00e9liorez le haut-parleur portable de votre ordinateur portable Samsung R60 par ce haut-parleur BA96-03296A d&rsquo;origine. Profitez d&rsquo;un son clair et net pour votre musique, vos vid\u00e9os et vos contenus multim\u00e9dias. Facile \u00e0 installer et ne n\u00e9cessitant aucune expertise technique, cette pi\u00e8ce de rechange d&rsquo;origine restaure la qualit\u00e9 sonore d&rsquo;origine de votre ordinateur portable.<\/p>\n","protected":false},"featured_media":12255,"template":"","meta":[],"product_brand":[],"product_cat":[54],"product_tag":[84],"class_list":{"0":"post-12193","1":"product","2":"type-product","3":"status-publish","4":"has-post-thumbnail","6":"product_cat-laptop-speakers","7":"product_tag-samsung","9":"first","10":"instock","11":"taxable","12":"shipping-taxable","13":"purchasable","14":"product-type-simple"},"_links":{"self":[{"href":"https:\/\/boreait.com\/fr\/wp-json\/wp\/v2\/product\/12193","targetHints":{"allow":["GET"]}}],"collection":[{"href":"https:\/\/boreait.com\/fr\/wp-json\/wp\/v2\/product"}],"about":[{"href":"https:\/\/boreait.com\/fr\/wp-json\/wp\/v2\/types\/product"}],"wp:featuredmedia":[{"embeddable":true,"href":"https:\/\/boreait.com\/fr\/wp-json\/wp\/v2\/media\/12255"}],"wp:attachment":[{"href":"https:\/\/boreait.com\/fr\/wp-json\/wp\/v2\/media?parent=12193"}],"wp:term":[{"taxonomy":"product_brand","embeddable":true,"href":"https:\/\/boreait.com\/fr\/wp-json\/wp\/v2\/product_brand?post=12193"},{"taxonomy":"product_cat","embeddable":true,"href":"https:\/\/boreait.com\/fr\/wp-json\/wp\/v2\/product_cat?post=12193"},{"taxonomy":"product_tag","embeddable":true,"href":"https:\/\/boreait.com\/fr\/wp-json\/wp\/v2\/product_tag?post=12193"}],"curies":[{"name":"wp","href":"https:\/\/api.w.org\/{rel}","templated":true}]}}