{"id":12118,"date":"2025-09-15T16:01:53","date_gmt":"2025-09-15T14:01:53","guid":{"rendered":"https:\/\/boreait.com\/fr\/?post_type=product&#038;p=12118"},"modified":"2025-09-15T16:05:15","modified_gmt":"2025-09-15T14:05:15","slug":"carte-modem-mini-pci-agere-delphi-d40-am3-56k-dk01-52-pieces-dorigine-pour-ordinateur-portable","status":"publish","type":"product","link":"https:\/\/boreait.com\/fr\/produit\/carte-modem-mini-pci-agere-delphi-d40-am3-56k-dk01-52-pieces-dorigine-pour-ordinateur-portable\/","title":{"rendered":"Carte modem mini PCI Agere Delphi D40 AM3 56k DK01-52, pi\u00e8ces d&rsquo;origine pour ordinateur portable"},"content":{"rendered":"<p>Am\u00e9liorez les capacit\u00e9s de communication de votre ordinateur portable avec la carte modem mini PCI 56k Agere Delphi D40 AM3 DK01-52. Con\u00e7ue pour une int\u00e9gration fluide, cette pi\u00e8ce d&rsquo;origine pour ordinateur portable garantit une connexion modem 56k fiable. C\u00e2ble inclus\u00a0!<\/p>\n<p><strong>Caract\u00e9ristiques principales\u00a0:<\/strong><\/p>\n<ul>\n<li><strong>Mod\u00e8le\u00a0:<\/strong> Agere Delphi D40 AM3<\/li>\n<li><strong>Compatibilit\u00e9\u00a0:<\/strong> Emplacement Mini PCI<\/li>\n<li><strong>Vitesse\u00a0:<\/strong> Modem 56k<\/li>\n<li><strong>\u00c9tat\u00a0:<\/strong> Authentique et test\u00e9<\/li>\n<li><strong>Plug-and-Play\u00a0:<\/strong> Installation facile<\/li>\n<\/ul>\n<p>Am\u00e9liorez la connectivit\u00e9 de votre ordinateur portable en toute simplicit\u00e9. Que vous soyez un professionnel en d\u00e9placement ou un \u00e9tudiant en cours de travaux, cette carte modem vous garantit une connexion stable et rapide. L&rsquo;Agere Delphi D40 AM3 est une marque de confiance du secteur, et cette carte d&rsquo;origine t\u00e9moigne de sa qualit\u00e9.<\/p>\n<p><strong>Remarque\u00a0:<\/strong> Nous ne fournissons pas d&rsquo;instructions de remplacement sp\u00e9cifiques, mais si vous avez besoin d&rsquo;aide, n&rsquo;h\u00e9sitez pas \u00e0 nous contacter. Les photos pr\u00e9sent\u00e9es dans l&rsquo;annonce sont r\u00e9elles et pr\u00e9sentent la carte modem exacte que vous recevrez. Achetez en toute confiance et am\u00e9liorez les performances de votre ordinateur portable gr\u00e2ce \u00e0 cette carte modem mini PCI 56\u00a0k Agere Delphi D40 AM3 DK01-52.<\/p>\n<p><strong>D\u00e9couvrez notre gamme de pi\u00e8ces d\u00e9tach\u00e9es d&rsquo;origine pour ordinateur portable chez Siggmo. Nous livrons en Europe et dans le monde entier. Am\u00e9liorez votre ordinateur portable d\u00e8s aujourd&rsquo;hui\u00a0!<\/strong><\/p>\n","protected":false},"excerpt":{"rendered":"<p>Am\u00e9liorez la connectivit\u00e9 de votre ordinateur portable avec la carte modem mini PCI 56k Agere Delphi D40 AM3 DK01-52. Cette pi\u00e8ce d&rsquo;origine pour ordinateur portable garantit une connexion modem 56k fiable et rapide. Mettez \u00e0 niveau votre ordinateur en toute confiance et restez connect\u00e9 o\u00f9 que vous soyez.<\/p>\n","protected":false},"featured_media":12178,"template":"","meta":[],"product_brand":[],"product_cat":[63],"product_tag":[],"class_list":{"0":"post-12118","1":"product","2":"type-product","3":"status-publish","4":"has-post-thumbnail","6":"product_cat-motherboards-board-parts","8":"first","9":"instock","10":"taxable","11":"shipping-taxable","12":"purchasable","13":"product-type-simple"},"_links":{"self":[{"href":"https:\/\/boreait.com\/fr\/wp-json\/wp\/v2\/product\/12118","targetHints":{"allow":["GET"]}}],"collection":[{"href":"https:\/\/boreait.com\/fr\/wp-json\/wp\/v2\/product"}],"about":[{"href":"https:\/\/boreait.com\/fr\/wp-json\/wp\/v2\/types\/product"}],"wp:featuredmedia":[{"embeddable":true,"href":"https:\/\/boreait.com\/fr\/wp-json\/wp\/v2\/media\/12178"}],"wp:attachment":[{"href":"https:\/\/boreait.com\/fr\/wp-json\/wp\/v2\/media?parent=12118"}],"wp:term":[{"taxonomy":"product_brand","embeddable":true,"href":"https:\/\/boreait.com\/fr\/wp-json\/wp\/v2\/product_brand?post=12118"},{"taxonomy":"product_cat","embeddable":true,"href":"https:\/\/boreait.com\/fr\/wp-json\/wp\/v2\/product_cat?post=12118"},{"taxonomy":"product_tag","embeddable":true,"href":"https:\/\/boreait.com\/fr\/wp-json\/wp\/v2\/product_tag?post=12118"}],"curies":[{"name":"wp","href":"https:\/\/api.w.org\/{rel}","templated":true}]}}