{"id":12104,"date":"2025-09-15T16:00:54","date_gmt":"2025-09-15T14:00:54","guid":{"rendered":"https:\/\/boreait.com\/fr\/?post_type=product&#038;p=12104"},"modified":"2025-09-15T16:04:44","modified_gmt":"2025-09-15T14:04:44","slug":"carte-de-commutation-hp-compaq-serie-8710p-ls-3331p-dorigine-pieces-detachees-pour-ordinateurs-portables-dans-le-monde-entier","status":"publish","type":"product","link":"https:\/\/boreait.com\/fr\/produit\/carte-de-commutation-hp-compaq-serie-8710p-ls-3331p-dorigine-pieces-detachees-pour-ordinateurs-portables-dans-le-monde-entier\/","title":{"rendered":"Carte de commutation HP Compaq s\u00e9rie 8710p LS-3331P d&rsquo;origine &#8211; Pi\u00e8ces d\u00e9tach\u00e9es pour ordinateurs portables dans le monde entier"},"content":{"rendered":"<p>Am\u00e9liorez votre ordinateur portable HP Compaq s\u00e9rie 8710p avec notre authentique carte de commutation LS-3331P. Cette pi\u00e8ce de haute qualit\u00e9 garantit des performances et une fiabilit\u00e9 optimales. Que vous souhaitiez remplacer une carte de commutation d\u00e9fectueuse ou am\u00e9liorer les performances de votre ordinateur portable, notre LS-3331P est le choix id\u00e9al. <\/p>\n<p><strong>Caract\u00e9ristiques principales\u00a0:<\/strong><\/p>\n<ul>\n<li><strong>Composant HP d&rsquo;origine\u00a0:<\/strong> Cette carte de commutation est un produit HP authentique, garantissant la compatibilit\u00e9 et des performances optimales avec votre ordinateur portable HP Compaq 8710p.<\/li>\n<li><strong>Optimisation des fonctionnalit\u00e9s de votre ordinateur portable\u00a0:<\/strong> La carte de commutation LS-3331P est con\u00e7ue pour am\u00e9liorer et maintenir les fonctionnalit\u00e9s de votre ordinateur portable, offrant une exp\u00e9rience informatique fluide.<\/li>\n<li><strong>Livraison internationale\u00a0:<\/strong> Nous proposons la livraison internationale. O\u00f9 que vous soyez, vous pouvez donc b\u00e9n\u00e9ficier de nos pi\u00e8ces d\u00e9tach\u00e9es pour ordinateur portable de haute qualit\u00e9.<\/li>\n<\/ul>\n<p><strong>Compatibilit\u00e9\u00a0:<\/strong><\/p>\n<ul>\n<li>Con\u00e7u sp\u00e9cifiquement pour les ordinateurs portables HP Compaq s\u00e9rie 8710p, garantissant un ajustement parfait.<\/li>\n<\/ul>\n<p><strong>Remarque\u00a0:<\/strong> Nous ne fournissons pas d&rsquo;instructions d&rsquo;installation, mais n&rsquo;h\u00e9sitez pas \u00e0 nous contacter. N&rsquo;h\u00e9sitez pas \u00e0 nous contacter pour toute question. Les photos de la carte de commutation affich\u00e9es dans l&rsquo;annonce correspondent exactement aux pi\u00e8ces que vous recevrez.<\/p>\n<p>Am\u00e9liorez votre ordinateur portable HP Compaq 8710p d\u00e8s aujourd&rsquo;hui avec la carte de commutation LS-3331P. Commandez d\u00e8s maintenant pour une exp\u00e9rience informatique fiable et performante. Pour toute question ou assistance, n&rsquo;h\u00e9sitez pas \u00e0 nous contacter.<\/p>\n","protected":false},"excerpt":{"rendered":"<p>Optimisez votre ordinateur portable HP Compaq 8710p avec notre carte de commutation LS-3331P d&rsquo;origine. Compatibilit\u00e9 et performances garanties. Livraison internationale disponible.<\/p>\n","protected":false},"featured_media":12163,"template":"","meta":[],"product_brand":[],"product_cat":[63],"product_tag":[61],"class_list":{"0":"post-12104","1":"product","2":"type-product","3":"status-publish","4":"has-post-thumbnail","6":"product_cat-motherboards-board-parts","7":"product_tag-hp","9":"first","10":"instock","11":"taxable","12":"shipping-taxable","13":"purchasable","14":"product-type-simple"},"_links":{"self":[{"href":"https:\/\/boreait.com\/fr\/wp-json\/wp\/v2\/product\/12104","targetHints":{"allow":["GET"]}}],"collection":[{"href":"https:\/\/boreait.com\/fr\/wp-json\/wp\/v2\/product"}],"about":[{"href":"https:\/\/boreait.com\/fr\/wp-json\/wp\/v2\/types\/product"}],"wp:featuredmedia":[{"embeddable":true,"href":"https:\/\/boreait.com\/fr\/wp-json\/wp\/v2\/media\/12163"}],"wp:attachment":[{"href":"https:\/\/boreait.com\/fr\/wp-json\/wp\/v2\/media?parent=12104"}],"wp:term":[{"taxonomy":"product_brand","embeddable":true,"href":"https:\/\/boreait.com\/fr\/wp-json\/wp\/v2\/product_brand?post=12104"},{"taxonomy":"product_cat","embeddable":true,"href":"https:\/\/boreait.com\/fr\/wp-json\/wp\/v2\/product_cat?post=12104"},{"taxonomy":"product_tag","embeddable":true,"href":"https:\/\/boreait.com\/fr\/wp-json\/wp\/v2\/product_tag?post=12104"}],"curies":[{"name":"wp","href":"https:\/\/api.w.org\/{rel}","templated":true}]}}