{"id":12061,"date":"2025-09-15T15:59:07","date_gmt":"2025-09-15T13:59:07","guid":{"rendered":"https:\/\/boreait.com\/fr\/?post_type=product&#038;p=12061"},"modified":"2025-09-15T16:02:12","modified_gmt":"2025-09-15T14:02:12","slug":"ventilateur-et-dissipateur-thermique-dorigine-pour-dell-latitude-e5440-e5540-087xfx-at0wr0020cl-04tdcf-refroidissement-haute-performance","status":"publish","type":"product","link":"https:\/\/boreait.com\/fr\/produit\/ventilateur-et-dissipateur-thermique-dorigine-pour-dell-latitude-e5440-e5540-087xfx-at0wr0020cl-04tdcf-refroidissement-haute-performance\/","title":{"rendered":"Ventilateur et dissipateur thermique d&rsquo;origine pour Dell Latitude E5440\/E5540 087XFX + at0wr0020cl &#8211; 04TDCF &#8211; Refroidissement haute performance"},"content":{"rendered":"<p>Am\u00e9liorez le syst\u00e8me de refroidissement de votre ordinateur portable avec le dissipateur thermique et le ventilateur d&rsquo;origine at0wr0020cl compatibles avec les Dell Latitude E5440 et E5540. Ce dissipateur thermique hautes performances est con\u00e7u pour dissiper efficacement la chaleur, garantissant ainsi le bon fonctionnement de votre ordinateur portable, m\u00eame lors de t\u00e2ches exigeantes. <\/p>\n<p><strong>Caract\u00e9ristiques principales\u00a0:<\/strong><\/p>\n<ul>\n<li><strong>Compatibilit\u00e9\u00a0:<\/strong> Ce ventilateur avec dissipateur thermique est compatible avec les mod\u00e8les Dell Latitude E5440 et E5540, y compris les mod\u00e8les CN-04TDCF-41362-4C3-7130-A00.<\/li>\n<li><strong>Performances\u00a0:<\/strong> B\u00e9n\u00e9ficiez d&rsquo;un refroidissement efficace pour \u00e9viter la surchauffe et maintenir des performances optimales.<\/li>\n<li><strong>Produit authentique\u00a0:<\/strong> Notre dissipateur thermique at0wr0020cl est une pi\u00e8ce de rechange authentique et fiable pour le refroidissement de votre ordinateur portable.<\/li>\n<li><strong>Livraison internationale\u00a0:<\/strong> Nous proposons la livraison internationale. Ainsi, o\u00f9 que vous soyez, vous b\u00e9n\u00e9ficiez d&rsquo;un refroidissement am\u00e9lior\u00e9.<\/li>\n<\/ul>\n<p>Am\u00e9liorez le syst\u00e8me de refroidissement de votre ordinateur portable d\u00e8s aujourd&rsquo;hui et constatez la diff\u00e9rence de performances. Veuillez noter que nous ne fournissons pas d&rsquo;instructions pour le remplacement des pi\u00e8ces. N&rsquo;h\u00e9sitez pas \u00e0 nous contacter si vous avez des questions ou besoin d&rsquo;aide. Les images des produits sont authentiques et pr\u00e9sentent les pi\u00e8ces que vous recevrez.<\/p>\n<p>Achetez en toute confiance avec nos pi\u00e8ces d&rsquo;origine pour ordinateur portable chez siggmo. Pour toute question ou assistance, n&rsquo;h\u00e9sitez pas \u00e0 nous contacter. Votre satisfaction est notre priorit\u00e9.<\/p>\n","protected":false},"excerpt":{"rendered":"<p>Ventilateur et dissipateur thermique d&rsquo;origine pour Dell Latitude E5440\/E5540 087XFX + at0wr0020cl &#8211; 04TDCF &#8211; Refroidissement haute performance<\/p>\n","protected":false},"featured_media":12122,"template":"","meta":[],"product_brand":[],"product_cat":[69],"product_tag":[53],"class_list":{"0":"post-12061","1":"product","2":"type-product","3":"status-publish","4":"has-post-thumbnail","6":"product_cat-cpu-fans-heatsinks","7":"product_tag-dell","9":"first","10":"instock","11":"taxable","12":"shipping-taxable","13":"purchasable","14":"product-type-simple"},"_links":{"self":[{"href":"https:\/\/boreait.com\/fr\/wp-json\/wp\/v2\/product\/12061","targetHints":{"allow":["GET"]}}],"collection":[{"href":"https:\/\/boreait.com\/fr\/wp-json\/wp\/v2\/product"}],"about":[{"href":"https:\/\/boreait.com\/fr\/wp-json\/wp\/v2\/types\/product"}],"wp:featuredmedia":[{"embeddable":true,"href":"https:\/\/boreait.com\/fr\/wp-json\/wp\/v2\/media\/12122"}],"wp:attachment":[{"href":"https:\/\/boreait.com\/fr\/wp-json\/wp\/v2\/media?parent=12061"}],"wp:term":[{"taxonomy":"product_brand","embeddable":true,"href":"https:\/\/boreait.com\/fr\/wp-json\/wp\/v2\/product_brand?post=12061"},{"taxonomy":"product_cat","embeddable":true,"href":"https:\/\/boreait.com\/fr\/wp-json\/wp\/v2\/product_cat?post=12061"},{"taxonomy":"product_tag","embeddable":true,"href":"https:\/\/boreait.com\/fr\/wp-json\/wp\/v2\/product_tag?post=12061"}],"curies":[{"name":"wp","href":"https:\/\/api.w.org\/{rel}","templated":true}]}}