{"id":11966,"date":"2025-09-15T15:57:06","date_gmt":"2025-09-15T13:57:06","guid":{"rendered":"https:\/\/boreait.com\/fr\/?post_type=product&#038;p=11966"},"modified":"2025-09-15T15:58:16","modified_gmt":"2025-09-15T13:58:16","slug":"carte-de-lecteur-dempreintes-digitales-dorigine-lenovo-thinkpad-x260-x250-x240-0c45851-0c45850","status":"publish","type":"product","link":"https:\/\/boreait.com\/fr\/produit\/carte-de-lecteur-dempreintes-digitales-dorigine-lenovo-thinkpad-x260-x250-x240-0c45851-0c45850\/","title":{"rendered":"Carte de lecteur d&#8217;empreintes digitales d&rsquo;origine Lenovo Thinkpad X260 X250 X240 0C45851 0C45850"},"content":{"rendered":"<p>Am\u00e9liorez la s\u00e9curit\u00e9 de votre Lenovo Thinkpad X260, X250 ou X240 avec la carte de lecteur d&#8217;empreintes digitales d&rsquo;origine (r\u00e9f\u00e9rence\u00a0: 0C45851, 0C45850). Ce composant Lenovo d&rsquo;origine garantit une authentification biom\u00e9trique fiable, ajoutant une couche de protection suppl\u00e9mentaire \u00e0 votre ordinateur portable. <\/p>\n<p><strong>Compatibilit\u00e9\u00a0:<\/strong><\/p>\n<ul>\n<li>Compatible avec les Lenovo Thinkpad X260, X250, X240<\/li>\n<li>R\u00e9f\u00e9rences\u00a0: 0C45851, 0C45850<\/li>\n<\/ul>\n<p><strong>Caract\u00e9ristiques principales\u00a0:<\/strong><\/p>\n<ul>\n<li>Pi\u00e8ce d&rsquo;origine Lenovo pour des performances optimales.<\/li>\n<li>Installation facile, id\u00e9ale pour remplacer les lecteurs d&#8217;empreintes digitales endommag\u00e9s ou hors service.<\/li>\n<li>Am\u00e9liorez la s\u00e9curit\u00e9 et simplifiez l&rsquo;acc\u00e8s \u00e0 votre ordinateur portable.<\/li>\n<li>Livraison internationale disponible.<\/li>\n<\/ul>\n<p><strong>Remarque\u00a0:<\/strong> Nous ne fournissons pas d&rsquo;instructions sp\u00e9cifiques pour le remplacement des pi\u00e8ces, mais si vous avez besoin d&rsquo;aide ou si vous avez des questions, n&rsquo;h\u00e9sitez pas \u00e0 nous contacter. Votre satisfaction est notre priorit\u00e9.<\/p>\n<p><strong>Garantie d&rsquo;authenticit\u00e9<\/strong>\u00a0: Toutes les photos du produit sont r\u00e9elles et pr\u00e9sentent la carte de lecteur d&#8217;empreintes digitales (0C45851, 0C45850) que vous recevrez. Achetez en toute confiance et renforcez la s\u00e9curit\u00e9 de votre Lenovo Thinkpad gr\u00e2ce \u00e0 cette mise \u00e0 niveau authentique.<\/p>\n<p>Am\u00e9liorez votre ordinateur portable d\u00e8s aujourd&rsquo;hui\u00a0: commandez la carte de lecteur d&#8217;empreintes digitales Lenovo Thinkpad d\u00e8s maintenant.<\/p>\n","protected":false},"excerpt":{"rendered":"<p>Am\u00e9liorez votre Lenovo Thinkpad X260, X250 ou X240 avec cette carte de lecteur d&#8217;empreintes digitales d&rsquo;origine (r\u00e9f\u00e9rence\u00a0: 0C45851, 0C45850). S\u00e9curit\u00e9 et praticit\u00e9 garanties gr\u00e2ce \u00e0 ce composant Lenovo d&rsquo;origine. Facile \u00e0 installer, cette carte est id\u00e9ale pour remplacer un lecteur d&#8217;empreintes digitales endommag\u00e9 ou hors service. Commandez d\u00e8s maintenant pour une livraison rapide et internationale.<\/p>\n","protected":false},"featured_media":12020,"template":"","meta":[],"product_brand":[],"product_cat":[63],"product_tag":[62],"class_list":{"0":"post-11966","1":"product","2":"type-product","3":"status-publish","4":"has-post-thumbnail","6":"product_cat-motherboards-board-parts","7":"product_tag-lenovo","9":"first","10":"instock","11":"taxable","12":"shipping-taxable","13":"purchasable","14":"product-type-simple"},"_links":{"self":[{"href":"https:\/\/boreait.com\/fr\/wp-json\/wp\/v2\/product\/11966","targetHints":{"allow":["GET"]}}],"collection":[{"href":"https:\/\/boreait.com\/fr\/wp-json\/wp\/v2\/product"}],"about":[{"href":"https:\/\/boreait.com\/fr\/wp-json\/wp\/v2\/types\/product"}],"wp:featuredmedia":[{"embeddable":true,"href":"https:\/\/boreait.com\/fr\/wp-json\/wp\/v2\/media\/12020"}],"wp:attachment":[{"href":"https:\/\/boreait.com\/fr\/wp-json\/wp\/v2\/media?parent=11966"}],"wp:term":[{"taxonomy":"product_brand","embeddable":true,"href":"https:\/\/boreait.com\/fr\/wp-json\/wp\/v2\/product_brand?post=11966"},{"taxonomy":"product_cat","embeddable":true,"href":"https:\/\/boreait.com\/fr\/wp-json\/wp\/v2\/product_cat?post=11966"},{"taxonomy":"product_tag","embeddable":true,"href":"https:\/\/boreait.com\/fr\/wp-json\/wp\/v2\/product_tag?post=11966"}],"curies":[{"name":"wp","href":"https:\/\/api.w.org\/{rel}","templated":true}]}}