{"id":11913,"date":"2025-09-15T15:55:43","date_gmt":"2025-09-15T13:55:43","guid":{"rendered":"https:\/\/boreait.com\/fr\/?post_type=product&#038;p=11913"},"modified":"2025-09-15T15:57:35","modified_gmt":"2025-09-15T13:57:35","slug":"cable-dorigine-pour-ordinateur-portable-lenovo-thinkpad-x240-x250-x260-x270-01av932-dc02c008v00-sc10k88292","status":"publish","type":"product","link":"https:\/\/boreait.com\/fr\/produit\/cable-dorigine-pour-ordinateur-portable-lenovo-thinkpad-x240-x250-x260-x270-01av932-dc02c008v00-sc10k88292\/","title":{"rendered":"C\u00e2ble d&rsquo;origine pour ordinateur portable Lenovo ThinkPad X240 X250 X260 X270 01AV932 DC02C008V00 SC10K88292"},"content":{"rendered":"<p>Am\u00e9liorez les performances de votre ordinateur portable Lenovo Thinkpad X240, X250, X260 ou X270 avec le c\u00e2ble Lenovo d&rsquo;origine 01AV932 DC02C008V00 SC10K88292. Con\u00e7u pour r\u00e9pondre aux normes de qualit\u00e9 rigoureuses de Lenovo, ce c\u00e2ble est id\u00e9al pour remplacer ou am\u00e9liorer votre ordinateur actuel.<\/p>\n<p>Con\u00e7u pour \u00eatre compatible avec les mod\u00e8les d&rsquo;ordinateurs portables sp\u00e9cifi\u00e9s, ce c\u00e2ble assure une connexion s\u00fbre et efficace, facilitant ainsi le bon fonctionnement de votre ordinateur. Que vous remplaciez un c\u00e2ble us\u00e9 ou que vous recherchiez une mise \u00e0 niveau pour de meilleures performances, faites confiance \u00e0 l&rsquo;authenticit\u00e9 et \u00e0 la qualit\u00e9 des pi\u00e8ces d\u00e9tach\u00e9es Lenovo d&rsquo;origine.<\/p>\n<p>Chez Siggmo, l&rsquo;authenticit\u00e9 est notre priorit\u00e9, et nos photos r\u00e9elles illustrent parfaitement ce que vous recevrez. Pas de surprises, juste la qualit\u00e9 Lenovo authentique. Veuillez noter que, m\u00eame si nous ne fournissons pas d&rsquo;instructions de remplacement sp\u00e9cifiques, notre \u00e9quipe est \u00e0 votre disposition pour r\u00e9pondre \u00e0 toutes vos questions ou pr\u00e9occupations.<br \/>\nInvestissez dans la fiabilit\u00e9 de pi\u00e8ces d\u00e9tach\u00e9es d&rsquo;origine pour ordinateur portable et profitez d&rsquo;une exp\u00e9rience informatique optimale. Commandez d\u00e8s maintenant votre c\u00e2ble Lenovo Thinkpad X240 X250 X260 X270 (01AV932 DC02C008V00 SC10K88292) et profitez de la confiance que vous procurent les pi\u00e8ces d&rsquo;origine. Am\u00e9liorez votre ordinateur portable avec Siggmo d\u00e8s aujourd&rsquo;hui\u00a0!<\/p>\n","protected":false},"excerpt":{"rendered":"<p>Am\u00e9liorez ou remplacez le c\u00e2ble de votre ordinateur portable avec ce c\u00e2ble d&rsquo;origine Lenovo Thinkpad X240, X250, X260, X270. Con\u00e7u pour une compatibilit\u00e9 et des performances optimales, ce c\u00e2ble (01AV932 DC02C008V00 SC10K88292) assure une connexion fluide \u00e0 votre ordinateur portable. Faites confiance \u00e0 la fiabilit\u00e9 des pi\u00e8ces Lenovo d&rsquo;origine pour une exp\u00e9rience utilisateur fluide et efficace.<\/p>\n","protected":false},"featured_media":11986,"template":"","meta":[],"product_brand":[],"product_cat":[56],"product_tag":[62],"class_list":{"0":"post-11913","1":"product","2":"type-product","3":"status-publish","4":"has-post-thumbnail","6":"product_cat-cables","7":"product_tag-lenovo","9":"first","10":"instock","11":"taxable","12":"shipping-taxable","13":"purchasable","14":"product-type-simple"},"_links":{"self":[{"href":"https:\/\/boreait.com\/fr\/wp-json\/wp\/v2\/product\/11913","targetHints":{"allow":["GET"]}}],"collection":[{"href":"https:\/\/boreait.com\/fr\/wp-json\/wp\/v2\/product"}],"about":[{"href":"https:\/\/boreait.com\/fr\/wp-json\/wp\/v2\/types\/product"}],"wp:featuredmedia":[{"embeddable":true,"href":"https:\/\/boreait.com\/fr\/wp-json\/wp\/v2\/media\/11986"}],"wp:attachment":[{"href":"https:\/\/boreait.com\/fr\/wp-json\/wp\/v2\/media?parent=11913"}],"wp:term":[{"taxonomy":"product_brand","embeddable":true,"href":"https:\/\/boreait.com\/fr\/wp-json\/wp\/v2\/product_brand?post=11913"},{"taxonomy":"product_cat","embeddable":true,"href":"https:\/\/boreait.com\/fr\/wp-json\/wp\/v2\/product_cat?post=11913"},{"taxonomy":"product_tag","embeddable":true,"href":"https:\/\/boreait.com\/fr\/wp-json\/wp\/v2\/product_tag?post=11913"}],"curies":[{"name":"wp","href":"https:\/\/api.w.org\/{rel}","templated":true}]}}