{"id":11891,"date":"2025-09-15T15:55:19","date_gmt":"2025-09-15T13:55:19","guid":{"rendered":"https:\/\/boreait.com\/fr\/?post_type=product&#038;p=11891"},"modified":"2025-09-15T15:56:53","modified_gmt":"2025-09-15T13:56:53","slug":"lot-de-3-disques-durs-seagate-250-go-sata-iii-35","status":"publish","type":"product","link":"https:\/\/boreait.com\/fr\/produit\/lot-de-3-disques-durs-seagate-250-go-sata-iii-35\/","title":{"rendered":"Lot de 3 disques durs Seagate 250 Go SATA III 3,5&Prime;"},"content":{"rendered":"<p><strong>Disque dur Sentinel 100 % fonctionnel<\/strong><\/p>\n<p>Am\u00e9liorez la capacit\u00e9 de stockage de votre ordinateur avec l&rsquo;authentique disque dur Seagate 250 Go SATA III 3,5&Prime;<\/p>\n<p><strong>Caract\u00e9ristiques principales\u00a0:<\/strong><\/p>\n<ul>\n<li><strong>Capacit\u00e9\u00a0:<\/strong> 250 Go<\/li>\n<li><strong>Interface\u00a0:<\/strong> SATA III<\/li>\n<li><strong>Format\u00a0:<\/strong> 3,5 pouces<\/li>\n<\/ul>\n<p><strong>Exp\u00e9dition rapide et s\u00e9curis\u00e9e\u00a0:<\/strong> Nous comprenons l&rsquo;urgence de remettre votre ordinateur portable en \u00e9tat de marche. B\u00e9n\u00e9ficiez de nos options d&rsquo;exp\u00e9dition rapides et s\u00e9curis\u00e9es en Europe et dans le monde entier.<\/p>\n","protected":false},"excerpt":{"rendered":"<p>Am\u00e9liorez la capacit\u00e9 de stockage de votre ordinateur portable avec le v\u00e9ritable disque dur Seagate 250 Go SATA III 3,5&Prime;. Livraison rapide et s\u00e9curis\u00e9e disponible.<\/p>\n","protected":false},"featured_media":11955,"template":"","meta":[],"product_brand":[],"product_cat":[89,67],"product_tag":[],"class_list":{"0":"post-11891","1":"product","2":"type-product","3":"status-publish","4":"has-post-thumbnail","6":"product_cat-3-5-hdd","7":"product_cat-ssd-hdd-drives","9":"first","10":"instock","11":"taxable","12":"shipping-taxable","13":"purchasable","14":"product-type-simple"},"_links":{"self":[{"href":"https:\/\/boreait.com\/fr\/wp-json\/wp\/v2\/product\/11891","targetHints":{"allow":["GET"]}}],"collection":[{"href":"https:\/\/boreait.com\/fr\/wp-json\/wp\/v2\/product"}],"about":[{"href":"https:\/\/boreait.com\/fr\/wp-json\/wp\/v2\/types\/product"}],"wp:featuredmedia":[{"embeddable":true,"href":"https:\/\/boreait.com\/fr\/wp-json\/wp\/v2\/media\/11955"}],"wp:attachment":[{"href":"https:\/\/boreait.com\/fr\/wp-json\/wp\/v2\/media?parent=11891"}],"wp:term":[{"taxonomy":"product_brand","embeddable":true,"href":"https:\/\/boreait.com\/fr\/wp-json\/wp\/v2\/product_brand?post=11891"},{"taxonomy":"product_cat","embeddable":true,"href":"https:\/\/boreait.com\/fr\/wp-json\/wp\/v2\/product_cat?post=11891"},{"taxonomy":"product_tag","embeddable":true,"href":"https:\/\/boreait.com\/fr\/wp-json\/wp\/v2\/product_tag?post=11891"}],"curies":[{"name":"wp","href":"https:\/\/api.w.org\/{rel}","templated":true}]}}