{"id":11860,"date":"2025-09-15T15:54:28","date_gmt":"2025-09-15T13:54:28","guid":{"rendered":"https:\/\/boreait.com\/fr\/?post_type=product&#038;p=11860"},"modified":"2025-09-15T15:55:54","modified_gmt":"2025-09-15T13:55:54","slug":"cadre-dorigine-lenovo-pour-thinkpad-t40s-20hf-005mus-cf93-sm10m83867-ap134000600-pieces-detachees-pour-ordinateur-portable","status":"publish","type":"product","link":"https:\/\/boreait.com\/fr\/produit\/cadre-dorigine-lenovo-pour-thinkpad-t40s-20hf-005mus-cf93-sm10m83867-ap134000600-pieces-detachees-pour-ordinateur-portable\/","title":{"rendered":"Cadre d&rsquo;origine Lenovo pour ThinkPad T40S 20HF-005MUS (CF93) &#8211; SM10M83867 AP134000600 Pi\u00e8ces d\u00e9tach\u00e9es pour ordinateur portable"},"content":{"rendered":"<p>Modernisez et revitalisez votre ThinkPad T40S 20HF-005MUS (CF93) avec le cadre OEM LENOVO SM10M83867 AP134000600. Cette pi\u00e8ce d&rsquo;origine pour ordinateur portable Lenovo est con\u00e7ue pour un ajustement pr\u00e9cis, pr\u00e9servant ainsi l&rsquo;esth\u00e9tique \u00e9l\u00e9gante de votre appareil. <\/p>\n<p><strong>Compatibilit\u00e9\u00a0:<\/strong><\/p>\n<ul>\n<li>Compatible avec le ThinkPad T40S 20HF-005MUS (CF93)<\/li>\n<\/ul>\n<p><strong>Caract\u00e9ristiques\u00a0:<\/strong><\/p>\n<ul>\n<li>Pi\u00e8ce d&rsquo;origine pour ordinateur portable Lenovo garantissant compatibilit\u00e9 et fiabilit\u00e9.<\/li>\n<li>Fabriqu\u00e9e avec pr\u00e9cision pour remplacer facilement le cadre de votre ordinateur portable.<\/li>\n<li>Am\u00e9liorez l&rsquo;esth\u00e9tique de votre appareil avec ce cadre de haute qualit\u00e9.<\/li>\n<\/ul>\n<p><strong>Remarque\u00a0:<\/strong><\/p>\n<ul>\n<li>Facile \u00e0 installer\u00a0; Installation professionnelle recommand\u00e9e pour des r\u00e9sultats optimaux.<\/li>\n<li>Nous ne fournissons pas d&rsquo;instructions pour le remplacement des pi\u00e8ces, mais n&rsquo;h\u00e9sitez pas \u00e0 nous contacter si vous avez besoin d&rsquo;aide.<\/li>\n<\/ul>\n<p><strong>Livraison\u00a0:<\/strong><\/p>\n<ul>\n<li>Nous proposons la livraison dans le monde entier.<\/li>\n<li>Toutes les photos de l&rsquo;annonce sont r\u00e9elles et pr\u00e9sentent la pi\u00e8ce exacte que vous recevrez.<\/li>\n<\/ul>\n<p>Am\u00e9liorez votre ordinateur portable en toute confiance. Commandez le cadre Lenovo SM10M83867 AP134000600 d\u00e8s maintenant et d\u00e9couvrez la qualit\u00e9 des pi\u00e8ces d&rsquo;origine. Pour toute question ou assistance, n&rsquo;h\u00e9sitez pas \u00e0 nous contacter. Votre satisfaction est notre priorit\u00e9.<\/p>\n","protected":false},"excerpt":{"rendered":"<p>Sublimez l&rsquo;esth\u00e9tique de votre ThinkPad T40S 20HF-005MUS (CF93) avec ce cadre Lenovo d&rsquo;origine (r\u00e9f\u00e9rence\u00a0: SM10M83867 AP134000600). Fabriqu\u00e9 selon les normes OEM, ce cadre s&rsquo;adapte parfaitement \u00e0 votre ordinateur portable et garantit un remplacement sans probl\u00e8me. Faites confiance \u00e0 la qualit\u00e9 et aux pi\u00e8ces d&rsquo;origine Lenovo.<\/p>\n","protected":false},"featured_media":11920,"template":"","meta":[],"product_brand":[],"product_cat":[52],"product_tag":[62],"class_list":{"0":"post-11860","1":"product","2":"type-product","3":"status-publish","4":"has-post-thumbnail","6":"product_cat-laptop-housing","7":"product_tag-lenovo","9":"first","10":"instock","11":"taxable","12":"shipping-taxable","13":"purchasable","14":"product-type-simple"},"_links":{"self":[{"href":"https:\/\/boreait.com\/fr\/wp-json\/wp\/v2\/product\/11860","targetHints":{"allow":["GET"]}}],"collection":[{"href":"https:\/\/boreait.com\/fr\/wp-json\/wp\/v2\/product"}],"about":[{"href":"https:\/\/boreait.com\/fr\/wp-json\/wp\/v2\/types\/product"}],"wp:featuredmedia":[{"embeddable":true,"href":"https:\/\/boreait.com\/fr\/wp-json\/wp\/v2\/media\/11920"}],"wp:attachment":[{"href":"https:\/\/boreait.com\/fr\/wp-json\/wp\/v2\/media?parent=11860"}],"wp:term":[{"taxonomy":"product_brand","embeddable":true,"href":"https:\/\/boreait.com\/fr\/wp-json\/wp\/v2\/product_brand?post=11860"},{"taxonomy":"product_cat","embeddable":true,"href":"https:\/\/boreait.com\/fr\/wp-json\/wp\/v2\/product_cat?post=11860"},{"taxonomy":"product_tag","embeddable":true,"href":"https:\/\/boreait.com\/fr\/wp-json\/wp\/v2\/product_tag?post=11860"}],"curies":[{"name":"wp","href":"https:\/\/api.w.org\/{rel}","templated":true}]}}