{"id":11619,"date":"2025-09-15T15:48:56","date_gmt":"2025-09-15T13:48:56","guid":{"rendered":"https:\/\/boreait.com\/fr\/?post_type=product&#038;p=11619"},"modified":"2025-09-15T15:49:59","modified_gmt":"2025-09-15T13:49:59","slug":"remplacement-de-la-carte-dalimentation-du-fujitsu-lifebook-e546-pieces-dorigine-pour-ordinateur-portable","status":"publish","type":"product","link":"https:\/\/boreait.com\/fr\/produit\/remplacement-de-la-carte-dalimentation-du-fujitsu-lifebook-e546-pieces-dorigine-pour-ordinateur-portable\/","title":{"rendered":"Remplacement de la carte d&rsquo;alimentation du Fujitsu Lifebook E546\u00a0\u2013 Pi\u00e8ces d&rsquo;origine pour ordinateur portable"},"content":{"rendered":"<p>Am\u00e9liorez les fonctionnalit\u00e9s de votre Fujitsu Lifebook E546 gr\u00e2ce \u00e0 notre carte de bouton d&rsquo;alimentation de remplacement d&rsquo;origine. Con\u00e7ue pour la pr\u00e9cision et la compatibilit\u00e9, cette carte garantit un ajustement parfait et des performances fiables.<\/p>\n<p><strong>Compatibilit\u00e9<\/strong>\u00a0:<\/p>\n<p>Cette carte de bouton d&rsquo;alimentation est sp\u00e9cialement con\u00e7ue pour le mod\u00e8le Fujitsu Lifebook E546, garantissant une compatibilit\u00e9 parfaite. Que votre bouton d&rsquo;alimentation ne r\u00e9ponde pas ou fonctionne mal, cette pi\u00e8ce de rechange est la solution.<\/p>\n<p><strong>Assurance qualit\u00e9<\/strong>\u00a0:<\/p>\n<p>Chez Siggmo, la qualit\u00e9 et la fiabilit\u00e9 sont nos priorit\u00e9s. Notre carte de bouton d&rsquo;alimentation est soumise \u00e0 des tests rigoureux pour garantir sa conformit\u00e9 aux normes de l&rsquo;industrie. Soyez assur\u00e9 que vous recevez un produit conforme, voire sup\u00e9rieur, aux sp\u00e9cifications d&rsquo;origine.<\/p>\n<p><strong>Installation facile<\/strong>\u00a0:<\/p>\n<p>Pas besoin d&rsquo;\u00eatre un expert en technologie\u00a0: notre carte de bouton d&rsquo;alimentation est livr\u00e9e avec une installation facile. Si vous avez besoin d&rsquo;aide, n&rsquo;h\u00e9sitez pas \u00e0 nous contacter. Bien que nous ne fournissions pas d&rsquo;instructions d\u00e9taill\u00e9es, nous sommes l\u00e0 pour vous accompagner tout au long du processus.<\/p>\n<p><strong>Livraison internationale<\/strong>\u00a0:<\/p>\n<p>Bas\u00e9s en Europe, nous proposons une livraison internationale afin de garantir \u00e0 nos clients du monde entier l&rsquo;acc\u00e8s \u00e0 des pi\u00e8ces d\u00e9tach\u00e9es d&rsquo;origine pour ordinateurs portables. Recevez exactement la carte du bouton d&rsquo;alimentation que vous voyez sur les photos\u00a0; des images r\u00e9elles du produit que vous recevrez.<\/p>\n<p>Prolongez la dur\u00e9e de vie de votre Fujitsu Lifebook E546 avec cette carte du bouton d&rsquo;alimentation de remplacement. Faites confiance \u00e0 Siggmo pour des pi\u00e8ces d\u00e9tach\u00e9es fiables et profitez d&rsquo;une exp\u00e9rience d&rsquo;achat en ligne fluide. Pour toute question ou besoin d&rsquo;aide, n&rsquo;h\u00e9sitez pas \u00e0 nous contacter.<\/p>\n","protected":false},"excerpt":{"rendered":"<p>Remplacez la carte d&rsquo;alimentation de votre Fujitsu Lifebook E546 par cette pi\u00e8ce de rechange d&rsquo;origine. Facile \u00e0 installer, elle garantit des performances optimales. Optimisez le fonctionnement de votre ordinateur portable gr\u00e2ce aux pi\u00e8ces d\u00e9tach\u00e9es Siggmo de haute qualit\u00e9.<\/p>\n","protected":false},"featured_media":11674,"template":"","meta":[],"product_brand":[],"product_cat":[63],"product_tag":[64],"class_list":{"0":"post-11619","1":"product","2":"type-product","3":"status-publish","4":"has-post-thumbnail","6":"product_cat-motherboards-board-parts","7":"product_tag-fujitsu","9":"first","10":"instock","11":"taxable","12":"shipping-taxable","13":"purchasable","14":"product-type-simple"},"_links":{"self":[{"href":"https:\/\/boreait.com\/fr\/wp-json\/wp\/v2\/product\/11619","targetHints":{"allow":["GET"]}}],"collection":[{"href":"https:\/\/boreait.com\/fr\/wp-json\/wp\/v2\/product"}],"about":[{"href":"https:\/\/boreait.com\/fr\/wp-json\/wp\/v2\/types\/product"}],"wp:featuredmedia":[{"embeddable":true,"href":"https:\/\/boreait.com\/fr\/wp-json\/wp\/v2\/media\/11674"}],"wp:attachment":[{"href":"https:\/\/boreait.com\/fr\/wp-json\/wp\/v2\/media?parent=11619"}],"wp:term":[{"taxonomy":"product_brand","embeddable":true,"href":"https:\/\/boreait.com\/fr\/wp-json\/wp\/v2\/product_brand?post=11619"},{"taxonomy":"product_cat","embeddable":true,"href":"https:\/\/boreait.com\/fr\/wp-json\/wp\/v2\/product_cat?post=11619"},{"taxonomy":"product_tag","embeddable":true,"href":"https:\/\/boreait.com\/fr\/wp-json\/wp\/v2\/product_tag?post=11619"}],"curies":[{"name":"wp","href":"https:\/\/api.w.org\/{rel}","templated":true}]}}