{"id":11575,"date":"2025-09-15T15:48:08","date_gmt":"2025-09-15T13:48:08","guid":{"rendered":"https:\/\/boreait.com\/fr\/?post_type=product&#038;p=11575"},"modified":"2026-01-19T09:37:17","modified_gmt":"2026-01-19T08:37:17","slug":"pieces-dorigine-pour-ordinateur-portable-dell-latitude-e5530-avec-microphone-et-cable-ls-7909p","status":"publish","type":"product","link":"https:\/\/boreait.com\/fr\/produit\/pieces-dorigine-pour-ordinateur-portable-dell-latitude-e5530-avec-microphone-et-cable-ls-7909p\/","title":{"rendered":"Pi\u00e8ces d&rsquo;origine pour ordinateur portable Dell Latitude E5530 avec microphone et c\u00e2ble LS-7909P"},"content":{"rendered":"<p>Am\u00e9liorez votre ordinateur portable Dell Latitude E5530 avec le microphone Dell Latitude E5530 d&rsquo;origine, \u00e9quip\u00e9 d&rsquo;un c\u00e2ble LS-7909P hautes performances. Cette pi\u00e8ce Dell authentique garantit une qualit\u00e9 audio exceptionnelle, id\u00e9ale pour les appels vid\u00e9o, les conf\u00e9rences et bien plus encore.<\/p>\n<p><strong>D\u00e9tails du produit\u00a0:<\/strong><\/p>\n<ul>\n<li><strong>Compatibilit\u00e9\u00a0:<\/strong> Dell Latitude E5530<\/li>\n<li><strong>R\u00e9f\u00e9rence\u00a0:<\/strong> LS-7909P<\/li>\n<li><strong>\u00c9tat\u00a0:<\/strong> Authentique, test\u00e9 et enti\u00e8rement fonctionnel<\/li>\n<li><strong>Facilit\u00e9 d&rsquo;installation\u00a0:<\/strong> Con\u00e7u pour un remplacement simple, sans instructions compliqu\u00e9es. Si vous avez besoin d&rsquo;aide, n&rsquo;h\u00e9sitez pas \u00e0 nous contacter.<\/li>\n<\/ul>\n<p><strong>Pourquoi choisir des pi\u00e8ces Dell d&rsquo;origine\u00a0?<\/strong> B\u00e9n\u00e9ficiez de la fiabilit\u00e9 et de l&rsquo;assurance qualit\u00e9 des pi\u00e8ces d&rsquo;origine Dell pour ordinateur portable. Nos photos illustrent le produit r\u00e9el que vous recevrez, vous pouvez donc acheter en toute confiance.<\/p>\n<p><strong>Informations de livraison<\/strong>\u00a0: Nous proposons une livraison dans le monde entier, vous garantissant ainsi un acc\u00e8s \u00e0 des pi\u00e8ces d\u00e9tach\u00e9es Dell de qualit\u00e9, o\u00f9 que vous soyez.<\/p>\n<p>Am\u00e9liorez votre Dell Latitude E5530 avec ce microphone Dell Latitude E5530 d&rsquo;origine et d\u00e9couvrez la diff\u00e9rence en mati\u00e8re de clart\u00e9 audio. Achetez d\u00e8s maintenant et profitez d&rsquo;une livraison rapide et fiable \u00e0 votre adresse. Pour toute question ou besoin d&rsquo;aide, n&rsquo;h\u00e9sitez pas \u00e0 nous contacter. Votre satisfaction est notre priorit\u00e9.<\/p>\n","protected":false},"excerpt":{"rendered":"<p>Am\u00e9liorez votre Dell Latitude E5530 avec ce microphone et c\u00e2ble d&rsquo;origine (mod\u00e8le\u00a0: LS-7909P). B\u00e9n\u00e9ficiez d&rsquo;une communication claire et nette gr\u00e2ce \u00e0 cette pi\u00e8ce d&rsquo;ordinateur portable Dell authentique et de haute qualit\u00e9. Faites confiance \u00e0 nos photos authentiques et \u00e0 notre livraison internationale pour une exp\u00e9rience d&rsquo;achat optimale.<\/p>\n","protected":false},"featured_media":11629,"template":"","meta":[],"product_brand":[],"product_cat":[63],"product_tag":[53],"class_list":{"0":"post-11575","1":"product","2":"type-product","3":"status-publish","4":"has-post-thumbnail","6":"product_cat-motherboards-board-parts","7":"product_tag-dell","9":"first","10":"instock","11":"taxable","12":"shipping-taxable","13":"purchasable","14":"product-type-simple"},"_links":{"self":[{"href":"https:\/\/boreait.com\/fr\/wp-json\/wp\/v2\/product\/11575","targetHints":{"allow":["GET"]}}],"collection":[{"href":"https:\/\/boreait.com\/fr\/wp-json\/wp\/v2\/product"}],"about":[{"href":"https:\/\/boreait.com\/fr\/wp-json\/wp\/v2\/types\/product"}],"wp:featuredmedia":[{"embeddable":true,"href":"https:\/\/boreait.com\/fr\/wp-json\/wp\/v2\/media\/11629"}],"wp:attachment":[{"href":"https:\/\/boreait.com\/fr\/wp-json\/wp\/v2\/media?parent=11575"}],"wp:term":[{"taxonomy":"product_brand","embeddable":true,"href":"https:\/\/boreait.com\/fr\/wp-json\/wp\/v2\/product_brand?post=11575"},{"taxonomy":"product_cat","embeddable":true,"href":"https:\/\/boreait.com\/fr\/wp-json\/wp\/v2\/product_cat?post=11575"},{"taxonomy":"product_tag","embeddable":true,"href":"https:\/\/boreait.com\/fr\/wp-json\/wp\/v2\/product_tag?post=11575"}],"curies":[{"name":"wp","href":"https:\/\/api.w.org\/{rel}","templated":true}]}}