{"id":11556,"date":"2025-09-15T15:47:40","date_gmt":"2025-09-15T13:47:40","guid":{"rendered":"https:\/\/boreait.com\/fr\/?post_type=product&#038;p=11556"},"modified":"2026-01-19T09:36:38","modified_gmt":"2026-01-19T08:36:38","slug":"carte-de-lecteur-de-carte-a-puce-dorigine-pour-ordinateur-portable-dell-latitude-e5430-ls-790ep-0d5kxg","status":"publish","type":"product","link":"https:\/\/boreait.com\/fr\/produit\/carte-de-lecteur-de-carte-a-puce-dorigine-pour-ordinateur-portable-dell-latitude-e5430-ls-790ep-0d5kxg\/","title":{"rendered":"Carte de lecteur de carte \u00e0 puce d&rsquo;origine pour ordinateur portable Dell Latitude E5430 LS-790EP 0D5KXG"},"content":{"rendered":"<p>Am\u00e9liorez votre Dell Latitude E5430 avec la carte lecteur de carte \u00e0 puce Dell d&rsquo;origine (r\u00e9f\u00e9rence\u00a0: LS-790EP, r\u00e9f\u00e9rence Dell\u00a0: 0D5KXG). Cette pi\u00e8ce d&rsquo;origine pour ordinateur portable garantit compatibilit\u00e9 et fiabilit\u00e9, tout en vous offrant des fonctionnalit\u00e9s de s\u00e9curit\u00e9 renforc\u00e9es. <\/p>\n<p><strong>D\u00e9tails du produit\u00a0:<\/strong><\/p>\n<ul>\n<li><strong>Compatibilit\u00e9\u00a0:<\/strong> Dell Latitude E5430<\/li>\n<li><strong>R\u00e9f\u00e9rence\u00a0:<\/strong> LS-790EP, R\u00e9f. Dell\u00a0: 0D5KXG<\/li>\n<li><strong>\u00c9tat\u00a0:<\/strong> Authentique, test\u00e9 et garanti.<\/li>\n<li><strong>S\u00e9curit\u00e9 renforc\u00e9e\u00a0:<\/strong> Le lecteur de carte \u00e0 puce ajoute une couche de s\u00e9curit\u00e9 suppl\u00e9mentaire \u00e0 votre ordinateur portable, garantissant la s\u00e9curit\u00e9 de vos donn\u00e9es.<\/li>\n<\/ul>\n<p><strong>Informations de livraison\u00a0:<\/strong><\/p>\n<ul>\n<li>Nous proposons une livraison rapide et fiable en Europe et dans le monde entier.<\/li>\n<li>Toutes les images des produits sont des photos r\u00e9elles de la pi\u00e8ce que vous recevrez.<\/li>\n<li>Nous sommes fiers de fournir des pi\u00e8ces d\u00e9tach\u00e9es pour ordinateurs portables de qualit\u00e9 \u00e0 nos clients. Clients.<\/li>\n<\/ul>\n<p><strong>Remarque\u00a0:<\/strong><\/p>\n<ul>\n<li>Les instructions de remplacement de la pi\u00e8ce ne sont pas incluses, mais n&rsquo;h\u00e9sitez pas \u00e0 nous contacter pour toute assistance.<\/li>\n<li>Votre satisfaction est notre priorit\u00e9. Pour toute question ou pr\u00e9occupation, n&rsquo;h\u00e9sitez pas \u00e0 nous contacter.<\/li>\n<\/ul>\n<p>Mettez \u00e0 niveau votre Dell Latitude E5430 avec cette carte de lecteur de carte \u00e0 puce d&rsquo;origine et profitez de sa commodit\u00e9 et de sa s\u00e9curit\u00e9. Commandez d\u00e8s maintenant et profitez d&rsquo;une exp\u00e9rience d&rsquo;achat fluide avec Siggmo\u00a0!<\/p>\n","protected":false},"excerpt":{"rendered":"<p>Optimisez votre Dell Latitude E5430 avec cette carte lecteur de carte \u00e0 puce d&rsquo;origine (r\u00e9f\u00e9rence\u00a0: LS-790EP, r\u00e9f\u00e9rence Dell\u00a0: 0D5KXG). B\u00e9n\u00e9ficiez d&rsquo;une s\u00e9curit\u00e9 et d&rsquo;un confort accrus gr\u00e2ce \u00e0 cette pi\u00e8ce d&rsquo;origine pour ordinateur portable Dell. Livraison rapide disponible en Europe et dans le monde entier. Contactez-nous pour toute assistance\u00a0!<\/p>\n","protected":false},"featured_media":11623,"template":"","meta":[],"product_brand":[],"product_cat":[63],"product_tag":[53],"class_list":{"0":"post-11556","1":"product","2":"type-product","3":"status-publish","4":"has-post-thumbnail","6":"product_cat-motherboards-board-parts","7":"product_tag-dell","9":"first","10":"instock","11":"taxable","12":"shipping-taxable","13":"purchasable","14":"product-type-simple"},"_links":{"self":[{"href":"https:\/\/boreait.com\/fr\/wp-json\/wp\/v2\/product\/11556","targetHints":{"allow":["GET"]}}],"collection":[{"href":"https:\/\/boreait.com\/fr\/wp-json\/wp\/v2\/product"}],"about":[{"href":"https:\/\/boreait.com\/fr\/wp-json\/wp\/v2\/types\/product"}],"wp:featuredmedia":[{"embeddable":true,"href":"https:\/\/boreait.com\/fr\/wp-json\/wp\/v2\/media\/11623"}],"wp:attachment":[{"href":"https:\/\/boreait.com\/fr\/wp-json\/wp\/v2\/media?parent=11556"}],"wp:term":[{"taxonomy":"product_brand","embeddable":true,"href":"https:\/\/boreait.com\/fr\/wp-json\/wp\/v2\/product_brand?post=11556"},{"taxonomy":"product_cat","embeddable":true,"href":"https:\/\/boreait.com\/fr\/wp-json\/wp\/v2\/product_cat?post=11556"},{"taxonomy":"product_tag","embeddable":true,"href":"https:\/\/boreait.com\/fr\/wp-json\/wp\/v2\/product_tag?post=11556"}],"curies":[{"name":"wp","href":"https:\/\/api.w.org\/{rel}","templated":true}]}}