{"id":11520,"date":"2025-09-15T15:46:25","date_gmt":"2025-09-15T13:46:25","guid":{"rendered":"https:\/\/boreait.com\/fr\/?post_type=product&#038;p=11520"},"modified":"2025-09-15T15:48:26","modified_gmt":"2025-09-15T13:48:26","slug":"hp-chromebook-x360-11-g3-ee-intel-ac-9560-ngff-173-gbit-s-pieces-dorigine-pour-ordinateur-portable","status":"publish","type":"product","link":"https:\/\/boreait.com\/fr\/produit\/hp-chromebook-x360-11-g3-ee-intel-ac-9560-ngff-173-gbit-s-pieces-dorigine-pour-ordinateur-portable\/","title":{"rendered":"HP Chromebook X360 11 G3 EE Intel AC 9560 NGFF 1,73 Gbit\/s &#8211; Pi\u00e8ces d&rsquo;origine pour ordinateur portable"},"content":{"rendered":"<p>Am\u00e9liorez les performances de votre HP Chromebook X360 11 G3 EE avec la carte sans fil Intel Dual Band AC 9560NGW NGFF authentique, disponible en exclusivit\u00e9 chez Siggmo. Cette carte NGFF est con\u00e7ue pour offrir une connectivit\u00e9 fluide avec des vitesses impressionnantes allant jusqu&rsquo;\u00e0 1,73 Gbit\/s, garantissant une exp\u00e9rience en ligne fluide pour le travail, les \u00e9tudes ou les loisirs.<\/p>\n<p><strong>Compatibilit\u00e9<\/strong>\u00a0: Con\u00e7ue sp\u00e9cifiquement pour le HP Chromebook X360 11 G3 EE, cette carte NGFF est une pi\u00e8ce de rechange authentique qui garantit des performances optimales. Ce produit Intel authentique garantit fiabilit\u00e9 et compatibilit\u00e9 avec votre appareil.<\/p>\n<p><strong>Excellence sans fil<\/strong>\u00a0: D\u00e9couvrez la puissance de la technologie Intel Dual Band, offrant non seulement des connexions sans fil haut d\u00e9bit, mais aussi une fiabilit\u00e9 et une stabilit\u00e9 accrues. Que vous regardiez des vid\u00e9os HD en streaming, participiez \u00e0 des visioconf\u00e9rences ou jouiez en ligne, cette carte AC 9560NGW NGFF offre des performances de pointe.<\/p>\n<p><strong>Installation facile<\/strong>\u00a0: Mettez \u00e0 niveau votre ordinateur portable sans effort avec notre carte m\u00e8re Intel NGFF d&rsquo;origine. Bien que nous ne fournissions pas d&rsquo;instructions de remplacement sp\u00e9cifiques, n&rsquo;h\u00e9sitez pas \u00e0 nous contacter si vous avez des questions. Nos photos de produits r\u00e9els illustrent exactement ce que vous recevrez, garantissant ainsi la transparence de votre achat.<\/p>\n<p><strong>Livraison internationale<\/strong>\u00a0: Siggmo est votre fournisseur mondial de pi\u00e8ces d\u00e9tach\u00e9es pour ordinateurs portables authentiques. Nous comprenons l&rsquo;importance de composants fiables et notre engagement envers la qualit\u00e9 se refl\u00e8te dans chaque produit que nous proposons. Nous proposons une livraison internationale\u00a0; o\u00f9 que vous soyez, vous pouvez donc nous faire confiance pour vous livrer les pi\u00e8ces d\u00e9tach\u00e9es dont vous avez besoin.<\/p>\n<p><strong>Remarque\u00a0:<\/strong> Nous accordons une grande importance \u00e0 l&rsquo;autonomisation de nos clients. Bien que nous ne fournissions pas d&rsquo;instructions de remplacement \u00e9tape par \u00e9tape, notre \u00e9quipe est l\u00e0 pour vous aider. Si vous avez des questions ou besoin de conseils pendant le processus d&rsquo;installation, n&rsquo;h\u00e9sitez pas \u00e0 nous contacter. <\/p>\n<p>Mettez \u00e0 niveau votre HP Chromebook X360 11 G3 EE d\u00e8s aujourd&rsquo;hui avec la carte Intel Dual Band AC 9560NGW NGFF de Siggmo. Faites confiance \u00e0 la qualit\u00e9, aux performances et \u00e0 la livraison internationale. Achetez des pi\u00e8ces d&rsquo;origine pour ordinateur portable en toute confiance\u00a0!<\/p>\n","protected":false},"excerpt":{"rendered":"<p>Mettez \u00e0 niveau votre HP Chromebook X360 11 G3 EE avec cette carte Intel Dual Band AC 9560NGW NGFF d&rsquo;origine. Profitez de d\u00e9bits sans fil ultra-rapides jusqu&rsquo;\u00e0 1,73 Gbit\/s. Faites confiance \u00e0 Siggmo pour des pi\u00e8ces d&rsquo;ordinateur portable authentiques, exp\u00e9di\u00e9es dans le monde entier.<\/p>\n","protected":false},"featured_media":11590,"template":"","meta":[],"product_brand":[],"product_cat":[63],"product_tag":[61],"class_list":{"0":"post-11520","1":"product","2":"type-product","3":"status-publish","4":"has-post-thumbnail","6":"product_cat-motherboards-board-parts","7":"product_tag-hp","9":"first","10":"instock","11":"taxable","12":"shipping-taxable","13":"purchasable","14":"product-type-simple"},"_links":{"self":[{"href":"https:\/\/boreait.com\/fr\/wp-json\/wp\/v2\/product\/11520","targetHints":{"allow":["GET"]}}],"collection":[{"href":"https:\/\/boreait.com\/fr\/wp-json\/wp\/v2\/product"}],"about":[{"href":"https:\/\/boreait.com\/fr\/wp-json\/wp\/v2\/types\/product"}],"wp:featuredmedia":[{"embeddable":true,"href":"https:\/\/boreait.com\/fr\/wp-json\/wp\/v2\/media\/11590"}],"wp:attachment":[{"href":"https:\/\/boreait.com\/fr\/wp-json\/wp\/v2\/media?parent=11520"}],"wp:term":[{"taxonomy":"product_brand","embeddable":true,"href":"https:\/\/boreait.com\/fr\/wp-json\/wp\/v2\/product_brand?post=11520"},{"taxonomy":"product_cat","embeddable":true,"href":"https:\/\/boreait.com\/fr\/wp-json\/wp\/v2\/product_cat?post=11520"},{"taxonomy":"product_tag","embeddable":true,"href":"https:\/\/boreait.com\/fr\/wp-json\/wp\/v2\/product_tag?post=11520"}],"curies":[{"name":"wp","href":"https:\/\/api.w.org\/{rel}","templated":true}]}}