{"id":11506,"date":"2025-09-15T15:46:01","date_gmt":"2025-09-15T13:46:01","guid":{"rendered":"https:\/\/boreait.com\/fr\/?post_type=product&#038;p=11506"},"modified":"2025-09-15T15:48:15","modified_gmt":"2025-09-15T13:48:15","slug":"camera-dorigine-pour-hp-chromebook-x360-11-g3-ee-pieces-de-rechange-dorigine-pour-ordinateur-portable","status":"publish","type":"product","link":"https:\/\/boreait.com\/fr\/produit\/camera-dorigine-pour-hp-chromebook-x360-11-g3-ee-pieces-de-rechange-dorigine-pour-ordinateur-portable\/","title":{"rendered":"Cam\u00e9ra d&rsquo;origine pour HP Chromebook X360 11 G3 EE \u2013 Pi\u00e8ces de rechange d&rsquo;origine pour ordinateur portable"},"content":{"rendered":"<p>Am\u00e9liorez votre HP Chromebook X360 11 G3 EE avec la cam\u00e9ra de rechange d&rsquo;origine Siggmo. Cette pi\u00e8ce d&rsquo;origine garantit des performances optimales et une compatibilit\u00e9 optimale avec votre appareil.<\/p>\n<p><strong>Caract\u00e9ristiques principales\u00a0:<\/strong><\/p>\n<ul>\n<li><strong>Pi\u00e8ce HP d&rsquo;origine\u00a0:<\/strong> L&rsquo;authenticit\u00e9 est primordiale. Cette cam\u00e9ra de rechange est un produit HP d&rsquo;origine, gage de qualit\u00e9 et de compatibilit\u00e9.<\/li>\n<li><strong>Compatibilit\u00e9\u00a0:<\/strong> Sp\u00e9cialement con\u00e7ue pour le HP Chromebook X360 11 G3 EE, elle garantit un ajustement et un fonctionnement parfaits.<\/li>\n<li><strong>Installation facile\u00a0:<\/strong> Bien que nous ne fournissions pas d&rsquo;instructions d&rsquo;installation, nos pi\u00e8ces d&rsquo;origine sont faciles \u00e0 utiliser. Si vous avez besoin d&rsquo;aide, n&rsquo;h\u00e9sitez pas \u00e0 nous contacter.<\/li>\n<li><strong>Photos du produit r\u00e9el\u00a0:<\/strong> Ce que vous voyez est ce que vous obtenez. Nos annonces pr\u00e9sentent des photos r\u00e9elles du produit que vous recevrez, garantissant transparence et confiance lors de votre achat.<\/li>\n<li><strong>Livraison internationale\u00a0:<\/strong> O\u00f9 que vous soyez, nous proposons une livraison internationale fiable pour vous garantir l&rsquo;obtention des pi\u00e8ces dont vous avez besoin.<\/li>\n<\/ul>\n<p>Restaurez toutes les fonctionnalit\u00e9s de votre ordinateur portable en rempla\u00e7ant la cam\u00e9ra par cette pi\u00e8ce d&rsquo;origine. Veuillez noter que nous ne fournissons pas d&rsquo;instructions sp\u00e9cifiques pour le remplacement des pi\u00e8ces, mais notre \u00e9quipe est l\u00e0 pour r\u00e9pondre \u00e0 toutes vos questions. Achetez en toute confiance chez Siggmo, votre fournisseur de confiance pour les pi\u00e8ces d&rsquo;origine pour ordinateurs portables.<\/p>\n","protected":false},"excerpt":{"rendered":"<p>Am\u00e9liorez votre HP Chromebook X360 11 G3 EE avec cette cam\u00e9ra de remplacement d&rsquo;origine. Restaurez les fonctionnalit\u00e9s de votre ordinateur portable avec une pi\u00e8ce d&rsquo;origine Siggmo. Achetez en toute confiance\u00a0; les photos r\u00e9elles du produit vous garantissent une qualit\u00e9 irr\u00e9prochable. Livraison internationale possible.<\/p>\n","protected":false},"featured_media":11583,"template":"","meta":[],"product_brand":[],"product_cat":[59],"product_tag":[61],"class_list":{"0":"post-11506","1":"product","2":"type-product","3":"status-publish","4":"has-post-thumbnail","6":"product_cat-laptop-camera","7":"product_tag-hp","9":"first","10":"instock","11":"taxable","12":"shipping-taxable","13":"purchasable","14":"product-type-simple"},"_links":{"self":[{"href":"https:\/\/boreait.com\/fr\/wp-json\/wp\/v2\/product\/11506","targetHints":{"allow":["GET"]}}],"collection":[{"href":"https:\/\/boreait.com\/fr\/wp-json\/wp\/v2\/product"}],"about":[{"href":"https:\/\/boreait.com\/fr\/wp-json\/wp\/v2\/types\/product"}],"wp:featuredmedia":[{"embeddable":true,"href":"https:\/\/boreait.com\/fr\/wp-json\/wp\/v2\/media\/11583"}],"wp:attachment":[{"href":"https:\/\/boreait.com\/fr\/wp-json\/wp\/v2\/media?parent=11506"}],"wp:term":[{"taxonomy":"product_brand","embeddable":true,"href":"https:\/\/boreait.com\/fr\/wp-json\/wp\/v2\/product_brand?post=11506"},{"taxonomy":"product_cat","embeddable":true,"href":"https:\/\/boreait.com\/fr\/wp-json\/wp\/v2\/product_cat?post=11506"},{"taxonomy":"product_tag","embeddable":true,"href":"https:\/\/boreait.com\/fr\/wp-json\/wp\/v2\/product_tag?post=11506"}],"curies":[{"name":"wp","href":"https:\/\/api.w.org\/{rel}","templated":true}]}}