{"id":11490,"date":"2025-09-15T15:45:34","date_gmt":"2025-09-15T13:45:34","guid":{"rendered":"https:\/\/boreait.com\/fr\/?post_type=product&#038;p=11490"},"modified":"2025-09-15T15:47:52","modified_gmt":"2025-09-15T13:47:52","slug":"cadre-lcd-dorigine-pour-ordinateur-portable-dell-latitude-e5500-e3540-e3541-0pyh4j","status":"publish","type":"product","link":"https:\/\/boreait.com\/fr\/produit\/cadre-lcd-dorigine-pour-ordinateur-portable-dell-latitude-e5500-e3540-e3541-0pyh4j\/","title":{"rendered":"Cadre LCD d&rsquo;origine pour ordinateur portable Dell Latitude E5500 E3540 E3541 (0PYH4J)"},"content":{"rendered":"<p>Sublimez l&rsquo;esth\u00e9tique de votre Dell Latitude E5500, E3540 ou E3541 avec le cadre LCD d&rsquo;origine, r\u00e9f\u00e9rence 0PYH4J (PYH4J). Fabriqu\u00e9 avec pr\u00e9cision, ce cadre s&rsquo;adapte parfaitement au design de votre ordinateur portable. <\/p>\n<p><strong>Caract\u00e9ristiques principales\u00a0:<\/strong><\/p>\n<ul>\n<li><strong>Compatibilit\u00e9\u00a0:<\/strong> Con\u00e7u sp\u00e9cifiquement pour les mod\u00e8les Dell Latitude E5500, E3540 et E3541.<\/li>\n<li><strong>R\u00e9f\u00e9rence\u00a0:<\/strong> Pi\u00e8ce Dell d&rsquo;origine (r\u00e9f\u00e9rence\u00a0: 0PYH4J (PYH4J)).<\/li>\n<li><strong>Am\u00e9lioration esth\u00e9tique\u00a0:<\/strong> Remplacez votre cadre us\u00e9 ou endommag\u00e9 pour un aspect neuf et soign\u00e9.<\/li>\n<\/ul>\n<p><strong>Remarque\u00a0:<\/strong> Nous ne fournissons pas d&rsquo;instructions d&rsquo;installation, mais n&rsquo;h\u00e9sitez pas \u00e0 nous contacter pour toute assistance. Les photos du produit montrent exactement ce que vous recevrez. Votre satisfaction est notre priorit\u00e9.<\/p>\n<p>Mettez \u00e0 niveau votre ordinateur portable en toute confiance, sachant que vous obtenez des pi\u00e8ces de qualit\u00e9. Commandez votre cadre LCD Dell Latitude E5500 E3540 E3541 d\u00e8s aujourd&rsquo;hui\u00a0!<\/p>\n","protected":false},"excerpt":{"rendered":"<p>Sublimez l&rsquo;apparence de votre Dell Latitude E5500, E3540 ou E3541 avec ce cadre LCD d&rsquo;origine. R\u00e9f\u00e9rence\u00a0: 0PYH4J (PYH4J). Pi\u00e8ces d\u00e9tach\u00e9es de qualit\u00e9 pour ordinateur portable, pour un remplacement facile. Am\u00e9liorez l&rsquo;esth\u00e9tique de votre ordinateur portable en toute simplicit\u00e9.<\/p>\n","protected":false},"featured_media":11565,"template":"","meta":[],"product_brand":[],"product_cat":[52],"product_tag":[53],"class_list":{"0":"post-11490","1":"product","2":"type-product","3":"status-publish","4":"has-post-thumbnail","6":"product_cat-laptop-housing","7":"product_tag-dell","9":"first","10":"instock","11":"taxable","12":"shipping-taxable","13":"purchasable","14":"product-type-simple"},"_links":{"self":[{"href":"https:\/\/boreait.com\/fr\/wp-json\/wp\/v2\/product\/11490","targetHints":{"allow":["GET"]}}],"collection":[{"href":"https:\/\/boreait.com\/fr\/wp-json\/wp\/v2\/product"}],"about":[{"href":"https:\/\/boreait.com\/fr\/wp-json\/wp\/v2\/types\/product"}],"wp:featuredmedia":[{"embeddable":true,"href":"https:\/\/boreait.com\/fr\/wp-json\/wp\/v2\/media\/11565"}],"wp:attachment":[{"href":"https:\/\/boreait.com\/fr\/wp-json\/wp\/v2\/media?parent=11490"}],"wp:term":[{"taxonomy":"product_brand","embeddable":true,"href":"https:\/\/boreait.com\/fr\/wp-json\/wp\/v2\/product_brand?post=11490"},{"taxonomy":"product_cat","embeddable":true,"href":"https:\/\/boreait.com\/fr\/wp-json\/wp\/v2\/product_cat?post=11490"},{"taxonomy":"product_tag","embeddable":true,"href":"https:\/\/boreait.com\/fr\/wp-json\/wp\/v2\/product_tag?post=11490"}],"curies":[{"name":"wp","href":"https:\/\/api.w.org\/{rel}","templated":true}]}}