{"id":11472,"date":"2025-09-15T15:45:10","date_gmt":"2025-09-15T13:45:10","guid":{"rendered":"https:\/\/boreait.com\/fr\/?post_type=product&#038;p=11472"},"modified":"2025-09-15T15:47:34","modified_gmt":"2025-09-15T13:47:34","slug":"clavier-individuel-pour-ordinateur-portable-hp-series-15-ef-15s-eq-et-15-dy-disposition-americaine-reference-l63578-001","status":"publish","type":"product","link":"https:\/\/boreait.com\/fr\/produit\/clavier-individuel-pour-ordinateur-portable-hp-series-15-ef-15s-eq-et-15-dy-disposition-americaine-reference-l63578-001\/","title":{"rendered":"Clavier individuel pour ordinateur portable HP s\u00e9ries 15-EF, 15S-EQ et 15-DY &#8211; Disposition am\u00e9ricaine &#8211; R\u00e9f\u00e9rence L63578-001"},"content":{"rendered":"<div class=\"w-full text-token-text-primary\" data-testid=\"conversation-turn-7\">\n<div class=\"px-4 py-2 justify-center text-base md:gap-6 m-auto\">\n<div class=\"flex flex-1 text-base mx-auto gap-3 md:px-5 lg:px-1 xl:px-5 md:max-w-3xl lg:max-w-[40rem] xl:max-w-[48rem] group\">\n<div class=\"relative flex w-full flex-col lg:w-[calc(100%-115px)] agent-turn\">\n<div class=\"flex-col gap-1 md:gap-3\">\n<div class=\"flex flex-grow flex-col max-w-full\">\n<div class=\"min-h-[20px] text-message flex flex-col items-start gap-3 whitespace-pre-wrap break-words [.text-message+&amp;]:mt-5 overflow-x-auto\" data-message-author-role=\"assistant\" data-message-id=\"42575e8b-b6da-4748-a5d3-20e792bc98e8\">\n<div class=\"markdown prose w-full break-words dark:prose-invert light\">\n<p><strong>LES TOUCHES DISPONIBLES SONT VISIBLES SUR LA PHOTO DE LA LISTE\u00a0!<\/strong><\/p>\n<p>Veuillez nous envoyer un message apr\u00e8s avoir pass\u00e9 commande pour nous indiquer la ou les touches dont vous avez besoin.<\/p>\n<p>Am\u00e9liorez votre exp\u00e9rience sur votre ordinateur portable HP 15-EF, 15S-EQ ou 15-DY gr\u00e2ce \u00e0 notre clavier am\u00e9ricain personnalis\u00e9. Id\u00e9al pour remplacer des touches manquantes ou endommag\u00e9es, ce produit comprend la touche du clavier et les charni\u00e8res n\u00e9cessaires pour un remplacement simplifi\u00e9.<\/p>\n<p>Cette pi\u00e8ce d&rsquo;origine pour ordinateur portable HP est compatible avec les mod\u00e8les 15-EF0023DX, 15S-EQ et 15-DY1024WM, garantissant un ajustement parfait \u00e0 votre appareil. En tant que vendeur soucieux de fournir des pi\u00e8ces d&rsquo;ordinateur portable de qualit\u00e9, nous incluons de vraies photos dans notre offre, vous offrant un aper\u00e7u clair des pi\u00e8ces que vous recevrez.<\/p>\n<p>Pour votre commodit\u00e9, toutes les touches de clavier disponibles sont affich\u00e9es sur les photos de l&rsquo;offre, vous permettant de s\u00e9lectionner celles dont vous avez besoin en toute confiance. Soucieux du r\u00e9f\u00e9rencement, nous privil\u00e9gions les mots-cl\u00e9s tels que \u00ab\u00a0pi\u00e8ces d&rsquo;ordinateur portable\u00a0\u00bb pour vous aider \u00e0 trouver facilement les composants dont vous avez besoin.<\/p>\n<p>Veuillez noter qu&rsquo;aucune notice n&rsquo;est fournie avec la touche du clavier. Cependant, si vous avez besoin d&rsquo;aide pendant le processus de remplacement, n&rsquo;h\u00e9sitez pas \u00e0 nous contacter par message. Notre \u00e9quipe d&rsquo;assistance est l\u00e0 pour vous aider.<\/p>\n<p>Lors de l&rsquo;installation de la nouvelle touche, manipulez-la avec pr\u00e9caution et \u00e9vitez de forcer, car les charni\u00e8res sont fragiles. V\u00e9rifiez les r\u00e9f\u00e9rences fournies (L63578-001, L60341-001, L63678-001, M17184-001) et adaptez les fixations \u00e0 votre clavier actuel pour garantir la compatibilit\u00e9.<\/p>\n<p>Mettez \u00e0 niveau votre ordinateur portable HP en toute simplicit\u00e9 gr\u00e2ce \u00e0 nos touches de clavier individuelles de haute qualit\u00e9\u00a0\u2013 commandez la v\u00f4tre d\u00e8s aujourd&rsquo;hui\u00a0!<\/p>\n<\/div>\n<\/div>\n<div class=\"mt-1 flex justify-start gap-3 empty:hidden\">\n<div class=\"text-gray-400 flex self-end lg:self-center justify-center lg:justify-start mt-0 gap-1 visible\">\n<p>&nbsp; <\/p>\n<div class=\"flex gap-1\"><\/div>\n<\/div>\n<\/div>\n<\/div>\n<\/div>\n<\/div>\n<\/div>\n<\/div>\n<div class=\"w-full text-token-text-primary\" data-testid=\"conversation-turn-8\">\n<div class=\"px-4 py-2 justify-center text-base md:gap-6 m-auto\">\n<div class=\"flex flex-1 text-base mx-auto gap-3 md:px-5 lg:px-1 xl:px-5 md:max-w-3xl lg:max-w-[40rem] xl:max-w-[48rem] group\">\n<div class=\"flex-shrink-0 flex flex-col relative items-end\">\n<div>\n<div class=\"pt-0.5\">\n<div class=\"gizmo-shadow-stroke flex h-6 w-6 items-center justify-center overflow-hidden round-full\"><\/div>\n<\/div>\n<\/div>\n<\/div>\n<\/div>\n<\/div>\n<\/div>\n","protected":false},"excerpt":{"rendered":"<p>Remplacez les touches manquantes ou endommag\u00e9es de votre ordinateur portable HP 15-EF, 15S-EQ ou 15-DY par notre clavier personnalis\u00e9 \u00e0 disposition am\u00e9ricaine. Les photos pr\u00e9sent\u00e9es dans la liste vous offrent un aper\u00e7u pr\u00e9cis des pi\u00e8ces que vous recevrez. Le colis comprend la touche et les attaches de clavier (charni\u00e8res). Remarque\u00a0: Aucune instruction fournie\u00a0; assistance disponible par message. Charni\u00e8res fragiles\u00a0: \u00e0 manipuler avec pr\u00e9caution\u00a0!<\/p>\n","protected":false},"featured_media":11552,"template":"","meta":[],"product_brand":[],"product_cat":[60],"product_tag":[61],"class_list":{"0":"post-11472","1":"product","2":"type-product","3":"status-publish","4":"has-post-thumbnail","6":"product_cat-individual-keyboard-keys","7":"product_tag-hp","9":"first","10":"instock","11":"taxable","12":"shipping-taxable","13":"purchasable","14":"product-type-simple"},"_links":{"self":[{"href":"https:\/\/boreait.com\/fr\/wp-json\/wp\/v2\/product\/11472","targetHints":{"allow":["GET"]}}],"collection":[{"href":"https:\/\/boreait.com\/fr\/wp-json\/wp\/v2\/product"}],"about":[{"href":"https:\/\/boreait.com\/fr\/wp-json\/wp\/v2\/types\/product"}],"wp:featuredmedia":[{"embeddable":true,"href":"https:\/\/boreait.com\/fr\/wp-json\/wp\/v2\/media\/11552"}],"wp:attachment":[{"href":"https:\/\/boreait.com\/fr\/wp-json\/wp\/v2\/media?parent=11472"}],"wp:term":[{"taxonomy":"product_brand","embeddable":true,"href":"https:\/\/boreait.com\/fr\/wp-json\/wp\/v2\/product_brand?post=11472"},{"taxonomy":"product_cat","embeddable":true,"href":"https:\/\/boreait.com\/fr\/wp-json\/wp\/v2\/product_cat?post=11472"},{"taxonomy":"product_tag","embeddable":true,"href":"https:\/\/boreait.com\/fr\/wp-json\/wp\/v2\/product_tag?post=11472"}],"curies":[{"name":"wp","href":"https:\/\/api.w.org\/{rel}","templated":true}]}}