{"id":11471,"date":"2025-09-15T15:45:10","date_gmt":"2025-09-15T13:45:10","guid":{"rendered":"https:\/\/boreait.com\/fr\/?post_type=product&#038;p=11471"},"modified":"2025-09-15T15:47:27","modified_gmt":"2025-09-15T13:47:27","slug":"clavier-individuel-pour-ordinateur-portable-dell-latitude-e5550-precision-3510-7510-retroeclaire-piece-0hyrf9","status":"publish","type":"product","link":"https:\/\/boreait.com\/fr\/produit\/clavier-individuel-pour-ordinateur-portable-dell-latitude-e5550-precision-3510-7510-retroeclaire-piece-0hyrf9\/","title":{"rendered":"Clavier individuel pour ordinateur portable Dell Latitude E5550, Precision 3510\/7510 &#8211; R\u00e9tro\u00e9clair\u00e9 &#8211; Pi\u00e8ce 0HYRF9"},"content":{"rendered":"<div class=\"w-full text-token-text-primary\" data-testid=\"conversation-turn-9\">\n<div class=\"px-4 py-2 justify-center text-base md:gap-6 m-auto\">\n<div class=\"flex flex-1 text-base mx-auto gap-3 md:px-5 lg:px-1 xl:px-5 md:max-w-3xl lg:max-w-[40rem] xl:max-w-[48rem] groupe final-completion\">\n<div class=\"relative flex w-full flex-col lg:w-[calc(100%-115px)] agent-turn\">\n<div class=\"flex-col gap-1 md:gap-3\">\n<div class=\"flex flex-grow flex-col max-w-full\">\n<div class=\"min-h-[20px] text-message flex flex-col items-start gap-3 whitespace-pre-wrap break-words [.text-message+&amp;]:mt-5 overflow-x-auto\" data-message-author-role=\"assistant\" data-message-id=\"6e18d573-4a56-411b-923f-00c661d65afb\">\n<div class=\"markdown prose w-full break-words dark:prose-invert light\">\n<p><strong>LES TOUCHES DISPONIBLES SONT VISIBLES SUR LA PHOTO DE LA LISTE\u00a0!<\/strong><\/p>\n<p>Veuillez nous envoyer un message apr\u00e8s avoir pass\u00e9 commande pour nous indiquer la ou les touches dont vous avez besoin.<\/p>\n<p>Transformez votre ordinateur portable Dell Latitude E5550 ou Precision 3510\/7510 gr\u00e2ce \u00e0 notre clavier r\u00e9tro\u00e9clair\u00e9 individuel. Cette pi\u00e8ce d&rsquo;origine pour ordinateur portable Dell, identifi\u00e9e par la r\u00e9f\u00e9rence 0HYRF9, est la solution id\u00e9ale pour remplacer les touches manquantes ou endommag\u00e9es.<\/p>\n<p>Notre engagement en mati\u00e8re de transparence est illustr\u00e9 par les photos r\u00e9elles pr\u00e9sent\u00e9es dans l&rsquo;annonce, qui vous offrent un aper\u00e7u pr\u00e9cis de la pi\u00e8ce que vous recevrez. En tant que vendeur sp\u00e9cialis\u00e9 dans les pi\u00e8ces d\u00e9tach\u00e9es pour ordinateurs portables de qualit\u00e9, nous comprenons l&rsquo;importance de pr\u00e9senter nos produits avec exactitude.<\/p>\n<p>Cette annonce s&rsquo;adresse aux acheteurs soucieux du r\u00e9f\u00e9rencement, en mettant l&rsquo;accent sur des mots-cl\u00e9s tels que \u00ab\u00a0pi\u00e8ces d\u00e9tach\u00e9es pour ordinateurs portables\u00a0\u00bb afin de simplifier votre recherche des composants dont vous avez besoin. Le colis comprend la touche de clavier individuelle et les clips de clavier essentiels (charni\u00e8res), garantissant une solution de remplacement compl\u00e8te.<\/p>\n<p>Veuillez noter qu&rsquo;aucune notice n&rsquo;est fournie avec la touche de clavier. Cependant, si vous avez besoin d&rsquo;aide pendant le remplacement, notre \u00e9quipe d&rsquo;assistance d\u00e9di\u00e9e est \u00e0 votre disposition.<\/p>\n<p>Lors de l&rsquo;installation de la nouvelle touche, manipulez-la avec pr\u00e9caution et \u00e9vitez de forcer, car les charni\u00e8res sont fragiles. Pour garantir la compatibilit\u00e9, v\u00e9rifiez la r\u00e9f\u00e9rence fournie (0HYRF9) et adaptez les touches \u00e0 votre clavier actuel.<\/p>\n<p>Toutes les touches de clavier disponibles sont pr\u00e9sent\u00e9es sur les photos, ce qui vous permet de choisir celles qui vous conviennent en toute confiance. Am\u00e9liorez votre ordinateur portable Dell avec nos touches de clavier individuelles de haute qualit\u00e9\u00a0\u2013 commandez la v\u00f4tre d\u00e8s aujourd&rsquo;hui\u00a0!<\/p>\n<\/div>\n<\/div>\n<div class=\"mt-1 flex justify-start gap-3 empty:hidden\">\n<div class=\"text-gray-400 flex self-end lg:self-center justify-center lg:justify-start mt-0 gap-1 visible\">\n<p>&nbsp; <\/p>\n<div class=\"flex gap-1\"><\/div>\n<div class=\"flex items-center gap-1.5 text-xs\"><\/div>\n<\/div>\n<\/div>\n<\/div>\n<\/div>\n<\/div>\n<\/div>\n<\/div>\n<div class=\"mx-auto\">\n<div data-projection-id=\"56\">\n<div class=\"mx-auto mt-2 inline-flex rounded-xl border border-gray-100 dark:border-gray-700\"><\/div>\n<\/div>\n<\/div>\n","protected":false},"excerpt":{"rendered":"<p>Am\u00e9liorez votre ordinateur portable Dell Latitude E5550 ou Precision 3510\/7510 avec notre touche de clavier r\u00e9tro\u00e9clair\u00e9e individuelle. Les vraies photos dans la liste pr\u00e9sentent la pi\u00e8ce exacte que vous recevrez, y compris les clips de clavier (charni\u00e8res). Le paquet comprend la cl\u00e9 pour un remplacement sans probl\u00e8me. Remarque\u00a0: aucune instruction n&rsquo;est fournie, mais l&rsquo;assistance est \u00e0 port\u00e9e de message. Charni\u00e8res d\u00e9licates \u2013 \u00e0 manipuler avec pr\u00e9caution\u00a0!<\/p>\n","protected":false},"featured_media":11549,"template":"","meta":[],"product_brand":[],"product_cat":[60],"product_tag":[53],"class_list":{"0":"post-11471","1":"product","2":"type-product","3":"status-publish","4":"has-post-thumbnail","6":"product_cat-individual-keyboard-keys","7":"product_tag-dell","9":"first","10":"instock","11":"taxable","12":"shipping-taxable","13":"purchasable","14":"product-type-simple"},"_links":{"self":[{"href":"https:\/\/boreait.com\/fr\/wp-json\/wp\/v2\/product\/11471","targetHints":{"allow":["GET"]}}],"collection":[{"href":"https:\/\/boreait.com\/fr\/wp-json\/wp\/v2\/product"}],"about":[{"href":"https:\/\/boreait.com\/fr\/wp-json\/wp\/v2\/types\/product"}],"wp:featuredmedia":[{"embeddable":true,"href":"https:\/\/boreait.com\/fr\/wp-json\/wp\/v2\/media\/11549"}],"wp:attachment":[{"href":"https:\/\/boreait.com\/fr\/wp-json\/wp\/v2\/media?parent=11471"}],"wp:term":[{"taxonomy":"product_brand","embeddable":true,"href":"https:\/\/boreait.com\/fr\/wp-json\/wp\/v2\/product_brand?post=11471"},{"taxonomy":"product_cat","embeddable":true,"href":"https:\/\/boreait.com\/fr\/wp-json\/wp\/v2\/product_cat?post=11471"},{"taxonomy":"product_tag","embeddable":true,"href":"https:\/\/boreait.com\/fr\/wp-json\/wp\/v2\/product_tag?post=11471"}],"curies":[{"name":"wp","href":"https:\/\/api.w.org\/{rel}","templated":true}]}}