{"id":11470,"date":"2025-09-15T15:45:10","date_gmt":"2025-09-15T13:45:10","guid":{"rendered":"https:\/\/boreait.com\/fr\/?post_type=product&#038;p=11470"},"modified":"2025-09-15T15:47:20","modified_gmt":"2025-09-15T13:47:20","slug":"clavier-individuel-pour-ordinateur-portable-asus-serie-f552-disposition-britannique-sans-retroeclairage-reference-oknbo-612bwb00","status":"publish","type":"product","link":"https:\/\/boreait.com\/fr\/produit\/clavier-individuel-pour-ordinateur-portable-asus-serie-f552-disposition-britannique-sans-retroeclairage-reference-oknbo-612bwb00\/","title":{"rendered":"Clavier individuel pour ordinateur portable Asus s\u00e9rie F552 (disposition britannique, sans r\u00e9tro\u00e9clairage) &#8211; R\u00e9f\u00e9rence OKNBO-612BWB00"},"content":{"rendered":"<div class=\"flex-1 overflow-hidden\">\n<div class=\"react-scroll-to-bottom--css-ecnvr-79elbk h-full\">\n<div class=\"react-scroll-to-bottom--css-ecnvr-1n7m0yu\">\n<div class=\"flex flex-col pb-9 text-sm\">\n<div class=\"w-full text-token-text-primary\" data-testid=\"conversation-turn-5\">\n<div class=\"px-4 py-2 justify-center text-base md:gap-6 m-auto\">\n<div class=\"flex flex-1 text-base mx-auto gap-3 md:px-5 lg:px-1 xl:px-5 md:max-w-3xl lg:max-w-[40rem] xl:max-w-[48rem] groupe final-completion\">\n<div class=\"relative flex w-full flex-col lg:w-[calc(100%-115px)] agent-turn\">\n<div class=\"flex-col gap-1 md:gap-3\">\n<div class=\"flex flex-grow flex-col max-w-full\">\n<div class=\"min-h-[20px] text-message flex flex-col items-start gap-3 whitespace-pre-wrap break-words [.text-message+&amp;]:mt-5 overflow-x-auto\" data-message-author-role=\"assistant\" data-message-id=\"5d27c772-5e7e-4da0-a38f-e66a3e17acf7\">\n<div class=\"markdown prose w-full break-words dark:prose-invert light\">\n<p><strong>DISPONIBLE LES TOUCHES SONT VISIBLES SUR LA PHOTO DE L&rsquo;ANNONCE\u00a0!<\/p>\n<p>Veuillez nous envoyer un message apr\u00e8s votre commande pour nous indiquer la ou les touches dont vous avez besoin.<\/p>\n<p>Redonnez un nouveau souffle \u00e0 votre ordinateur portable Asus s\u00e9rie F552 gr\u00e2ce \u00e0 notre clavier personnalis\u00e9 au format britannique. Compatible avec les mod\u00e8les F552L, F552LAV, F552LD, F552M, F552MD, F552MJ, F552V, F552VL et F552W, notre clavier est la solution id\u00e9ale pour remplacer les touches endommag\u00e9es ou manquantes.<\/p>\n<p>Cette annonce pr\u00e9sente de vraies photos des pi\u00e8ces que vous recevrez, garantissant une repr\u00e9sentation transparente et pr\u00e9cise de notre produit. En tant que vendeur soucieux de fournir des pi\u00e8ces d&rsquo;ordinateur portable de qualit\u00e9, nous souhaitons que vous puissiez prendre une d\u00e9cision \u00e9clair\u00e9e.<\/p>\n<p>Veuillez noter qu&rsquo;aucune notice n&rsquo;est fournie avec la touche du clavier. Cependant, si vous avez besoin d&rsquo;aide pendant le processus de remplacement, n&rsquo;h\u00e9sitez pas \u00e0 nous contacter par message. Notre \u00e9quipe d&rsquo;assistance d\u00e9di\u00e9e est l\u00e0 pour vous aider.<\/p>\n<p>Le pack comprend la touche de clavier individuelle et les charni\u00e8res essentielles pour un remplacement facile. Toutes les touches de clavier disponibles sont visibles sur les photos de l&rsquo;annonce, ce qui vous permet de s\u00e9lectionner celles dont vous avez besoin en toute confiance.<\/p>\n<p>En tant que vendeur soucieux du r\u00e9f\u00e9rencement, nous comprenons l&rsquo;importance d&rsquo;utiliser des mots-cl\u00e9s tels que \u00ab\u00a0pi\u00e8ces d&rsquo;ordinateur portable\u00a0\u00bb. Nos touches de clavier Asus d&rsquo;origine offrent non seulement une solution de remplacement, mais aussi une solution pour pr\u00e9server la fonctionnalit\u00e9 et l&rsquo;esth\u00e9tique de votre ordinateur portable.<\/p>\n<p>Lors de l&rsquo;installation de la nouvelle touche, veuillez la manipuler avec pr\u00e9caution et \u00e9viter de forcer, car les charni\u00e8res sont fragiles. Pour garantir une compatibilit\u00e9 parfaite, v\u00e9rifiez la r\u00e9f\u00e9rence de pi\u00e8ce fournie (OKNBO-612BWB00) et comparez les fixations \u00e0 votre clavier actuel.<\/p>\n<p>Consultez les photos de l&rsquo;annonce en accordant une attention particuli\u00e8re au m\u00e9canisme de la touche pour garantir la compatibilit\u00e9 avec votre ordinateur portable Asus F552. Am\u00e9liorez votre exp\u00e9rience d&rsquo;utilisation avec nos touches de clavier individuelles de haute qualit\u00e9\u00a0\u2013 commandez la v\u00f4tre d\u00e8s aujourd&rsquo;hui\u00a0! <\/p>\n<\/div>\n<\/div>\n<\/div>\n<div class=\"mt-1 flex justify-start gap-3 empty:hidden\">\n<div class=\"text-gray-400 flex self-end lg:self-center justify-center lg:justify-start mt-0 gap-1 visible\">\n<div class=\"flex gap-1\"><\/div>\n<div class=\"flex items-center gap-1.5 text-xs\"><\/div>\n<\/div>\n<\/div>\n<\/div>\n<\/div>\n<\/div>\n<\/div>\n<\/div>\n<\/div>\n<\/div>\n<\/div>\n<\/div>\n<\/div>\n<\/div>\n<div class=\"w-full pt-2 md:pt-0 dark:border-white\/20 md:border-transparent md:dark:border-transparent md:w-[calc(100%-.5rem)]\">\n<div class=\"relative flex h-full flex-1 items-stretch md:flex-col\">\n<div class=\"flex w-full items-center\">\n<div class=\"overflow-hidden [&amp;:has(textarea:focus)]:border-token-border-xheavy [&amp;:has(textarea:focus)]:shadow-[0_2px_6px_rgba(0,0,0,.05)] flex flex-col w-full dark:border-token-border-heavy flex-grow relative border border-token-border-heavy dark:text-white rounded-2xl bg-white dark:bg-gray-800 shadow-[0_0_0_2px_rgba(255,255,255,0.95)] dark:shadow-[0_0_0_2px_rgba(52,53,65,0.95)]\">\n<div data-grammarly-part=\"button\">\n<div>\n<div>\n<div class=\"amkYk\">\n<div>\n<div class=\"ptGJG\"><\/div>\n<\/div>\n<\/div>\n<\/div>\n<\/div>\n<\/div>\n<\/div>\n<\/div>\n<\/div>\n<\/div>\n","protected":false},"excerpt":{"rendered":"<p>Am\u00e9liorez votre ordinateur portable Asus F552 avec notre touche de clavier personnalis\u00e9e au format britannique, id\u00e9ale pour remplacer les touches endommag\u00e9es ou manquantes. Les photos r\u00e9elles de l&rsquo;annonce garantissent la transparence, et le colis comprend la touche et les charni\u00e8res essentielles. Remarque\u00a0: aucune instruction n&rsquo;est fournie, mais une assistance est disponible sur simple message. Manipulez avec pr\u00e9caution\u00a0: charni\u00e8res fragiles\u00a0!<\/p>\n","protected":false},"featured_media":11547,"template":"","meta":[],"product_brand":[],"product_cat":[60],"product_tag":[66],"class_list":{"0":"post-11470","1":"product","2":"type-product","3":"status-publish","4":"has-post-thumbnail","6":"product_cat-individual-keyboard-keys","7":"product_tag-asus","9":"first","10":"instock","11":"taxable","12":"shipping-taxable","13":"purchasable","14":"product-type-simple"},"_links":{"self":[{"href":"https:\/\/boreait.com\/fr\/wp-json\/wp\/v2\/product\/11470","targetHints":{"allow":["GET"]}}],"collection":[{"href":"https:\/\/boreait.com\/fr\/wp-json\/wp\/v2\/product"}],"about":[{"href":"https:\/\/boreait.com\/fr\/wp-json\/wp\/v2\/types\/product"}],"wp:featuredmedia":[{"embeddable":true,"href":"https:\/\/boreait.com\/fr\/wp-json\/wp\/v2\/media\/11547"}],"wp:attachment":[{"href":"https:\/\/boreait.com\/fr\/wp-json\/wp\/v2\/media?parent=11470"}],"wp:term":[{"taxonomy":"product_brand","embeddable":true,"href":"https:\/\/boreait.com\/fr\/wp-json\/wp\/v2\/product_brand?post=11470"},{"taxonomy":"product_cat","embeddable":true,"href":"https:\/\/boreait.com\/fr\/wp-json\/wp\/v2\/product_cat?post=11470"},{"taxonomy":"product_tag","embeddable":true,"href":"https:\/\/boreait.com\/fr\/wp-json\/wp\/v2\/product_tag?post=11470"}],"curies":[{"name":"wp","href":"https:\/\/api.w.org\/{rel}","templated":true}]}}