{"id":11466,"date":"2025-09-15T15:45:09","date_gmt":"2025-09-15T13:45:09","guid":{"rendered":"https:\/\/boreait.com\/fr\/?post_type=product&#038;p=11466"},"modified":"2025-09-15T15:46:47","modified_gmt":"2025-09-15T13:46:47","slug":"clavier-de-remplacement-foxconn-641180-001-pour-hp-probook-550-10mg00-515-g11080301sm-touches-individuelles-disposition-britannique","status":"publish","type":"product","link":"https:\/\/boreait.com\/fr\/produit\/clavier-de-remplacement-foxconn-641180-001-pour-hp-probook-550-10mg00-515-g11080301sm-touches-individuelles-disposition-britannique\/","title":{"rendered":"Clavier de remplacement Foxconn [641180-001] pour HP ProBook 550 | 10MG00-515-G11080301SM | Touches individuelles | Disposition britannique"},"content":{"rendered":"<p><strong>LES TOUCHES DISPONIBLES SONT VISIBLES SUR LA PHOTO DE L&rsquo;ANNONCE\u00a0!<\/strong><\/p>\n<p>Veuillez nous envoyer un message apr\u00e8s avoir pass\u00e9 commande pour nous indiquer la ou les touches dont vous avez besoin.<\/p>\n<p>Am\u00e9liorez le clavier de votre HP ProBook 550 avec notre touche de remplacement FOXCONN authentique (641180-001). Cette pi\u00e8ce d\u00e9tach\u00e9e pour ordinateur portable (9Z.N6GSF,MOU) avec une disposition britannique est la solution id\u00e9ale pour remplacer les touches manquantes ou endommag\u00e9es.<\/p>\n<p>L&rsquo;authenticit\u00e9 est notre priorit\u00e9, et les photos r\u00e9elles du produit pr\u00e9sent\u00e9es dans l&rsquo;annonce permettent de voir clairement la touche et les charni\u00e8res incluses. L&rsquo;ensemble complet comprend la touche du clavier et les clips (charni\u00e8res), garantissant un remplacement simple et rapide.<\/p>\n<p>Remarque importante\u00a0: Nous ne fournissons pas d&rsquo;instructions d\u00e9taill\u00e9es, mais nous sommes l\u00e0 pour vous aider. N&rsquo;h\u00e9sitez pas \u00e0 nous contacter pour une assistance personnalis\u00e9e. Pour pr\u00e9server l&rsquo;int\u00e9grit\u00e9 de votre ordinateur portable, \u00e9vitez de forcer la nouvelle touche, car les charni\u00e8res sont fragiles. Toutes les touches de clavier disponibles sont pr\u00e9sent\u00e9es sur la photo, ce qui vous permet de choisir celle qui convient parfaitement \u00e0 votre HP ProBook 550.<\/p>\n<p>Pour garantir la compatibilit\u00e9, comparez les r\u00e9f\u00e9rences, notamment 9Z.N6GSF, MOU, et v\u00e9rifiez la disposition britannique. Chaque touche est une pi\u00e8ce de rechange authentique, fabriqu\u00e9e avec pr\u00e9cision pour une exp\u00e9rience de frappe confortable.<\/p>\n<p>Lors de l&rsquo;installation de la nouvelle touche, soyez prudent et reportez-vous \u00e0 la photo illustrant le m\u00e9canisme de la touche pour vous assurer de la compatibilit\u00e9 avec votre mod\u00e8le de clavier.<\/p>\n<p>Choisissez notre touche de remplacement FOXCONN pour HP ProBook 550 pour sa qualit\u00e9, son authenticit\u00e9 et un remplacement fluide. Am\u00e9liorez les fonctionnalit\u00e9s de votre ordinateur portable d\u00e8s aujourd&rsquo;hui et soyez assur\u00e9 que nous sommes l\u00e0 pour vous accompagner tout au long de votre achat.<\/p>\n","protected":false},"excerpt":{"rendered":"<p>Am\u00e9liorez le clavier de votre HP ProBook 550 avec notre touche de remplacement FOXCONN d&rsquo;origine (641180-001). Cette touche de disposition britannique (9Z.N6GSF,MOU) est parfaitement adapt\u00e9e, avec ses clips et sa touche pour une installation facile. Les photos du produit garantissent son authenticit\u00e9. Contactez-nous pour une assistance personnalis\u00e9e, car aucune instruction n&rsquo;est fournie.<\/p>\n","protected":false},"featured_media":11531,"template":"","meta":[],"product_brand":[],"product_cat":[60],"product_tag":[61],"class_list":{"0":"post-11466","1":"product","2":"type-product","3":"status-publish","4":"has-post-thumbnail","6":"product_cat-individual-keyboard-keys","7":"product_tag-hp","9":"first","10":"instock","11":"taxable","12":"shipping-taxable","13":"purchasable","14":"product-type-simple"},"_links":{"self":[{"href":"https:\/\/boreait.com\/fr\/wp-json\/wp\/v2\/product\/11466","targetHints":{"allow":["GET"]}}],"collection":[{"href":"https:\/\/boreait.com\/fr\/wp-json\/wp\/v2\/product"}],"about":[{"href":"https:\/\/boreait.com\/fr\/wp-json\/wp\/v2\/types\/product"}],"wp:featuredmedia":[{"embeddable":true,"href":"https:\/\/boreait.com\/fr\/wp-json\/wp\/v2\/media\/11531"}],"wp:attachment":[{"href":"https:\/\/boreait.com\/fr\/wp-json\/wp\/v2\/media?parent=11466"}],"wp:term":[{"taxonomy":"product_brand","embeddable":true,"href":"https:\/\/boreait.com\/fr\/wp-json\/wp\/v2\/product_brand?post=11466"},{"taxonomy":"product_cat","embeddable":true,"href":"https:\/\/boreait.com\/fr\/wp-json\/wp\/v2\/product_cat?post=11466"},{"taxonomy":"product_tag","embeddable":true,"href":"https:\/\/boreait.com\/fr\/wp-json\/wp\/v2\/product_tag?post=11466"}],"curies":[{"name":"wp","href":"https:\/\/api.w.org\/{rel}","templated":true}]}}