{"id":11465,"date":"2025-09-15T15:45:08","date_gmt":"2025-09-15T13:45:08","guid":{"rendered":"https:\/\/boreait.com\/fr\/?post_type=product&#038;p=11465"},"modified":"2025-09-25T07:59:23","modified_gmt":"2025-09-25T05:59:23","slug":"clavier-pour-ordinateur-portable-hp-elitebook-840-g1-g2-850-g1-g2-zbook-14-g1-g2-15u-g2-6037boo85805-disposition-britannique-touche-individuelle","status":"publish","type":"product","link":"https:\/\/boreait.com\/fr\/produit\/clavier-pour-ordinateur-portable-hp-elitebook-840-g1-g2-850-g1-g2-zbook-14-g1-g2-15u-g2-6037boo85805-disposition-britannique-touche-individuelle\/","title":{"rendered":"Clavier pour ordinateur portable HP EliteBook 840 G1 G2, 850 G1 G2, ZBook 14 G1\/G2, 15u G2 | 6037BOO85805 | Disposition britannique | Touche individuelle"},"content":{"rendered":"<div class=\"flex-1 overflow-hidden\">\n<div class=\"react-scroll-to-bottom--css-jgrcx-79elbk h-full\">\n<div class=\"react-scroll-to-bottom--css-jgrcx-1n7m0yu\">\n<div class=\"flex flex-col pb-9 text-sm\">\n<div class=\"w-full text-token-text-primary\" data-testid=\"conversation-turn-13\">\n<div class=\"px-4 py-2 justify-center text-base md:gap-6 m-auto\">\n<div class=\"flex flex-1 text-base mx-auto gap-3 md:px-5 lg:px-1 xl:px-5 md:max-w-3xl lg:max-w-[40rem] xl:max-w-[48rem] groupe final-completion\">\n<div class=\"relative flex w-full flex-col lg:w-[calc(100%-115px)] agent-turn\">\n<div class=\"flex-col gap-1 md:gap-3\">\n<div class=\"flex flex-grow flex-col max-w-full\">\n<div class=\"min-h-[20px] text-message flex flex-col items-start gap-3 whitespace-pre-wrap break-words [.text-message+&amp;]:mt-5 overflow-x-auto\" data-message-author-role=\"assistant\" data-message-id=\"9e0c8187-f4c8-4090-a084-845fe12600c8\">\n<div class=\"markdown prose w-full break-words dark:prose-invert light\">\n<p>Transformez votre ordinateur portable HP EliteBook ou ZBook avec notre touche de clavier d&rsquo;origine, con\u00e7ue pour les mod\u00e8les 840 G1 G2, 850 G1 G2, ZBook 14 G1\/G2 et 15u G2. Cette pi\u00e8ce d\u00e9tach\u00e9e (6037BOO85805), avec une disposition britannique, est la solution id\u00e9ale pour remplacer les touches manquantes ou endommag\u00e9es.<\/p>\n<p>L&rsquo;authenticit\u00e9 est primordiale, et les photos de nos produits, pr\u00e9sent\u00e9es dans la fiche produit, montrent clairement la touche et les charni\u00e8res incluses. L&rsquo;ensemble complet comprend la touche de clavier et les clips (charni\u00e8res), garantissant un remplacement simple et rapide.<\/p>\n<p>Remarque importante\u00a0: Bien que nous ne fournissions pas d&rsquo;instructions d\u00e9taill\u00e9es, nous sommes l\u00e0 pour vous aider. N&rsquo;h\u00e9sitez pas \u00e0 nous contacter pour une assistance personnalis\u00e9e. Pour pr\u00e9server l&rsquo;int\u00e9grit\u00e9 de votre ordinateur portable, \u00e9vitez de forcer pour mettre la nouvelle touche en place, car les charni\u00e8res sont fragiles. Toutes les touches de clavier disponibles sont pr\u00e9sent\u00e9es sur la photo de l&rsquo;annonce, ce qui vous permet de choisir celle qui correspond parfaitement \u00e0 votre mod\u00e8le HP EliteBook ou ZBook.<\/p>\n<p>Pour garantir la compatibilit\u00e9, comparez les r\u00e9f\u00e9rences, notamment 6037BOO85805, et v\u00e9rifiez la disposition britannique. Chaque touche est une pi\u00e8ce de rechange authentique, fabriqu\u00e9e avec pr\u00e9cision pour une exp\u00e9rience de frappe confortable.<\/p>\n<p>Lors de l&rsquo;installation de la nouvelle touche, soyez prudent et reportez-vous \u00e0 la photo illustrant le m\u00e9canisme de la touche pour vous assurer de la compatibilit\u00e9 avec votre mod\u00e8le de clavier.<\/p>\n<p>Choisissez notre touche de clavier pour ordinateur portable HP EliteBook et ZBook pour sa qualit\u00e9, son authenticit\u00e9 et un remplacement simplifi\u00e9. Am\u00e9liorez les fonctionnalit\u00e9s de votre ordinateur portable d\u00e8s aujourd&rsquo;hui et soyez assur\u00e9 que nous sommes l\u00e0 pour vous accompagner tout au long de votre achat. <\/p>\n<\/div>\n<\/div>\n<\/div>\n<div class=\"mt-1 flex justify-start gap-3 empty:hidden\">\n<div class=\"text-gray-400 flex self-end lg:self-center justify-center lg:justify-start mt-0 gap-1 visible\">\n<div class=\"flex gap-1\"><\/div>\n<div class=\"flex items-center gap-1.5 text-xs\"><\/div>\n<\/div>\n<\/div>\n<\/div>\n<\/div>\n<\/div>\n<\/div>\n<\/div>\n<\/div>\n<\/div>\n<\/div>\n<\/div>\n<\/div>\n<\/div>\n<div class=\"w-full pt-2 md:pt-0 dark:border-white\/20 md:border-transparent md:dark:border-transparent md:w-[calc(100%-.5rem)]\">\n<div class=\"relative flex h-full flex-1 items-stretch md:flex-col\">\n<div class=\"flex w-full items-center\">\n<div class=\"overflow-hidden [&amp;:has(textarea:focus)]:border-token-border-xheavy [&amp;:has(textarea:focus)]:shadow-[0_2px_6px_rgba(0,0,0,.05)] flex flex-col w-full dark:border-token-border-heavy flex-grow relative border border-token-border-heavy dark:text-white rounded-2xl bg-white dark:bg-gray-800 shadow-[0_0_0_2px_rgba(255,255,255,0.95)] dark:shadow-[0_0_0_2px_rgba(52,53,65,0.95)]\">\n<div data-grammarly-part=\"button\">\n<div>\n<div>\n<div class=\"amkYk\">\n<div>\n<div class=\"ptGJG\"><\/div>\n<\/div>\n<\/div>\n<\/div>\n<\/div>\n<\/div>\n<\/div>\n<\/div>\n<\/div>\n<\/div>\n","protected":false},"excerpt":{"rendered":"<p>Redonnez vie \u00e0 votre ordinateur portable HP EliteBook ou ZBook avec notre touche de clavier individuelle d&rsquo;origine (6037BOO85805) pour les mod\u00e8les 840 G1 G2, 850 G1 G2, ZBook 14 G1\/G2 et 15u G2. Cette touche au format britannique s&rsquo;adapte parfaitement \u00e0 votre clavier, y compris la touche et les clips pour une installation facile. Les photos du produit garantissent son authenticit\u00e9. Contactez-nous pour une assistance personnalis\u00e9e, car aucune instruction n&rsquo;est fournie.<\/p>\n","protected":false},"featured_media":18665,"template":"","meta":[],"product_brand":[],"product_cat":[60],"product_tag":[],"class_list":{"0":"post-11465","1":"product","2":"type-product","3":"status-publish","4":"has-post-thumbnail","6":"product_cat-individual-keyboard-keys","8":"first","9":"instock","10":"taxable","11":"shipping-taxable","12":"purchasable","13":"product-type-simple"},"_links":{"self":[{"href":"https:\/\/boreait.com\/fr\/wp-json\/wp\/v2\/product\/11465","targetHints":{"allow":["GET"]}}],"collection":[{"href":"https:\/\/boreait.com\/fr\/wp-json\/wp\/v2\/product"}],"about":[{"href":"https:\/\/boreait.com\/fr\/wp-json\/wp\/v2\/types\/product"}],"wp:featuredmedia":[{"embeddable":true,"href":"https:\/\/boreait.com\/fr\/wp-json\/wp\/v2\/media\/18665"}],"wp:attachment":[{"href":"https:\/\/boreait.com\/fr\/wp-json\/wp\/v2\/media?parent=11465"}],"wp:term":[{"taxonomy":"product_brand","embeddable":true,"href":"https:\/\/boreait.com\/fr\/wp-json\/wp\/v2\/product_brand?post=11465"},{"taxonomy":"product_cat","embeddable":true,"href":"https:\/\/boreait.com\/fr\/wp-json\/wp\/v2\/product_cat?post=11465"},{"taxonomy":"product_tag","embeddable":true,"href":"https:\/\/boreait.com\/fr\/wp-json\/wp\/v2\/product_tag?post=11465"}],"curies":[{"name":"wp","href":"https:\/\/api.w.org\/{rel}","templated":true}]}}