{"id":11450,"date":"2025-09-15T15:44:41","date_gmt":"2025-09-15T13:44:41","guid":{"rendered":"https:\/\/boreait.com\/fr\/?post_type=product&#038;p=11450"},"modified":"2025-09-15T15:46:32","modified_gmt":"2025-09-15T13:46:32","slug":"clavier-pour-ordinateur-portable-hp-701986-001-elitebook-8570p-550125w00-035-g-configuration-britannique-pieces-detachees","status":"publish","type":"product","link":"https:\/\/boreait.com\/fr\/produit\/clavier-pour-ordinateur-portable-hp-701986-001-elitebook-8570p-550125w00-035-g-configuration-britannique-pieces-detachees\/","title":{"rendered":"Clavier pour ordinateur portable HP 701986-001 EliteBook 8570p | 550125W00-035-G | Configuration britannique | Pi\u00e8ces d\u00e9tach\u00e9es"},"content":{"rendered":"<div class=\"flex-1 overflow-hidden\">\n<div class=\"react-scroll-to-bottom--css-jgrcx-79elbk h-full\">\n<div class=\"react-scroll-to-bottom--css-jgrcx-1n7m0yu\">\n<div class=\"flex flex-col pb-9 text-sm\">\n<div class=\"w-full text-token-text-primary\" data-testid=\"conversation-turn-9\">\n<div class=\"px-4 py-2 justify-center text-base md:gap-6 m-auto\">\n<div class=\"flex flex-1 text-base mx-auto gap-3 md:px-5 lg:px-1 xl:px-5 md:max-w-3xl lg:max-w-[40rem] xl:max-w-[48rem] groupe final-completion\">\n<div class=\"relative flex w-full flex-col lg:w-[calc(100%-115px)] agent-turn\">\n<div class=\"flex-col gap-1 md:gap-3\">\n<div class=\"flex flex-grow flex-col max-w-full\">\n<div class=\"min-h-[20px] text-message flex flex-col items-start gap-3 whitespace-pre-wrap break-words [.text-message+&amp;]:mt-5 overflow-x-auto\" data-message-author-role=\"assistant\" data-message-id=\"a962f754-2b31-493b-bd3c-1c9df5120eef\">\n<div class=\"markdown prose w-full break-words dark:prose-invert light\">\n<p><strong>LES TOUCHES DISPONIBLES SONT VISIBLES SUR LA PHOTO DE L&rsquo;ANNONCE\u00a0!<\/strong><\/p>\n<p>Veuillez nous envoyer un message apr\u00e8s votre commande pour nous indiquer la ou les touches dont vous avez besoin.<\/p>\n<p>Redonnez un nouveau souffle \u00e0 votre ordinateur portable EliteBook 8570p avec notre touche de clavier HP 701986-001 d&rsquo;origine. Cette pi\u00e8ce d\u00e9tach\u00e9e, au format britannique (550125W00-035-G), est con\u00e7ue pour s&rsquo;int\u00e9grer parfaitement \u00e0 votre clavier actuel, offrant une solution fiable pour les touches manquantes ou endommag\u00e9es.<\/p>\n<p>L&rsquo;authenticit\u00e9 est primordiale, et les photos de nos produits, pr\u00e9sent\u00e9es dans l&rsquo;annonce, offrent une vue claire de la touche et des charni\u00e8res incluses dans l&#8217;emballage. L&rsquo;ensemble complet comprend la touche de clavier et les clips (charni\u00e8res), garantissant un remplacement simple et rapide.<\/p>\n<p>Remarque importante\u00a0: Bien que nous ne fournissions pas d&rsquo;instructions d\u00e9taill\u00e9es, nous sommes l\u00e0 pour vous aider. N&rsquo;h\u00e9sitez pas \u00e0 nous contacter pour une assistance personnalis\u00e9e. Pour pr\u00e9server l&rsquo;int\u00e9grit\u00e9 de votre ordinateur portable, \u00e9vitez de forcer la nouvelle touche, car les charni\u00e8res sont fragiles. Toutes les touches de clavier disponibles sont pr\u00e9sent\u00e9es sur la photo de la fiche, ce qui vous aidera \u00e0 choisir celle qui correspond parfaitement \u00e0 votre mod\u00e8le EliteBook.<\/p>\n<p>Pour garantir la compatibilit\u00e9, comparez les r\u00e9f\u00e9rences, notamment la r\u00e9f\u00e9rence 550125W00-035-G, et v\u00e9rifiez la disposition britannique. Chaque touche est une pi\u00e8ce de rechange authentique, fabriqu\u00e9e avec pr\u00e9cision pour une exp\u00e9rience de frappe confortable.<\/p>\n<p>Lors de l&rsquo;installation de la nouvelle touche, soyez prudent et reportez-vous \u00e0 la photo illustrant le m\u00e9canisme de la touche pour vous assurer de la compatibilit\u00e9 avec votre mod\u00e8le de clavier.<\/p>\n<p>Choisissez notre touche de clavier HP 701986-001 pour ordinateur portable EliteBook 8570p pour garantir qualit\u00e9, authenticit\u00e9 et un remplacement fluide. Am\u00e9liorez les fonctionnalit\u00e9s de votre ordinateur portable d\u00e8s aujourd&rsquo;hui et soyez assur\u00e9 que nous sommes l\u00e0 pour vous accompagner tout au long de votre achat. <\/p>\n<\/div>\n<\/div>\n<\/div>\n<div class=\"mt-1 flex justify-start gap-3 empty:hidden\">\n<div class=\"text-gray-400 flex self-end lg:self-center justify-center lg:justify-start mt-0 gap-1 visible\">\n<div class=\"flex gap-1\"><\/div>\n<div class=\"flex items-center gap-1.5 text-xs\"><\/div>\n<\/div>\n<\/div>\n<\/div>\n<\/div>\n<\/div>\n<\/div>\n<\/div>\n<\/div>\n<\/div>\n<\/div>\n<\/div>\n<\/div>\n<\/div>\n<div class=\"w-full pt-2 md:pt-0 dark:border-white\/20 md:border-transparent md:dark:border-transparent md:w-[calc(100%-.5rem)]\">\n<div class=\"relative flex h-full flex-1 items-stretch md:flex-col\">\n<div class=\"flex w-full items-center\">\n<div class=\"overflow-hidden [&amp;:has(textarea:focus)]:border-token-border-xheavy [&amp;:has(textarea:focus)]:shadow-[0_2px_6px_rgba(0,0,0,.05)] flex flex-col w-full dark:border-token-border-heavy flex-grow relative border border-token-border-heavy dark:text-white rounded-2xl bg-white dark:bg-gray-800 shadow-[0_0_0_2px_rgba(255,255,255,0.95)] dark:shadow-[0_0_0_2px_rgba(52,53,65,0.95)]\">\n<div data-grammarly-part=\"button\">\n<div>\n<div>\n<div class=\"amkYk\">\n<div>\n<div class=\"ptGJG\"><\/div>\n<\/div>\n<\/div>\n<\/div>\n<\/div>\n<\/div>\n<\/div>\n<\/div>\n<\/div>\n<\/div>\n","protected":false},"excerpt":{"rendered":"<p>Remplacez les touches manquantes ou endommag\u00e9es de votre EliteBook 8570p par notre touche de clavier d&rsquo;ordinateur portable HP 701986-001 d&rsquo;origine. Cette touche de disposition britannique (550125W00-035-G) est parfaitement adapt\u00e9e \u00e0 votre ordinateur portable. Le kit comprend la touche et les clips de clavier pour une installation facile. Des photos authentiques du produit garantissent un achat fiable. Contactez-nous pour une assistance personnalis\u00e9e, car aucune instruction n&rsquo;est fournie.<\/p>\n","protected":false},"featured_media":11525,"template":"","meta":[],"product_brand":[],"product_cat":[60],"product_tag":[61],"class_list":{"0":"post-11450","1":"product","2":"type-product","3":"status-publish","4":"has-post-thumbnail","6":"product_cat-individual-keyboard-keys","7":"product_tag-hp","9":"first","10":"instock","11":"taxable","12":"shipping-taxable","13":"purchasable","14":"product-type-simple"},"_links":{"self":[{"href":"https:\/\/boreait.com\/fr\/wp-json\/wp\/v2\/product\/11450","targetHints":{"allow":["GET"]}}],"collection":[{"href":"https:\/\/boreait.com\/fr\/wp-json\/wp\/v2\/product"}],"about":[{"href":"https:\/\/boreait.com\/fr\/wp-json\/wp\/v2\/types\/product"}],"wp:featuredmedia":[{"embeddable":true,"href":"https:\/\/boreait.com\/fr\/wp-json\/wp\/v2\/media\/11525"}],"wp:attachment":[{"href":"https:\/\/boreait.com\/fr\/wp-json\/wp\/v2\/media?parent=11450"}],"wp:term":[{"taxonomy":"product_brand","embeddable":true,"href":"https:\/\/boreait.com\/fr\/wp-json\/wp\/v2\/product_brand?post=11450"},{"taxonomy":"product_cat","embeddable":true,"href":"https:\/\/boreait.com\/fr\/wp-json\/wp\/v2\/product_cat?post=11450"},{"taxonomy":"product_tag","embeddable":true,"href":"https:\/\/boreait.com\/fr\/wp-json\/wp\/v2\/product_tag?post=11450"}],"curies":[{"name":"wp","href":"https:\/\/api.w.org\/{rel}","templated":true}]}}