{"id":11448,"date":"2025-09-15T15:44:41","date_gmt":"2025-09-15T13:44:41","guid":{"rendered":"https:\/\/boreait.com\/fr\/?post_type=product&#038;p=11448"},"modified":"2025-09-15T15:46:23","modified_gmt":"2025-09-15T13:46:23","slug":"clavier-rtdpart-pour-ordinateur-portable-lenovo-thinkpad-13-gen-2-t470s-t460s-royaume-uni-retroeclaire-sn20q84155-disposition-quertz-touche-de-remplacement","status":"publish","type":"product","link":"https:\/\/boreait.com\/fr\/produit\/clavier-rtdpart-pour-ordinateur-portable-lenovo-thinkpad-13-gen-2-t470s-t460s-royaume-uni-retroeclaire-sn20q84155-disposition-quertz-touche-de-remplacement\/","title":{"rendered":"Clavier RTDpart pour ordinateur portable Lenovo ThinkPad 13 Gen 2 T470S T460S (Royaume-Uni) &#8211; R\u00e9tro\u00e9clair\u00e9 | SN20Q84155 | Disposition QUERTZ | Touche de remplacement"},"content":{"rendered":"<p><strong>LES TOUCHES DISPONIBLES SONT VISIBLES SUR LA PHOTO DE L&rsquo;ANNONCE\u00a0!<\/strong><\/p>\n<p>Veuillez nous envoyer un message apr\u00e8s avoir pass\u00e9 commande pour nous indiquer la ou les touches dont vous avez besoin.<\/p>\n<p>Am\u00e9liorez votre exp\u00e9rience d&rsquo;utilisation avec notre touche de clavier RTDpart, sp\u00e9cialement con\u00e7ue pour les mod\u00e8les Lenovo Thinkpad 13 Gen 2, T470S et T460S. Cette touche de remplacement (SN20Q84155) est dot\u00e9e d&rsquo;une disposition QUERTZ r\u00e9tro\u00e9clair\u00e9e, permettant une int\u00e9gration parfaite \u00e0 votre clavier existant.<\/p>\n<p>L&rsquo;authenticit\u00e9 et la pr\u00e9cision sont nos priorit\u00e9s. Toutes les photos des produits de l&rsquo;annonce sont authentiques, vous offrant une vue claire de la touche et des charni\u00e8res que vous recevrez. Le colis comprend la touche de clavier et les clips (charni\u00e8res), garantissant une solution compl\u00e8te pour les besoins de votre clavier d&rsquo;ordinateur portable.<\/p>\n<p>Remarque importante\u00a0: Nous ne fournissons pas d&rsquo;instructions d\u00e9taill\u00e9es, mais votre satisfaction est notre priorit\u00e9 absolue. Si vous avez besoin d&rsquo;aide, n&rsquo;h\u00e9sitez pas \u00e0 nous contacter. Soyez prudent lors de l&rsquo;installation afin d&rsquo;\u00e9viter d&rsquo;endommager les charni\u00e8res fragiles. Toutes les touches de clavier disponibles sont pr\u00e9sent\u00e9es sur la photo, ce qui vous aidera \u00e0 trouver la touche id\u00e9ale pour votre ordinateur portable Lenovo.<\/p>\n<p>Pour garantir la compatibilit\u00e9, comparez les r\u00e9f\u00e9rences, y compris SN20Q84155, et v\u00e9rifiez la disposition QUERTZ. Chaque touche est une pi\u00e8ce de rechange d&rsquo;origine, soigneusement con\u00e7ue pour offrir une exp\u00e9rience de frappe impeccable.<\/p>\n<p>Lors de l&rsquo;installation de la nouvelle touche, veillez \u00e0 ne pas forcer, car les charni\u00e8res sont fragiles. Examinez attentivement la photo illustrant le m\u00e9canisme de la touche pour vous assurer qu&rsquo;elle est compatible avec votre mod\u00e8le de clavier.<\/p>\n<p>Choisissez notre touche de clavier pour ordinateur portable RTDpart pour sa qualit\u00e9, son authenticit\u00e9 et un remplacement simple. Am\u00e9liorez les fonctionnalit\u00e9s de votre ordinateur portable d\u00e8s aujourd&rsquo;hui et soyez assur\u00e9 que nous sommes l\u00e0 pour vous accompagner tout au long de votre achat.<\/p>\n","protected":false},"excerpt":{"rendered":"<p>Am\u00e9liorez votre ordinateur portable Lenovo Thinkpad 13 Gen 2 T470S ou T460S avec notre touche de clavier r\u00e9tro\u00e9clair\u00e9e QUERTZ haut de gamme (SN20Q84155). Cette touche de remplacement, avec ses charni\u00e8res, est parfaitement adapt\u00e9e \u00e0 votre ordinateur portable. Des photos authentiques, une installation soign\u00e9e et une garantie de compatibilit\u00e9 en font un choix id\u00e9al. Contactez-nous pour une assistance personnalis\u00e9e lors de votre achat.<\/p>\n","protected":false},"featured_media":11515,"template":"","meta":[],"product_brand":[],"product_cat":[60],"product_tag":[62],"class_list":{"0":"post-11448","1":"product","2":"type-product","3":"status-publish","4":"has-post-thumbnail","6":"product_cat-individual-keyboard-keys","7":"product_tag-lenovo","9":"first","10":"instock","11":"taxable","12":"shipping-taxable","13":"purchasable","14":"product-type-simple"},"_links":{"self":[{"href":"https:\/\/boreait.com\/fr\/wp-json\/wp\/v2\/product\/11448","targetHints":{"allow":["GET"]}}],"collection":[{"href":"https:\/\/boreait.com\/fr\/wp-json\/wp\/v2\/product"}],"about":[{"href":"https:\/\/boreait.com\/fr\/wp-json\/wp\/v2\/types\/product"}],"wp:featuredmedia":[{"embeddable":true,"href":"https:\/\/boreait.com\/fr\/wp-json\/wp\/v2\/media\/11515"}],"wp:attachment":[{"href":"https:\/\/boreait.com\/fr\/wp-json\/wp\/v2\/media?parent=11448"}],"wp:term":[{"taxonomy":"product_brand","embeddable":true,"href":"https:\/\/boreait.com\/fr\/wp-json\/wp\/v2\/product_brand?post=11448"},{"taxonomy":"product_cat","embeddable":true,"href":"https:\/\/boreait.com\/fr\/wp-json\/wp\/v2\/product_cat?post=11448"},{"taxonomy":"product_tag","embeddable":true,"href":"https:\/\/boreait.com\/fr\/wp-json\/wp\/v2\/product_tag?post=11448"}],"curies":[{"name":"wp","href":"https:\/\/api.w.org\/{rel}","templated":true}]}}