{"id":11186,"date":"2025-09-15T15:37:11","date_gmt":"2025-09-15T13:37:11","guid":{"rendered":"https:\/\/boreait.com\/fr\/?post_type=product&#038;p=11186"},"modified":"2025-09-15T15:40:18","modified_gmt":"2025-09-15T13:40:18","slug":"cache-ecran-lcd-pour-hp-chromebook-14-g6-l90416-001-piece-de-rechange-dorigine","status":"publish","type":"product","link":"https:\/\/boreait.com\/fr\/produit\/cache-ecran-lcd-pour-hp-chromebook-14-g6-l90416-001-piece-de-rechange-dorigine\/","title":{"rendered":"Cache \u00e9cran LCD pour HP Chromebook 14 G6 L90416-001 \u2013 Pi\u00e8ce de rechange d&rsquo;origine"},"content":{"rendered":"<p>Relookez votre HP Chromebook 14 G6 avec ce cache de remplacement pour \u00e9cran LCD. Con\u00e7u pour s&rsquo;adapter parfaitement, il allie esth\u00e9tique et protection \u00e0 l&rsquo;\u00e9cran de votre ordinateur portable.<\/p>\n<p>Principales caract\u00e9ristiques\u00a0:<\/p>\n<ul>\n<li>Compatible avec le HP Chromebook 14 G6<\/li>\n<li>Pi\u00e8ce de rechange HP d&rsquo;origine<\/li>\n<li>Ajustement durable et pr\u00e9cis<\/li>\n<li>Redonnez un nouveau look \u00e0 votre ordinateur portable<\/li>\n<li>R\u00e9f\u00e9rence\u00a0: L90416-001<\/li>\n<\/ul>\n<p>Ce cache de remplacement pour \u00e9cran LCD est bien plus qu&rsquo;un simple remplacement\u00a0: il restaure l&rsquo;\u00e9l\u00e9gance d&rsquo;origine de votre ordinateur portable. Fabriqu\u00e9 avec pr\u00e9cision et \u00e0 partir de mat\u00e9riaux de haute qualit\u00e9, il garantit long\u00e9vit\u00e9 et durabilit\u00e9.<\/p>\n<p>Mettez votre ordinateur portable \u00e0 niveau sans effort. Aucune instruction d&rsquo;installation n&rsquo;est fournie, mais si vous avez besoin d&rsquo;aide ou si vous avez des questions, n&rsquo;h\u00e9sitez pas \u00e0 nous contacter. Veuillez noter que les images du produit sont des photos authentiques de l&rsquo;article que vous recevrez, d\u00e9montrant ainsi sa qualit\u00e9 et son authenticit\u00e9.<\/p>\n<p>Redonnez \u00e0 votre HP Chromebook 14 G6 sa splendeur d&rsquo;origine gr\u00e2ce \u00e0 ce cache \u00e9cran LCD. Optimisez votre exp\u00e9rience utilisateur et profitez de la confiance des pi\u00e8ces de rechange HP d&rsquo;origine.<\/p>\n","protected":false},"excerpt":{"rendered":"<p>Am\u00e9liorez et prot\u00e9gez votre HP Chromebook 14 G6 avec ce cache LCD de remplacement d&rsquo;origine. Con\u00e7u avec soin, ce cache assure un ajustement parfait, une durabilit\u00e9 et un aspect soign\u00e9. Donnez un coup de jeune \u00e0 votre ordinateur portable et profitez d&rsquo;un look \u00e9l\u00e9gant et impeccable gr\u00e2ce \u00e0 cette pi\u00e8ce HP d&rsquo;origine.<\/p>\n","protected":false},"featured_media":11253,"template":"","meta":[],"product_brand":[],"product_cat":[52],"product_tag":[61],"class_list":{"0":"post-11186","1":"product","2":"type-product","3":"status-publish","4":"has-post-thumbnail","6":"product_cat-laptop-housing","7":"product_tag-hp","9":"first","10":"instock","11":"taxable","12":"shipping-taxable","13":"purchasable","14":"product-type-simple"},"_links":{"self":[{"href":"https:\/\/boreait.com\/fr\/wp-json\/wp\/v2\/product\/11186","targetHints":{"allow":["GET"]}}],"collection":[{"href":"https:\/\/boreait.com\/fr\/wp-json\/wp\/v2\/product"}],"about":[{"href":"https:\/\/boreait.com\/fr\/wp-json\/wp\/v2\/types\/product"}],"wp:featuredmedia":[{"embeddable":true,"href":"https:\/\/boreait.com\/fr\/wp-json\/wp\/v2\/media\/11253"}],"wp:attachment":[{"href":"https:\/\/boreait.com\/fr\/wp-json\/wp\/v2\/media?parent=11186"}],"wp:term":[{"taxonomy":"product_brand","embeddable":true,"href":"https:\/\/boreait.com\/fr\/wp-json\/wp\/v2\/product_brand?post=11186"},{"taxonomy":"product_cat","embeddable":true,"href":"https:\/\/boreait.com\/fr\/wp-json\/wp\/v2\/product_cat?post=11186"},{"taxonomy":"product_tag","embeddable":true,"href":"https:\/\/boreait.com\/fr\/wp-json\/wp\/v2\/product_tag?post=11186"}],"curies":[{"name":"wp","href":"https:\/\/api.w.org\/{rel}","templated":true}]}}