{"id":11107,"date":"2025-09-15T15:35:07","date_gmt":"2025-09-15T13:35:07","guid":{"rendered":"https:\/\/boreait.com\/fr\/?post_type=product&#038;p=11107"},"modified":"2025-09-15T15:36:56","modified_gmt":"2025-09-15T13:36:56","slug":"0j8nnp-webcam-dell-latitude-e5270-e5470-e5570-e7270-e7470-appareil-photo","status":"publish","type":"product","link":"https:\/\/boreait.com\/fr\/produit\/0j8nnp-webcam-dell-latitude-e5270-e5470-e5570-e7270-e7470-appareil-photo\/","title":{"rendered":"0J8NNP &#8211; Webcam Dell Latitude E5270 E5470 E5570 E7270 E7470 &#8211; appareil photo"},"content":{"rendered":"<p>Am\u00e9liorez vos communications vid\u00e9o avec la webcam Dell OEM Latitude E5270 E5470 E5570 E7270 E7470. Ce module de remplacement d&rsquo;origine est sp\u00e9cialement con\u00e7u pour les ordinateurs portables Latitude E7270, garantissant ainsi une compatibilit\u00e9 et une int\u00e9gration parfaites.<\/p>\n<p>Principales caract\u00e9ristiques\u00a0:<\/p>\n<ul>\n<li>Produit Dell OEM authentique<\/li>\n<li>Con\u00e7u pour les ordinateurs portables Latitude E5270 E5470 E5570 E7270 E7470<\/li>\n<li>Am\u00e9liore la visioconf\u00e9rence et la communication<\/li>\n<li>Imagerie de haute qualit\u00e9 pour des images nettes<\/li>\n<li>R\u00e9f\u00e9rence\u00a0: 0J8NNP<\/li>\n<\/ul>\n<p>Que vous ayez besoin de participer \u00e0 des r\u00e9unions virtuelles, de passer des appels vid\u00e9o ou de capturer des moments pr\u00e9cieux avec vos proches, cette webcam Dell OEM vous garantit des performances fiables et de haute qualit\u00e9. Le module cam\u00e9ra est facile \u00e0 installer et s&rsquo;int\u00e8gre parfaitement \u00e0 l&#8217;emplacement pr\u00e9vu sur votre ordinateur portable Latitude E7270.<\/p>\n<p>Veuillez noter que cette annonce inclut de vraies photos de la webcam Dell OEM Latitude E7270, et qu&rsquo;aucune instruction d&rsquo;installation n&rsquo;est fournie. Pour toute question ou assistance, n&rsquo;h\u00e9sitez pas \u00e0 nous contacter. Am\u00e9liorez les performances vid\u00e9o de votre ordinateur portable avec la webcam Dell OEM Latitude E7270 et profitez d&rsquo;images claires et nettes lors de toutes vos interactions virtuelles.<\/p>\n","protected":false},"excerpt":{"rendered":"<p>Am\u00e9liorez votre exp\u00e9rience de visioconf\u00e9rence et de communication avec la webcam Dell OEM Latitude E5270, E5470, E5570, E7270 et E7470. Ce module de cam\u00e9ra de remplacement d&rsquo;origine est sp\u00e9cialement con\u00e7u pour l&rsquo;ordinateur portable Latitude E7270, garantissant compatibilit\u00e9 et performances optimales. Am\u00e9liorez les performances vid\u00e9o de votre ordinateur portable avec cette webcam Dell OEM de haute qualit\u00e9.<\/p>\n","protected":false},"featured_media":11174,"template":"","meta":[],"product_brand":[],"product_cat":[59],"product_tag":[53],"class_list":{"0":"post-11107","1":"product","2":"type-product","3":"status-publish","4":"has-post-thumbnail","6":"product_cat-laptop-camera","7":"product_tag-dell","9":"first","10":"instock","11":"taxable","12":"shipping-taxable","13":"purchasable","14":"product-type-simple"},"_links":{"self":[{"href":"https:\/\/boreait.com\/fr\/wp-json\/wp\/v2\/product\/11107","targetHints":{"allow":["GET"]}}],"collection":[{"href":"https:\/\/boreait.com\/fr\/wp-json\/wp\/v2\/product"}],"about":[{"href":"https:\/\/boreait.com\/fr\/wp-json\/wp\/v2\/types\/product"}],"wp:featuredmedia":[{"embeddable":true,"href":"https:\/\/boreait.com\/fr\/wp-json\/wp\/v2\/media\/11174"}],"wp:attachment":[{"href":"https:\/\/boreait.com\/fr\/wp-json\/wp\/v2\/media?parent=11107"}],"wp:term":[{"taxonomy":"product_brand","embeddable":true,"href":"https:\/\/boreait.com\/fr\/wp-json\/wp\/v2\/product_brand?post=11107"},{"taxonomy":"product_cat","embeddable":true,"href":"https:\/\/boreait.com\/fr\/wp-json\/wp\/v2\/product_cat?post=11107"},{"taxonomy":"product_tag","embeddable":true,"href":"https:\/\/boreait.com\/fr\/wp-json\/wp\/v2\/product_tag?post=11107"}],"curies":[{"name":"wp","href":"https:\/\/api.w.org\/{rel}","templated":true}]}}