{"id":11024,"date":"2025-09-15T15:32:46","date_gmt":"2025-09-15T13:32:46","guid":{"rendered":"https:\/\/boreait.com\/fr\/?post_type=product&#038;p=11024"},"modified":"2026-01-19T08:00:27","modified_gmt":"2026-01-19T07:00:27","slug":"cable-video-lcd-huadd0bldlc020110926-pieces-decran-hautes-performances-pour-ordinateur-portable","status":"publish","type":"product","link":"https:\/\/boreait.com\/fr\/produit\/cable-video-lcd-huadd0bldlc020110926-pieces-decran-hautes-performances-pour-ordinateur-portable\/","title":{"rendered":"C\u00e2ble vid\u00e9o LCD HUADD0BLDLC020110926 \u2013 Pi\u00e8ces d&rsquo;\u00e9cran hautes performances pour ordinateur portable"},"content":{"rendered":"<p>Am\u00e9liorez ou r\u00e9parez l&rsquo;\u00e9cran de votre ordinateur portable avec notre c\u00e2ble vid\u00e9o LCD HUADD0BLDLC020110926 de haute qualit\u00e9. Ce c\u00e2ble haut de gamme est essentiel pour transmettre des donn\u00e9es visuelles claires et nettes de la carte m\u00e8re de votre ordinateur portable \u00e0 son \u00e9cran. Sp\u00e9cialement con\u00e7u pour \u00eatre compatible avec une large gamme de mod\u00e8les d&rsquo;ordinateurs portables, il garantit un ajustement parfait et des performances optimales. Que vous soyez technicien professionnel ou bricoleur amateur, ce c\u00e2ble vid\u00e9o LCD est un \u00e9l\u00e9ment indispensable de votre kit de pi\u00e8ces d\u00e9tach\u00e9es pour ordinateur portable. Fabriqu\u00e9 \u00e0 partir de mat\u00e9riaux durables et flexibles, il est con\u00e7u pour r\u00e9sister aux rigueurs d&rsquo;une utilisation r\u00e9guli\u00e8re tout en offrant une connexion stable et fiable. Ce c\u00e2ble garantit des performances optimales de l&rsquo;\u00e9cran de votre ordinateur portable, vous offrant une exp\u00e9rience visuelle ininterrompue. Id\u00e9al pour ceux qui cherchent \u00e0 am\u00e9liorer les performances d&rsquo;affichage de leur ordinateur portable ou \u00e0 r\u00e9soudre des probl\u00e8mes de connectivit\u00e9, notre c\u00e2ble vid\u00e9o LCD HUADD0BLDLC020110926 est un choix id\u00e9al pour les r\u00e9parations et les mises \u00e0 niveau d&rsquo;ordinateurs portables hautes performances. <\/p>\n<p>Remarque\u00a0:<\/p>\n<ul>\n<li>Cette annonce pr\u00e9sente de v\u00e9ritables photos du c\u00e2ble vid\u00e9o LCD.<\/li>\n<li>Aucune notice d&rsquo;installation n&rsquo;est fournie. Pour toute question ou assistance, n&rsquo;h\u00e9sitez pas \u00e0 nous contacter.<\/li>\n<\/ul>\n","protected":false},"excerpt":{"rendered":"<p>C\u00e2ble vid\u00e9o LCD HUADD0BLDLC020110926 &#8211; Performances d&rsquo;affichage et durabilit\u00e9 optimales. Indispensable pour les r\u00e9parations et mises \u00e0 niveau d&rsquo;ordinateurs portables.<\/p>\n","protected":false},"featured_media":11098,"template":"","meta":[],"product_brand":[],"product_cat":[56],"product_tag":[],"class_list":{"0":"post-11024","1":"product","2":"type-product","3":"status-publish","4":"has-post-thumbnail","6":"product_cat-cables","8":"first","9":"instock","10":"taxable","11":"shipping-taxable","12":"purchasable","13":"product-type-simple"},"_links":{"self":[{"href":"https:\/\/boreait.com\/fr\/wp-json\/wp\/v2\/product\/11024","targetHints":{"allow":["GET"]}}],"collection":[{"href":"https:\/\/boreait.com\/fr\/wp-json\/wp\/v2\/product"}],"about":[{"href":"https:\/\/boreait.com\/fr\/wp-json\/wp\/v2\/types\/product"}],"wp:featuredmedia":[{"embeddable":true,"href":"https:\/\/boreait.com\/fr\/wp-json\/wp\/v2\/media\/11098"}],"wp:attachment":[{"href":"https:\/\/boreait.com\/fr\/wp-json\/wp\/v2\/media?parent=11024"}],"wp:term":[{"taxonomy":"product_brand","embeddable":true,"href":"https:\/\/boreait.com\/fr\/wp-json\/wp\/v2\/product_brand?post=11024"},{"taxonomy":"product_cat","embeddable":true,"href":"https:\/\/boreait.com\/fr\/wp-json\/wp\/v2\/product_cat?post=11024"},{"taxonomy":"product_tag","embeddable":true,"href":"https:\/\/boreait.com\/fr\/wp-json\/wp\/v2\/product_tag?post=11024"}],"curies":[{"name":"wp","href":"https:\/\/api.w.org\/{rel}","templated":true}]}}