{"id":11022,"date":"2025-09-15T15:32:46","date_gmt":"2025-09-15T13:32:46","guid":{"rendered":"https:\/\/boreait.com\/fr\/?post_type=product&#038;p=11022"},"modified":"2025-09-15T15:34:52","modified_gmt":"2025-09-15T13:34:52","slug":"cable-de-camera-webcam-toshiba-satellite-l350-6017b0147301-piece-de-rechange-dorigine","status":"publish","type":"product","link":"https:\/\/boreait.com\/fr\/produit\/cable-de-camera-webcam-toshiba-satellite-l350-6017b0147301-piece-de-rechange-dorigine\/","title":{"rendered":"C\u00e2ble de cam\u00e9ra webcam Toshiba Satellite L350 6017B0147301 &#8211; Pi\u00e8ce de rechange d&rsquo;origine"},"content":{"rendered":"<p>D\u00e9couvrez la solution aux probl\u00e8mes de webcam de votre Toshiba Satellite L350 gr\u00e2ce au c\u00e2ble de cam\u00e9ra webcam d&rsquo;origine 6017B0147301. Con\u00e7u comme pi\u00e8ce de rechange, ce c\u00e2ble assure une connexion fiable et restaure les performances optimales de la webcam de votre ordinateur portable.<\/p>\n<p>Principales caract\u00e9ristiques\u00a0:<\/p>\n<ul>\n<li>Pi\u00e8ce de rechange d&rsquo;origine<\/li>\n<li>Mod\u00e8le\u00a0: 6017B0147301<\/li>\n<li>Compatibilit\u00e9\u00a0: Toshiba Satellite L350<\/li>\n<li>Restaurer une qualit\u00e9 vid\u00e9o optimale<\/li>\n<\/ul>\n<p>La webcam de votre ordinateur portable Toshiba est-elle d\u00e9faillante\u00a0? Ce c\u00e2ble de remplacement d&rsquo;origine est la solution id\u00e9ale\u00a0: une solution simple aux probl\u00e8mes de connectivit\u00e9. Gr\u00e2ce \u00e0 une installation facile, vous pouvez redonner vie \u00e0 votre ordinateur portable sans l&rsquo;aide d&rsquo;un professionnel. Veuillez noter que cette annonce inclut des photos r\u00e9elles du c\u00e2ble pour webcam Toshiba Satellite L350 (6017B0147301), illustrant le produit que vous recevrez. Aucune instruction d&rsquo;installation n&rsquo;est fournie, mais n&rsquo;h\u00e9sitez pas \u00e0 nous contacter pour toute question ou besoin d&rsquo;aide. Retrouvez la clart\u00e9 des appels vid\u00e9o de votre ordinateur portable et immortalisez vos moments avec ce c\u00e2ble de remplacement Toshiba d&rsquo;origine. Mettez \u00e0 niveau votre ordinateur en toute confiance\u00a0!<\/p>\n","protected":false},"excerpt":{"rendered":"<p>Redonnez vie \u00e0 votre Toshiba Satellite L350 avec le c\u00e2ble de remplacement d&rsquo;origine pour webcam 6017B0147301. Ce c\u00e2ble assure une connexion fluide \u00e0 la webcam de votre ordinateur portable, pour une qualit\u00e9 vid\u00e9o impeccable. Faites confiance \u00e0 la qualit\u00e9 et \u00e0 la compatibilit\u00e9 de cette pi\u00e8ce Toshiba d&rsquo;origine pour redonner vie \u00e0 votre ordinateur portable.<\/p>\n","protected":false},"featured_media":11096,"template":"","meta":[],"product_brand":[],"product_cat":[56],"product_tag":[70],"class_list":{"0":"post-11022","1":"product","2":"type-product","3":"status-publish","4":"has-post-thumbnail","6":"product_cat-cables","7":"product_tag-toshiba","9":"first","10":"instock","11":"taxable","12":"shipping-taxable","13":"purchasable","14":"product-type-simple"},"_links":{"self":[{"href":"https:\/\/boreait.com\/fr\/wp-json\/wp\/v2\/product\/11022","targetHints":{"allow":["GET"]}}],"collection":[{"href":"https:\/\/boreait.com\/fr\/wp-json\/wp\/v2\/product"}],"about":[{"href":"https:\/\/boreait.com\/fr\/wp-json\/wp\/v2\/types\/product"}],"wp:featuredmedia":[{"embeddable":true,"href":"https:\/\/boreait.com\/fr\/wp-json\/wp\/v2\/media\/11096"}],"wp:attachment":[{"href":"https:\/\/boreait.com\/fr\/wp-json\/wp\/v2\/media?parent=11022"}],"wp:term":[{"taxonomy":"product_brand","embeddable":true,"href":"https:\/\/boreait.com\/fr\/wp-json\/wp\/v2\/product_brand?post=11022"},{"taxonomy":"product_cat","embeddable":true,"href":"https:\/\/boreait.com\/fr\/wp-json\/wp\/v2\/product_cat?post=11022"},{"taxonomy":"product_tag","embeddable":true,"href":"https:\/\/boreait.com\/fr\/wp-json\/wp\/v2\/product_tag?post=11022"}],"curies":[{"name":"wp","href":"https:\/\/api.w.org\/{rel}","templated":true}]}}