{"id":10972,"date":"2025-09-15T15:31:31","date_gmt":"2025-09-15T13:31:31","guid":{"rendered":"https:\/\/boreait.com\/fr\/?post_type=product&#038;p=10972"},"modified":"2025-09-15T15:33:23","modified_gmt":"2025-09-15T13:33:23","slug":"coque-arriere-de-lecran-lcd-pour-dell-latitude-e7470-7470-noir-wlan3x3-0hf58x-hf58x-fvx0y-0fvx0y-am1dl000503","status":"publish","type":"product","link":"https:\/\/boreait.com\/fr\/produit\/coque-arriere-de-lecran-lcd-pour-dell-latitude-e7470-7470-noir-wlan3x3-0hf58x-hf58x-fvx0y-0fvx0y-am1dl000503\/","title":{"rendered":"Coque arri\u00e8re de l&rsquo;\u00e9cran LCD pour Dell Latitude E7470 7470, noir, WLAN3X3 0HF58X HF58X FVX0Y 0FVX0Y AM1DL000503"},"content":{"rendered":"<p><strong>Quelques rayures, comme le montre la photo de l&rsquo;annonce\u00a0!<\/strong><\/p>\n<p>Am\u00e9liorez l&rsquo;esth\u00e9tique et prot\u00e9gez votre Dell Latitude E7470 7470 avec le couvercle arri\u00e8re LCD authentique WLAN3X3 0HF58X HF58X FVX0Y 0FVX0Y AM1DL000503 en noir classique. <\/p>\n<p>Principales caract\u00e9ristiques\u00a0:<\/p>\n<ul>\n<li>Compatibilit\u00e9\u00a0: Dell Latitude E7470 7470<\/li>\n<li>R\u00e9f\u00e9rences\u00a0: 0HF58X, HF58X, FVX0Y, 0FVX0Y, AM1DL000503<\/li>\n<li>Compatibilit\u00e9 antenne WLAN\u00a0: WLAN3X3<\/li>\n<li>Couleur\u00a0: Noir<\/li>\n<li>Mat\u00e9riau\u00a0: Construction robuste pour une utilisation durable<\/li>\n<li>Sans cam\u00e9ra\u00a0!<\/li>\n<\/ul>\n<p>Con\u00e7ue pour remplacer parfaitement votre coque arri\u00e8re, cette pi\u00e8ce d&rsquo;origine Dell redonne \u00e0 votre ordinateur portable son \u00e9l\u00e9gance d&rsquo;origine ou lui permet de rafra\u00eechir son apparence. Sa finition noire \u00e9l\u00e9gante ajoute une touche d&rsquo;\u00e9l\u00e9gance \u00e0 votre Dell Latitude et le distingue. Veuillez noter que cette annonce inclut des photos r\u00e9elles du bo\u00eetier arri\u00e8re noir pour \u00e9cran LCD Dell Latitude E7470 7470. Aucune instruction d&rsquo;installation n&rsquo;est fournie, mais n&rsquo;h\u00e9sitez pas \u00e0 nous contacter si vous avez besoin d&rsquo;aide. Am\u00e9liorez l&rsquo;apparence et la protection de votre ordinateur portable avec cette pi\u00e8ce d&rsquo;origine Dell.<\/p>\n<p>Que vous souhaitiez remplacer un \u00e9cran endommag\u00e9 ou simplement donner un nouveau look \u00e0 votre ordinateur portable, le bo\u00eetier arri\u00e8re noir pour \u00e9cran LCD Dell Latitude E7470 7470 est le choix id\u00e9al. Commandez le v\u00f4tre d\u00e8s maintenant et d\u00e9couvrez la qualit\u00e9 et la fiabilit\u00e9 des accessoires Dell d&rsquo;origine.<\/p>\n","protected":false},"excerpt":{"rendered":"<p>Sublimez et prot\u00e9gez votre Dell Latitude E7470 7470 avec ce cache arri\u00e8re LCD d&rsquo;origine. Con\u00e7u pour le WLAN3X3, ce cache, r\u00e9f\u00e9rences 0HF58X, HF58X, FVX0Y et 0FVX0Y, pr\u00e9sente une \u00e9l\u00e9gante finition noire. Redonnez \u00e0 votre ordinateur portable son \u00e9l\u00e9gance d&rsquo;origine ou modernisez-le facilement. Con\u00e7ue pour la durabilit\u00e9 et le style, cette coque arri\u00e8re est parfaitement adapt\u00e9e \u00e0 votre Dell Latitude.<\/p>\n","protected":false},"featured_media":11047,"template":"","meta":[],"product_brand":[],"product_cat":[52],"product_tag":[53],"class_list":{"0":"post-10972","1":"product","2":"type-product","3":"status-publish","4":"has-post-thumbnail","6":"product_cat-laptop-housing","7":"product_tag-dell","9":"first","10":"instock","11":"taxable","12":"shipping-taxable","13":"purchasable","14":"product-type-simple"},"_links":{"self":[{"href":"https:\/\/boreait.com\/fr\/wp-json\/wp\/v2\/product\/10972","targetHints":{"allow":["GET"]}}],"collection":[{"href":"https:\/\/boreait.com\/fr\/wp-json\/wp\/v2\/product"}],"about":[{"href":"https:\/\/boreait.com\/fr\/wp-json\/wp\/v2\/types\/product"}],"wp:featuredmedia":[{"embeddable":true,"href":"https:\/\/boreait.com\/fr\/wp-json\/wp\/v2\/media\/11047"}],"wp:attachment":[{"href":"https:\/\/boreait.com\/fr\/wp-json\/wp\/v2\/media?parent=10972"}],"wp:term":[{"taxonomy":"product_brand","embeddable":true,"href":"https:\/\/boreait.com\/fr\/wp-json\/wp\/v2\/product_brand?post=10972"},{"taxonomy":"product_cat","embeddable":true,"href":"https:\/\/boreait.com\/fr\/wp-json\/wp\/v2\/product_cat?post=10972"},{"taxonomy":"product_tag","embeddable":true,"href":"https:\/\/boreait.com\/fr\/wp-json\/wp\/v2\/product_tag?post=10972"}],"curies":[{"name":"wp","href":"https:\/\/api.w.org\/{rel}","templated":true}]}}