{"id":10954,"date":"2025-09-15T15:31:06","date_gmt":"2025-09-15T13:31:06","guid":{"rendered":"https:\/\/boreait.com\/fr\/?post_type=product&#038;p=10954"},"modified":"2026-01-19T07:59:40","modified_gmt":"2026-01-19T06:59:40","slug":"clavier-asus-a3000g-a3-en-mp-04113us-5284-d13-de-remplacement-authentique-et-fiable","status":"publish","type":"product","link":"https:\/\/boreait.com\/fr\/produit\/clavier-asus-a3000g-a3-en-mp-04113us-5284-d13-de-remplacement-authentique-et-fiable\/","title":{"rendered":"Clavier ASUS A3000G A3 EN MP-04113US-5284 D13 de remplacement &#8211; Authentique et fiable !"},"content":{"rendered":"<p>Le clavier ASUS A3000G A3 EN MP-04113US-5284 D13 est un clavier de remplacement d&rsquo;origine con\u00e7u pour vous offrir une exp\u00e9rience de frappe aussi agr\u00e9able que l&rsquo;original. Si le clavier de votre ordinateur portable ASUS A3000G A3 est us\u00e9 ou d\u00e9fectueux, ce clavier de remplacement est la solution id\u00e9ale.<\/p>\n<p>Caract\u00e9ristiques principales\u00a0:<\/p>\n<ul>\n<li>Mod\u00e8le\u00a0: Clavier ASUS A3000G A3 EN MP-04113US-5284 D13<\/li>\n<li>Disposition\u00a0: US avec gravure laser slov\u00e8ne<\/li>\n<li>Remplacement direct\u00a0: Aucun compromis sur la qualit\u00e9\u00a0; il s&rsquo;agit d&rsquo;un clavier ASUS authentique.<\/li>\n<li>Compatibilit\u00e9\u00a0: Sp\u00e9cialement con\u00e7u pour les ordinateurs portables ASUS A3000G A3.<\/li>\n<\/ul>\n<p>Mettez \u00e0 niveau votre ordinateur portable facilement avec ce clavier de remplacement ASUS authentique. Profitez d&rsquo;une frappe fluide et confortable, comme \u00e0 l&rsquo;\u00e9tat neuf. Ne vous souciez plus de la compatibilit\u00e9 ou des performances\u00a0: ce clavier est con\u00e7u selon les normes les plus strictes d&rsquo;ASUS.<\/p>\n<p>Veuillez noter que cette annonce inclut de vraies photos du clavier ASUS A3000G A3 EN MP-04113US-5284 D13. Pour toute question ou assistance, n&rsquo;h\u00e9sitez pas \u00e0 nous contacter. Am\u00e9liorez les fonctionnalit\u00e9s de votre ordinateur portable avec ce clavier de remplacement ASUS fiable et authentique.<\/p>\n","protected":false},"excerpt":{"rendered":"<p>Am\u00e9liorez votre exp\u00e9rience de frappe avec le clavier ASUS A3000G A3 EN MP-04113US-5284 D13. Ce clavier de remplacement d&rsquo;origine offre la m\u00eame qualit\u00e9 et les m\u00eames performances que l&rsquo;original. Id\u00e9al pour remplacer un clavier us\u00e9 ou d\u00e9fectueux, il garantit une frappe fluide et confortable sur votre ordinateur portable ASUS A3000G A3. Am\u00e9liorez votre ordinateur portable avec ce clavier ASUS authentique pour une exp\u00e9rience de frappe fluide.<\/p>\n","protected":false},"featured_media":11032,"template":"","meta":[],"product_brand":[],"product_cat":[71],"product_tag":[66],"class_list":{"0":"post-10954","1":"product","2":"type-product","3":"status-publish","4":"has-post-thumbnail","6":"product_cat-laptop-keyboard","7":"product_tag-asus","9":"first","10":"instock","11":"taxable","12":"shipping-taxable","13":"purchasable","14":"product-type-simple"},"_links":{"self":[{"href":"https:\/\/boreait.com\/fr\/wp-json\/wp\/v2\/product\/10954","targetHints":{"allow":["GET"]}}],"collection":[{"href":"https:\/\/boreait.com\/fr\/wp-json\/wp\/v2\/product"}],"about":[{"href":"https:\/\/boreait.com\/fr\/wp-json\/wp\/v2\/types\/product"}],"wp:featuredmedia":[{"embeddable":true,"href":"https:\/\/boreait.com\/fr\/wp-json\/wp\/v2\/media\/11032"}],"wp:attachment":[{"href":"https:\/\/boreait.com\/fr\/wp-json\/wp\/v2\/media?parent=10954"}],"wp:term":[{"taxonomy":"product_brand","embeddable":true,"href":"https:\/\/boreait.com\/fr\/wp-json\/wp\/v2\/product_brand?post=10954"},{"taxonomy":"product_cat","embeddable":true,"href":"https:\/\/boreait.com\/fr\/wp-json\/wp\/v2\/product_cat?post=10954"},{"taxonomy":"product_tag","embeddable":true,"href":"https:\/\/boreait.com\/fr\/wp-json\/wp\/v2\/product_tag?post=10954"}],"curies":[{"name":"wp","href":"https:\/\/api.w.org\/{rel}","templated":true}]}}