{"id":10848,"date":"2025-09-15T15:28:42","date_gmt":"2025-09-15T13:28:42","guid":{"rendered":"https:\/\/boreait.com\/fr\/?post_type=product&#038;p=10848"},"modified":"2025-09-15T15:29:46","modified_gmt":"2025-09-15T13:29:46","slug":"ecran-mat-dorigine-hitachi-141-pouces-tx36d81vc1cab-remplacement-decran-dordinateur-portable-dorigine","status":"publish","type":"product","link":"https:\/\/boreait.com\/fr\/produit\/ecran-mat-dorigine-hitachi-141-pouces-tx36d81vc1cab-remplacement-decran-dordinateur-portable-dorigine\/","title":{"rendered":"\u00c9cran mat d&rsquo;origine Hitachi 14,1 pouces TX36D81VC1CAB &#8211; Remplacement d&rsquo;\u00e9cran d&rsquo;ordinateur portable d&rsquo;origine"},"content":{"rendered":"<p>B\u00e9n\u00e9ficiez d&rsquo;une qualit\u00e9 d&rsquo;affichage sup\u00e9rieure avec l&rsquo;\u00e9cran mat HITACHI 14,1&Prime; ORIGINAL TX36D81VC1CAB. Cet \u00e9cran de remplacement d&rsquo;origine est con\u00e7u pour donner un nouveau souffle \u00e0 votre ordinateur portable et offrir une exp\u00e9rience visuelle nette et pr\u00e9cise.<\/p>\n<p>Caract\u00e9ristiques principales\u00a0:<\/p>\n<ul>\n<li>Taille\u00a0: 14,1 pouces<\/li>\n<li>Finition\u00a0: Mat<\/li>\n<li>Mod\u00e8le\u00a0: TX36D81VC1CAB<\/li>\n<li>Produit HITACHI d&rsquo;origine<\/li>\n<\/ul>\n<p>Que vous ayez un \u00e9cran fissur\u00e9 ou que vous cherchiez simplement \u00e0 le remplacer, cet \u00e9cran est parfait. Sa finition mate r\u00e9duit les reflets, ce qui le rend id\u00e9al pour diverses conditions d&rsquo;\u00e9clairage et une utilisation prolong\u00e9e.<\/p>\n<p>Veuillez noter que cette annonce inclut de vraies photos de l&rsquo;\u00e9cran mat HITACHI 14,1&Prime; ORIGINAL TX36D81VC1CAB. Aucune instruction d&rsquo;installation n&rsquo;est fournie, mais n&rsquo;h\u00e9sitez pas \u00e0 nous contacter si vous avez des questions ou besoin d&rsquo;aide. Offrez \u00e0 votre ordinateur portable une v\u00e9ritable mise \u00e0 niveau avec cet \u00e9cran HITACHI et profitez d&rsquo;images d&rsquo;une nettet\u00e9 exceptionnelle \u00e0 chaque utilisation.<\/p>\n","protected":false},"excerpt":{"rendered":"<p>Am\u00e9liorez votre ordinateur portable avec l&rsquo;\u00e9cran mat HITACHI 14,1&Prime; d&rsquo;origine TX36D81VC1CAB. Cet \u00e9cran de remplacement d&rsquo;origine offre une exp\u00e9rience visuelle nette et claire gr\u00e2ce \u00e0 sa finition mate. Parfait pour diff\u00e9rents mod\u00e8les d&rsquo;ordinateurs portables, il offre une solution fiable pour les \u00e9crans endommag\u00e9s ou d\u00e9fectueux. Plongez dans des images \u00e9clatantes et redonnez vie \u00e0 votre ordinateur portable gr\u00e2ce \u00e0 cet \u00e9cran HITACHI authentique.<\/p>\n","protected":false},"featured_media":10900,"template":"","meta":[],"product_brand":[],"product_cat":[90,57],"product_tag":[],"class_list":{"0":"post-10848","1":"product","2":"type-product","3":"status-publish","4":"has-post-thumbnail","6":"product_cat-14-1","7":"product_cat-laptop-screens-lcd-panels","9":"first","10":"instock","11":"taxable","12":"shipping-taxable","13":"purchasable","14":"product-type-simple"},"_links":{"self":[{"href":"https:\/\/boreait.com\/fr\/wp-json\/wp\/v2\/product\/10848","targetHints":{"allow":["GET"]}}],"collection":[{"href":"https:\/\/boreait.com\/fr\/wp-json\/wp\/v2\/product"}],"about":[{"href":"https:\/\/boreait.com\/fr\/wp-json\/wp\/v2\/types\/product"}],"wp:featuredmedia":[{"embeddable":true,"href":"https:\/\/boreait.com\/fr\/wp-json\/wp\/v2\/media\/10900"}],"wp:attachment":[{"href":"https:\/\/boreait.com\/fr\/wp-json\/wp\/v2\/media?parent=10848"}],"wp:term":[{"taxonomy":"product_brand","embeddable":true,"href":"https:\/\/boreait.com\/fr\/wp-json\/wp\/v2\/product_brand?post=10848"},{"taxonomy":"product_cat","embeddable":true,"href":"https:\/\/boreait.com\/fr\/wp-json\/wp\/v2\/product_cat?post=10848"},{"taxonomy":"product_tag","embeddable":true,"href":"https:\/\/boreait.com\/fr\/wp-json\/wp\/v2\/product_tag?post=10848"}],"curies":[{"name":"wp","href":"https:\/\/api.w.org\/{rel}","templated":true}]}}