{"id":10845,"date":"2025-09-15T15:28:42","date_gmt":"2025-09-15T13:28:42","guid":{"rendered":"https:\/\/boreait.com\/fr\/?post_type=product&#038;p=10845"},"modified":"2025-09-15T15:29:41","modified_gmt":"2025-09-15T13:29:41","slug":"carte-dempreintes-digitales-lenovo-thinkpad-type-20s0-20s1-grade-a-5f30v25898","status":"publish","type":"product","link":"https:\/\/boreait.com\/fr\/produit\/carte-dempreintes-digitales-lenovo-thinkpad-type-20s0-20s1-grade-a-5f30v25898\/","title":{"rendered":"Carte d&#8217;empreintes digitales LENOVO ThinkPad Type 20S0-20S1, Grade A, 5F30V25898"},"content":{"rendered":"<p>Am\u00e9liorez la s\u00e9curit\u00e9 de votre ordinateur portable LENOVO ThinkPad Type 20S0-20S1 avec la carte d&#8217;empreintes digitales de qualit\u00e9 A (r\u00e9f\u00e9rence\u00a0: 5F30V25898). Cet accessoire LENOVO d&rsquo;origine est con\u00e7u pour une reconnaissance d&#8217;empreintes digitales pr\u00e9cise et fiable, ajoutant ainsi une couche de protection suppl\u00e9mentaire \u00e0 votre ordinateur portable.<\/p>\n<p>Principales caract\u00e9ristiques\u00a0:<\/p>\n<ul>\n<li>R\u00e9f\u00e9rence\u00a0: 5F30V25898<\/li>\n<li>Compatibilit\u00e9\u00a0: LENOVO ThinkPad Type 20S0-20S1<\/li>\n<li>\u00c9tat\u00a0: Qualit\u00e9 A<\/li>\n<li>Accessoire LENOVO d&rsquo;origine<\/li>\n<\/ul>\n<p>Am\u00e9liorez la s\u00e9curit\u00e9 de votre ordinateur portable en toute simplicit\u00e9 gr\u00e2ce \u00e0 cette carte d&#8217;empreintes digitales de qualit\u00e9 A. Cet accessoire remplace parfaitement votre carte d&#8217;empreintes digitales actuelle ou constitue un compl\u00e9ment id\u00e9al si votre ordinateur portable ne dispose pas de cette fonctionnalit\u00e9.<br \/>\nVeuillez noter que cette annonce inclut des photos r\u00e9elles de la carte d&#8217;empreintes digitales de classe A (r\u00e9f\u00e9rence\u00a0: 5F30V25898) et qu&rsquo;aucune instruction d&rsquo;installation n&rsquo;est fournie. Pour toute question ou besoin d&rsquo;aide, n&rsquo;h\u00e9sitez pas \u00e0 nous contacter. Renforcez la s\u00e9curit\u00e9 de votre Lenovo ThinkPad avec cet accessoire Lenovo d&rsquo;origine, qui vous offre la commodit\u00e9 d&rsquo;une reconnaissance d&#8217;empreintes digitales fiable.<\/p>\n","protected":false},"excerpt":{"rendered":"<p>Am\u00e9liorez la s\u00e9curit\u00e9 de votre ordinateur portable LENOVO ThinkPad Type 20S0-20S1 avec la carte d&#8217;empreintes digitales de classe A (r\u00e9f\u00e9rence\u00a0: 5F30V25898). Cet accessoire LENOVO d&rsquo;origine assure une reconnaissance pr\u00e9cise et fiable des empreintes digitales pour une protection suppl\u00e9mentaire. Am\u00e9liorez facilement les fonctionnalit\u00e9s de s\u00e9curit\u00e9 de votre ordinateur portable gr\u00e2ce \u00e0 cette carte d&#8217;empreintes digitales de classe A.<\/p>\n","protected":false},"featured_media":10897,"template":"","meta":[],"product_brand":[],"product_cat":[63],"product_tag":[62],"class_list":{"0":"post-10845","1":"product","2":"type-product","3":"status-publish","4":"has-post-thumbnail","6":"product_cat-motherboards-board-parts","7":"product_tag-lenovo","9":"first","10":"instock","11":"taxable","12":"shipping-taxable","13":"purchasable","14":"product-type-simple"},"_links":{"self":[{"href":"https:\/\/boreait.com\/fr\/wp-json\/wp\/v2\/product\/10845","targetHints":{"allow":["GET"]}}],"collection":[{"href":"https:\/\/boreait.com\/fr\/wp-json\/wp\/v2\/product"}],"about":[{"href":"https:\/\/boreait.com\/fr\/wp-json\/wp\/v2\/types\/product"}],"wp:featuredmedia":[{"embeddable":true,"href":"https:\/\/boreait.com\/fr\/wp-json\/wp\/v2\/media\/10897"}],"wp:attachment":[{"href":"https:\/\/boreait.com\/fr\/wp-json\/wp\/v2\/media?parent=10845"}],"wp:term":[{"taxonomy":"product_brand","embeddable":true,"href":"https:\/\/boreait.com\/fr\/wp-json\/wp\/v2\/product_brand?post=10845"},{"taxonomy":"product_cat","embeddable":true,"href":"https:\/\/boreait.com\/fr\/wp-json\/wp\/v2\/product_cat?post=10845"},{"taxonomy":"product_tag","embeddable":true,"href":"https:\/\/boreait.com\/fr\/wp-json\/wp\/v2\/product_tag?post=10845"}],"curies":[{"name":"wp","href":"https:\/\/api.w.org\/{rel}","templated":true}]}}