{"id":10829,"date":"2025-09-15T15:28:18","date_gmt":"2025-09-15T13:28:18","guid":{"rendered":"https:\/\/boreait.com\/fr\/?post_type=product&#038;p=10829"},"modified":"2025-09-15T15:29:27","modified_gmt":"2025-09-15T13:29:27","slug":"lot-de-2-disques-durs-seagate-z5k500-500-500-go-25-sata-st9500423as-7-200-tr-min","status":"publish","type":"product","link":"https:\/\/boreait.com\/fr\/produit\/lot-de-2-disques-durs-seagate-z5k500-500-500-go-25-sata-st9500423as-7-200-tr-min\/","title":{"rendered":"Lot de 2 disques durs Seagate Z5K500-500 500 Go 2,5&Prime; SATA ST9500423AS &#8211; 7\u00a0200 tr\/min"},"content":{"rendered":"<p>Optimisez le stockage de votre ordinateur portable avec le disque dur SATA Seagate Z5K500-500 de 500 Go (2,5 pouces) (ST9500423AS). Ce disque dur hautes performances est con\u00e7u pour r\u00e9pondre \u00e0 vos besoins de stockage, offrant un espace de stockage cons\u00e9quent de 500 Go pour vos fichiers, applications et donn\u00e9es.<\/p>\n<p>Principales caract\u00e9ristiques\u00a0:<\/p>\n<ul>\n<li>Capacit\u00e9 de stockage\u00a0: 500 Go<\/li>\n<li>Format\u00a0: SATA 2,5 pouces<\/li>\n<li>Vitesse de rotation\u00a0: 7\u00a0200 tr\/min<\/li>\n<li>Vitesse de transfert des donn\u00e9es\u00a0: 3 Gbit\/s<\/li>\n<li>Test\u00e9 avec Hard Disk Sentinel<\/li>\n<li>2 disques inclus, comme illustr\u00e9 sur la photo de l&rsquo;annonce<\/li>\n<\/ul>\n<p>Le Seagate Z5K500-500 est con\u00e7u pour la fiabilit\u00e9 et Vitesse de rotation \u00e9lev\u00e9e, 7\u00a0200 tr\/min et taux de transfert de donn\u00e9es de 3 Gbit\/s. Que vous stockiez des documents, du contenu multim\u00e9dia ou des applications, ce disque dur garantit un acc\u00e8s rapide et des performances fiables.<\/p>\n<p>Id\u00e9al pour mettre \u00e0 niveau votre ordinateur portable actuel ou pour une nouvelle configuration, le disque dur SATA Seagate 9RT143-020 500 Go (HP 634925-001) est un choix fiable. Veuillez noter que cette annonce inclut des photos authentiques du produit et qu&rsquo;aucune instruction d&rsquo;installation n&rsquo;est fournie. Pour toute question ou assistance, n&rsquo;h\u00e9sitez pas \u00e0 nous contacter.<\/p>\n<p>&nbsp;<\/p>\n","protected":false},"excerpt":{"rendered":"<p>Am\u00e9liorez la capacit\u00e9 de stockage de votre ordinateur portable avec le disque dur SATA Seagate Z5K500-500 500 Go 2,5&Prime; (ST9500423AS). Fonctionnant \u00e0 7\u00a0200 tr\/min et offrant un taux de transfert de donn\u00e9es rapide de 3 Gbit\/s, ce disque dur fiable offre suffisamment d&rsquo;espace pour vos fichiers, applications et plus encore. Faites confiance \u00e0 la fiabilit\u00e9 Seagate pour une mise \u00e0 niveau de stockage transparente.<\/p>\n","protected":false},"featured_media":10880,"template":"","meta":[],"product_brand":[],"product_cat":[85,67],"product_tag":[],"class_list":{"0":"post-10829","1":"product","2":"type-product","3":"status-publish","4":"has-post-thumbnail","6":"product_cat-2-5-hdd","7":"product_cat-ssd-hdd-drives","9":"first","10":"instock","11":"taxable","12":"shipping-taxable","13":"purchasable","14":"product-type-simple"},"_links":{"self":[{"href":"https:\/\/boreait.com\/fr\/wp-json\/wp\/v2\/product\/10829","targetHints":{"allow":["GET"]}}],"collection":[{"href":"https:\/\/boreait.com\/fr\/wp-json\/wp\/v2\/product"}],"about":[{"href":"https:\/\/boreait.com\/fr\/wp-json\/wp\/v2\/types\/product"}],"wp:featuredmedia":[{"embeddable":true,"href":"https:\/\/boreait.com\/fr\/wp-json\/wp\/v2\/media\/10880"}],"wp:attachment":[{"href":"https:\/\/boreait.com\/fr\/wp-json\/wp\/v2\/media?parent=10829"}],"wp:term":[{"taxonomy":"product_brand","embeddable":true,"href":"https:\/\/boreait.com\/fr\/wp-json\/wp\/v2\/product_brand?post=10829"},{"taxonomy":"product_cat","embeddable":true,"href":"https:\/\/boreait.com\/fr\/wp-json\/wp\/v2\/product_cat?post=10829"},{"taxonomy":"product_tag","embeddable":true,"href":"https:\/\/boreait.com\/fr\/wp-json\/wp\/v2\/product_tag?post=10829"}],"curies":[{"name":"wp","href":"https:\/\/api.w.org\/{rel}","templated":true}]}}