{"id":10810,"date":"2025-09-15T15:27:54","date_gmt":"2025-09-15T13:27:54","guid":{"rendered":"https:\/\/boreait.com\/fr\/?post_type=product&#038;p=10810"},"modified":"2026-03-17T14:20:24","modified_gmt":"2026-03-17T13:20:24","slug":"disque-dur-hgst-750-go-25-pouces-sata-7k1000-750-7-200-tr-min-60-gb-s-pour-ordinateur-portable","status":"publish","type":"product","link":"https:\/\/boreait.com\/fr\/produit\/disque-dur-hgst-750-go-25-pouces-sata-7k1000-750-7-200-tr-min-60-gb-s-pour-ordinateur-portable\/","title":{"rendered":"Disque dur HGST 750 Go 2,5 pouces SATA 7K1000-750 &#8211; 7\u00a0200 tr\/min &#8211; 6,0 Gb\/s pour ordinateur portable"},"content":{"rendered":"<p>Optimisez le stockage de votre ordinateur portable avec le disque dur SATA HGST 750 Go 2,5&Prime; 7K1000-750. Ce disque dur haute capacit\u00e9 est con\u00e7u pour r\u00e9pondre aux exigences des applications gourmandes en donn\u00e9es d&rsquo;aujourd&rsquo;hui.<\/p>\n<p>Principales caract\u00e9ristiques\u00a0:<\/p>\n<ul>\n<li>Capacit\u00e9 de stockage\u00a0: 750 Go<\/li>\n<li>Format\u00a0: SATA 2,5 pouces<\/li>\n<li>Vitesse de rotation\u00a0: 7\u00a0200 tr\/min<\/li>\n<li>Vitesse de transfert des donn\u00e9es\u00a0: 6,0 Gbit\/s<\/li>\n<li>Test\u00e9 avec Hard Disk Sentinel<\/li>\n<\/ul>\n<p>La vitesse de rotation de 7\u00a0200 tr\/min garantit un acc\u00e8s rapide aux donn\u00e9es, ce qui le rend id\u00e9al pour les t\u00e2ches n\u00e9cessitant un stockage \u00e0 haut d\u00e9bit. Que vous stockiez des fichiers multim\u00e9dias volumineux, ex\u00e9cutiez des applications ou ayez simplement besoin d&rsquo;espace suppl\u00e9mentaire pour vos documents, ce disque dur HGST est fait pour vous.<\/p>\n<p>Ce disque dur est Compatible avec diff\u00e9rents mod\u00e8les d&rsquo;ordinateurs portables, il offre une solution de mise \u00e0 niveau simple pour les utilisateurs souhaitant augmenter leur capacit\u00e9 de stockage sans compromettre les performances.<\/p>\n<p>Veuillez noter que cette annonce inclut de vraies photos du disque dur SATA HGST 750 Go 2,5&Prime; 7K1000-750. Aucune instruction d&rsquo;installation n&rsquo;est fournie\u00a0; cependant, si vous avez des questions ou besoin d&rsquo;aide, n&rsquo;h\u00e9sitez pas \u00e0 nous contacter. Optimisez les capacit\u00e9s de stockage de votre ordinateur portable gr\u00e2ce \u00e0 la fiabilit\u00e9 de HGST.<\/p>\n","protected":false},"excerpt":{"rendered":"<p>Augmentez la capacit\u00e9 de stockage de votre ordinateur portable avec le disque dur SATA HGST 750 Go 2,5&Prime; 7K1000-750. Ce disque dur hautes performances \u00e0 7\u00a0200 tr\/min offre une solution fiable pour vos besoins de stockage. Avec un taux de transfert de donn\u00e9es rapide de 6,0 Gbit\/s, il offre un acc\u00e8s rapide \u00e0 vos fichiers et applications. Optimisez la capacit\u00e9 de stockage de votre ordinateur portable et profitez de performances optimales avec ce disque dur HGST.<\/p>\n","protected":false},"featured_media":10870,"template":"","meta":[],"product_brand":[],"product_cat":[85,67],"product_tag":[],"class_list":{"0":"post-10810","1":"product","2":"type-product","3":"status-publish","4":"has-post-thumbnail","6":"product_cat-2-5-hdd","7":"product_cat-ssd-hdd-drives","9":"first","10":"instock","11":"taxable","12":"shipping-taxable","13":"purchasable","14":"product-type-simple"},"_links":{"self":[{"href":"https:\/\/boreait.com\/fr\/wp-json\/wp\/v2\/product\/10810","targetHints":{"allow":["GET"]}}],"collection":[{"href":"https:\/\/boreait.com\/fr\/wp-json\/wp\/v2\/product"}],"about":[{"href":"https:\/\/boreait.com\/fr\/wp-json\/wp\/v2\/types\/product"}],"wp:featuredmedia":[{"embeddable":true,"href":"https:\/\/boreait.com\/fr\/wp-json\/wp\/v2\/media\/10870"}],"wp:attachment":[{"href":"https:\/\/boreait.com\/fr\/wp-json\/wp\/v2\/media?parent=10810"}],"wp:term":[{"taxonomy":"product_brand","embeddable":true,"href":"https:\/\/boreait.com\/fr\/wp-json\/wp\/v2\/product_brand?post=10810"},{"taxonomy":"product_cat","embeddable":true,"href":"https:\/\/boreait.com\/fr\/wp-json\/wp\/v2\/product_cat?post=10810"},{"taxonomy":"product_tag","embeddable":true,"href":"https:\/\/boreait.com\/fr\/wp-json\/wp\/v2\/product_tag?post=10810"}],"curies":[{"name":"wp","href":"https:\/\/api.w.org\/{rel}","templated":true}]}}