{"id":10789,"date":"2025-09-15T15:27:28","date_gmt":"2025-09-15T13:27:28","guid":{"rendered":"https:\/\/boreait.com\/fr\/?post_type=product&#038;p=10789"},"modified":"2026-01-12T10:27:54","modified_gmt":"2026-01-12T09:27:54","slug":"carte-wi-fi-intel-ultimate-n-6300-633anhmw-pour-thinkpad-fru-60y3233","status":"publish","type":"product","link":"https:\/\/boreait.com\/fr\/produit\/carte-wi-fi-intel-ultimate-n-6300-633anhmw-pour-thinkpad-fru-60y3233\/","title":{"rendered":"Carte Wi-Fi Intel Ultimate N 6300 633ANHMW pour ThinkPad FRU 60Y3233"},"content":{"rendered":"<p>Am\u00e9liorez la connectivit\u00e9 sans fil de votre Thinkpad avec la carte Wi-Fi Intel Ultimate N 6300 633ANHMW. Compatible avec les mod\u00e8les Thinkpad \u00e9quip\u00e9s de la r\u00e9f\u00e9rence FRU 60Y3233, cette carte garantit une exp\u00e9rience r\u00e9seau sans fil sup\u00e9rieure.<\/p>\n<p>Principales caract\u00e9ristiques\u00a0:<\/p>\n<ul>\n<li>Mod\u00e8le\u00a0: Intel Ultimate N 6300<\/li>\n<li>FRU\u00a0: 60Y3233<\/li>\n<li>Am\u00e9liore les performances sans fil des ordinateurs portables Thinkpad<\/li>\n<li>Connectivit\u00e9 Internet sans fil fiable et rapide<\/li>\n<\/ul>\n<p>Que vous remplaciez une carte sans fil d\u00e9fectueuse ou que vous souhaitiez une mise \u00e0 niveau pour b\u00e9n\u00e9ficier de d\u00e9bits Internet plus rapides, la carte Intel Ultimate N 6300 est un choix de confiance. Gr\u00e2ce \u00e0 ses fonctionnalit\u00e9s avanc\u00e9es, profitez d&rsquo;une exp\u00e9rience en ligne fluide, que vous regardiez du contenu en streaming, jouiez ou travailliez. Veuillez noter que cette annonce inclut de vraies photos de la carte Wi-Fi Intel Ultimate N 6300 633ANHMW pour Thinkpad FRU 60Y3233. Aucune instruction d&rsquo;installation n&rsquo;est fournie, mais n&rsquo;h\u00e9sitez pas \u00e0 nous contacter si vous avez des questions ou besoin d&rsquo;aide. Optimisez les capacit\u00e9s sans fil de votre Thinkpad avec cette carte Wi-Fi Intel hautes performances.<\/p>\n","protected":false},"excerpt":{"rendered":"<p>Am\u00e9liorez la connectivit\u00e9 de votre ordinateur portable avec la carte Wi-Fi Intel Ultimate N 6300 633ANHMW. Sp\u00e9cialement con\u00e7ue pour les mod\u00e8les Thinkpad avec FRU 60Y3233, cette carte sans fil offre une connectivit\u00e9 r\u00e9seau sans fil hautes performances. Am\u00e9liorez les capacit\u00e9s sans fil de votre ordinateur portable pour une connectivit\u00e9 fluide et un acc\u00e8s internet rapide et fiable.<\/p>\n","protected":false},"featured_media":10838,"template":"","meta":[],"product_brand":[],"product_cat":[63],"product_tag":[62],"class_list":{"0":"post-10789","1":"product","2":"type-product","3":"status-publish","4":"has-post-thumbnail","6":"product_cat-motherboards-board-parts","7":"product_tag-lenovo","9":"first","10":"instock","11":"taxable","12":"shipping-taxable","13":"purchasable","14":"product-type-simple"},"_links":{"self":[{"href":"https:\/\/boreait.com\/fr\/wp-json\/wp\/v2\/product\/10789","targetHints":{"allow":["GET"]}}],"collection":[{"href":"https:\/\/boreait.com\/fr\/wp-json\/wp\/v2\/product"}],"about":[{"href":"https:\/\/boreait.com\/fr\/wp-json\/wp\/v2\/types\/product"}],"wp:featuredmedia":[{"embeddable":true,"href":"https:\/\/boreait.com\/fr\/wp-json\/wp\/v2\/media\/10838"}],"wp:attachment":[{"href":"https:\/\/boreait.com\/fr\/wp-json\/wp\/v2\/media?parent=10789"}],"wp:term":[{"taxonomy":"product_brand","embeddable":true,"href":"https:\/\/boreait.com\/fr\/wp-json\/wp\/v2\/product_brand?post=10789"},{"taxonomy":"product_cat","embeddable":true,"href":"https:\/\/boreait.com\/fr\/wp-json\/wp\/v2\/product_cat?post=10789"},{"taxonomy":"product_tag","embeddable":true,"href":"https:\/\/boreait.com\/fr\/wp-json\/wp\/v2\/product_tag?post=10789"}],"curies":[{"name":"wp","href":"https:\/\/api.w.org\/{rel}","templated":true}]}}