{"id":10777,"date":"2025-09-15T15:27:05","date_gmt":"2025-09-15T13:27:05","guid":{"rendered":"https:\/\/boreait.com\/fr\/?post_type=product&#038;p=10777"},"modified":"2026-01-19T06:43:50","modified_gmt":"2026-01-19T05:43:50","slug":"memoire-ram-1-go-pour-ordinateur-portable-module-de-memoire-sodimm-ddr2-pc2-6400-800-mhz-samsung-m470t2864qz3-cf7","status":"publish","type":"product","link":"https:\/\/boreait.com\/fr\/produit\/memoire-ram-1-go-pour-ordinateur-portable-module-de-memoire-sodimm-ddr2-pc2-6400-800-mhz-samsung-m470t2864qz3-cf7\/","title":{"rendered":"M\u00e9moire RAM 1 Go pour ordinateur portable &#8211; Module de m\u00e9moire SODIMM DDR2 PC2-6400 800 MHz Samsung M470T2864QZ3-CF7"},"content":{"rendered":"<p>Am\u00e9liorez la m\u00e9moire de votre ordinateur portable avec le module RAM Samsung M470T2864QZ3-CF7 1 Go DDR2 SODIMM. Con\u00e7u pour une am\u00e9lioration continue des performances, ce module m\u00e9moire est id\u00e9al pour am\u00e9liorer la vitesse et la r\u00e9activit\u00e9 de votre ordinateur portable.<\/p>\n<p>Principales caract\u00e9ristiques\u00a0:<\/p>\n<ul>\n<li>Capacit\u00e9\u00a0: 1 Go<\/li>\n<li>Type\u00a0: DDR2 SODIMM<\/li>\n<li>Vitesse\u00a0: 800\u00a0MHz (PC2-6400)<\/li>\n<li>Compatibilit\u00e9\u00a0: Con\u00e7u pour diff\u00e9rents mod\u00e8les d&rsquo;ordinateurs portables<\/li>\n<\/ul>\n<p>B\u00e9n\u00e9ficiez d&rsquo;un acc\u00e8s aux donn\u00e9es plus rapide et de capacit\u00e9s multit\u00e2ches am\u00e9lior\u00e9es gr\u00e2ce \u00e0 une capacit\u00e9 de m\u00e9moire accrue. Ce module RAM Samsung garantit des performances fiables pour votre ordinateur portable, que vous soyez un utilisateur occasionnel ou un professionnel multit\u00e2che.<\/p>\n<p>Proc\u00e9dez \u00e0 une mise \u00e0 niveau sans tracas et profitez d&rsquo;un chargement plus fluide des applications et de performances syst\u00e8me globales am\u00e9lior\u00e9es. Veuillez noter que cette annonce inclut de vraies photos de la RAM Samsung M470T2864QZ3-CF7 1 Go pour ordinateur portable, sans instructions d&rsquo;installation. Pour toute question ou besoin d&rsquo;aide, n&rsquo;h\u00e9sitez pas \u00e0 nous contacter. Optimisez les performances de votre ordinateur portable avec ce module RAM Samsung de haute qualit\u00e9.<\/p>\n","protected":false},"excerpt":{"rendered":"<p>Am\u00e9liorez les performances de votre ordinateur portable avec la RAM Samsung M470T2864QZ3-CF7 de 1 Go. Ce module de m\u00e9moire DDR2 SODIMM fonctionne \u00e0 800 MHz, am\u00e9liorant consid\u00e9rablement la vitesse et la r\u00e9activit\u00e9 de votre ordinateur portable. Mettez \u00e0 niveau votre ordinateur facilement et profitez d&rsquo;un multit\u00e2che plus fluide et de performances syst\u00e8me am\u00e9lior\u00e9es.<\/p>\n","protected":false},"featured_media":10837,"template":"","meta":[],"product_brand":[],"product_cat":[77,72],"product_tag":[],"class_list":{"0":"post-10777","1":"product","2":"type-product","3":"status-publish","4":"has-post-thumbnail","6":"product_cat-ddr2","7":"product_cat-ram-memory","9":"first","10":"instock","11":"taxable","12":"shipping-taxable","13":"purchasable","14":"product-type-simple"},"_links":{"self":[{"href":"https:\/\/boreait.com\/fr\/wp-json\/wp\/v2\/product\/10777","targetHints":{"allow":["GET"]}}],"collection":[{"href":"https:\/\/boreait.com\/fr\/wp-json\/wp\/v2\/product"}],"about":[{"href":"https:\/\/boreait.com\/fr\/wp-json\/wp\/v2\/types\/product"}],"wp:featuredmedia":[{"embeddable":true,"href":"https:\/\/boreait.com\/fr\/wp-json\/wp\/v2\/media\/10837"}],"wp:attachment":[{"href":"https:\/\/boreait.com\/fr\/wp-json\/wp\/v2\/media?parent=10777"}],"wp:term":[{"taxonomy":"product_brand","embeddable":true,"href":"https:\/\/boreait.com\/fr\/wp-json\/wp\/v2\/product_brand?post=10777"},{"taxonomy":"product_cat","embeddable":true,"href":"https:\/\/boreait.com\/fr\/wp-json\/wp\/v2\/product_cat?post=10777"},{"taxonomy":"product_tag","embeddable":true,"href":"https:\/\/boreait.com\/fr\/wp-json\/wp\/v2\/product_tag?post=10777"}],"curies":[{"name":"wp","href":"https:\/\/api.w.org\/{rel}","templated":true}]}}