{"id":10757,"date":"2025-09-15T15:26:38","date_gmt":"2025-09-15T13:26:38","guid":{"rendered":"https:\/\/boreait.com\/fr\/?post_type=product&#038;p=10757"},"modified":"2025-09-15T15:28:14","modified_gmt":"2025-09-15T13:28:14","slug":"carte-wi-fi-sans-fil-broadcom-mini-pci-double-port-pour-ordinateur-portable-dell-xps-0mx846-bcm94321mc","status":"publish","type":"product","link":"https:\/\/boreait.com\/fr\/produit\/carte-wi-fi-sans-fil-broadcom-mini-pci-double-port-pour-ordinateur-portable-dell-xps-0mx846-bcm94321mc\/","title":{"rendered":"Carte Wi-Fi sans fil Broadcom Mini PCI double port pour ordinateur portable Dell XPS 0MX846 BCM94321MC"},"content":{"rendered":"<p>Am\u00e9liorez les capacit\u00e9s sans fil de votre ordinateur portable Dell XPS avec la carte Wi-Fi Broadcom Mini PCI double port (0MX846 BCM94321MC). Cette carte sans fil Dell authentique est con\u00e7ue pour offrir une fonctionnalit\u00e9 double port, offrant une exp\u00e9rience sans fil am\u00e9lior\u00e9e pour votre ordinateur portable.<\/p>\n<p>Principales caract\u00e9ristiques\u00a0:<\/p>\n<ul>\n<li>Compatible avec les ordinateurs portables Dell XPS<\/li>\n<li>Conception Mini PCI double port<\/li>\n<li>Mod\u00e8le\u00a0: 0MX846 BCM94321MC<\/li>\n<li>Connectivit\u00e9 sans fil fiable et haut d\u00e9bit<\/li>\n<\/ul>\n<p>Am\u00e9liorez les performances sans fil de votre ordinateur portable et profitez de t\u00e9l\u00e9chargements plus rapides, d&rsquo;un streaming plus fluide et d&rsquo;une exp\u00e9rience en ligne am\u00e9lior\u00e9e. La technologie Broadcom garantit une connexion fluide et stable, ce qui en fait un excellent choix pour ceux qui exigent un r\u00e9seau sans fil fiable.<br \/>\nVeuillez noter que cette annonce inclut des photos r\u00e9elles de la carte Wi-Fi Mini PCI double port Broadcom pour Dell XPS (0MX846 BCM94321MC), et qu&rsquo;aucune instruction d&rsquo;installation n&rsquo;est fournie. Pour toute question ou information compl\u00e9mentaire, n&rsquo;h\u00e9sitez pas \u00e0 nous contacter. Am\u00e9liorez la connectivit\u00e9 de votre ordinateur portable Dell XPS avec cette carte Wi-Fi Broadcom d&rsquo;origine et restez connect\u00e9 en toute simplicit\u00e9.<\/p>\n","protected":false},"excerpt":{"rendered":"<p>Am\u00e9liorez la connectivit\u00e9 de votre ordinateur portable Dell XPS avec la carte Wi-Fi Mini PCI double port Broadcom (0MX846 BCM94321MC). Cette carte sans fil Dell d&rsquo;origine offre deux ports pour une connexion sans fil fiable et haut d\u00e9bit. Am\u00e9liorez les performances sans fil de votre ordinateur portable pour des t\u00e9l\u00e9chargements plus rapides, un streaming plus fluide et une exp\u00e9rience en ligne optimis\u00e9e. Faites confiance \u00e0 la qualit\u00e9 de la technologie Broadcom pour une connectivit\u00e9 fluide.<\/p>\n","protected":false},"featured_media":10821,"template":"","meta":[],"product_brand":[],"product_cat":[63],"product_tag":[53],"class_list":{"0":"post-10757","1":"product","2":"type-product","3":"status-publish","4":"has-post-thumbnail","6":"product_cat-motherboards-board-parts","7":"product_tag-dell","9":"first","10":"instock","11":"taxable","12":"shipping-taxable","13":"purchasable","14":"product-type-simple"},"_links":{"self":[{"href":"https:\/\/boreait.com\/fr\/wp-json\/wp\/v2\/product\/10757","targetHints":{"allow":["GET"]}}],"collection":[{"href":"https:\/\/boreait.com\/fr\/wp-json\/wp\/v2\/product"}],"about":[{"href":"https:\/\/boreait.com\/fr\/wp-json\/wp\/v2\/types\/product"}],"wp:featuredmedia":[{"embeddable":true,"href":"https:\/\/boreait.com\/fr\/wp-json\/wp\/v2\/media\/10821"}],"wp:attachment":[{"href":"https:\/\/boreait.com\/fr\/wp-json\/wp\/v2\/media?parent=10757"}],"wp:term":[{"taxonomy":"product_brand","embeddable":true,"href":"https:\/\/boreait.com\/fr\/wp-json\/wp\/v2\/product_brand?post=10757"},{"taxonomy":"product_cat","embeddable":true,"href":"https:\/\/boreait.com\/fr\/wp-json\/wp\/v2\/product_cat?post=10757"},{"taxonomy":"product_tag","embeddable":true,"href":"https:\/\/boreait.com\/fr\/wp-json\/wp\/v2\/product_tag?post=10757"}],"curies":[{"name":"wp","href":"https:\/\/api.w.org\/{rel}","templated":true}]}}