{"id":10738,"date":"2025-09-15T15:26:15","date_gmt":"2025-09-15T13:26:15","guid":{"rendered":"https:\/\/boreait.com\/fr\/?post_type=product&#038;p=10738"},"modified":"2025-09-15T15:27:48","modified_gmt":"2025-09-15T13:27:48","slug":"haut-parleur-pour-hp-pavilion-15-r130nf-sps-749653-001-6394-piece-de-rechange-dorigine","status":"publish","type":"product","link":"https:\/\/boreait.com\/fr\/produit\/haut-parleur-pour-hp-pavilion-15-r130nf-sps-749653-001-6394-piece-de-rechange-dorigine\/","title":{"rendered":"Haut-parleur pour HP Pavilion 15-R130NF SPS-749653-001 (6394) &#8211; Pi\u00e8ce de rechange d&rsquo;origine"},"content":{"rendered":"<p>Am\u00e9liorez la qualit\u00e9 audio de votre ordinateur portable HP Pavilion 15-R130NF avec le haut-parleur de remplacement d&rsquo;origine, r\u00e9f\u00e9rence SPS-749653-001 (6394). Ce haut-parleur est parfaitement adapt\u00e9 \u00e0 votre mod\u00e8le d&rsquo;ordinateur portable et remplace parfaitement le composant d&rsquo;origine.<\/p>\n<p>Principales caract\u00e9ristiques\u00a0:<\/p>\n<ul>\n<li>Haut-parleur de remplacement d&rsquo;origine<\/li>\n<li>R\u00e9f\u00e9rence\u00a0: SPS-749653-001 (6394)<\/li>\n<li>Compatibilit\u00e9\u00a0: HP Pavilion 15-R130NF<\/li>\n<\/ul>\n<p>Restaure le son clair et net que votre ordinateur portable m\u00e9rite. Ce haut-parleur de remplacement vous garantit une qualit\u00e9 audio conforme aux sp\u00e9cifications du fabricant. C&rsquo;est une solution fiable pour r\u00e9soudre tout probl\u00e8me de sortie audio de votre ordinateur portable.<\/p>\n<p>Veuillez noter que cette annonce inclut de vraies photos du haut-parleur que vous recevrez. Aucune instruction d&rsquo;installation n&rsquo;est fournie, mais si vous avez besoin d&rsquo;aide ou des questions, n&rsquo;h\u00e9sitez pas \u00e0 nous contacter. Am\u00e9liorez le syst\u00e8me audio de votre HP Pavilion 15-R130NF avec ce haut-parleur de remplacement d&rsquo;origine et profitez d&rsquo;une exp\u00e9rience audio immersive.<\/p>\n","protected":false},"excerpt":{"rendered":"<p>Am\u00e9liorez la qualit\u00e9 audio de votre HP Pavilion 15-R130NF avec le haut-parleur de remplacement d&rsquo;origine (r\u00e9f\u00e9rence SPS-749653-001 (6394). Ce haut-parleur est con\u00e7u pour remplacer parfaitement le haut-parleur existant et garantir des performances sonores optimales. Retrouvez toute l&rsquo;exp\u00e9rience audio de votre ordinateur portable gr\u00e2ce \u00e0 ce haut-parleur de haute qualit\u00e9.<\/p>\n","protected":false},"featured_media":10802,"template":"","meta":[],"product_brand":[],"product_cat":[54],"product_tag":[61],"class_list":{"0":"post-10738","1":"product","2":"type-product","3":"status-publish","4":"has-post-thumbnail","6":"product_cat-laptop-speakers","7":"product_tag-hp","9":"first","10":"instock","11":"taxable","12":"shipping-taxable","13":"purchasable","14":"product-type-simple"},"_links":{"self":[{"href":"https:\/\/boreait.com\/fr\/wp-json\/wp\/v2\/product\/10738","targetHints":{"allow":["GET"]}}],"collection":[{"href":"https:\/\/boreait.com\/fr\/wp-json\/wp\/v2\/product"}],"about":[{"href":"https:\/\/boreait.com\/fr\/wp-json\/wp\/v2\/types\/product"}],"wp:featuredmedia":[{"embeddable":true,"href":"https:\/\/boreait.com\/fr\/wp-json\/wp\/v2\/media\/10802"}],"wp:attachment":[{"href":"https:\/\/boreait.com\/fr\/wp-json\/wp\/v2\/media?parent=10738"}],"wp:term":[{"taxonomy":"product_brand","embeddable":true,"href":"https:\/\/boreait.com\/fr\/wp-json\/wp\/v2\/product_brand?post=10738"},{"taxonomy":"product_cat","embeddable":true,"href":"https:\/\/boreait.com\/fr\/wp-json\/wp\/v2\/product_cat?post=10738"},{"taxonomy":"product_tag","embeddable":true,"href":"https:\/\/boreait.com\/fr\/wp-json\/wp\/v2\/product_tag?post=10738"}],"curies":[{"name":"wp","href":"https:\/\/api.w.org\/{rel}","templated":true}]}}