{"id":10687,"date":"2025-09-15T15:25:03","date_gmt":"2025-09-15T13:25:03","guid":{"rendered":"https:\/\/boreait.com\/fr\/?post_type=product&#038;p=10687"},"modified":"2025-09-15T15:26:27","modified_gmt":"2025-09-15T13:26:27","slug":"clavier-oem-hp-compatible-697530-ba1-698694-ba1-646125-ba1-pour-ordinateur-portable","status":"publish","type":"product","link":"https:\/\/boreait.com\/fr\/produit\/clavier-oem-hp-compatible-697530-ba1-698694-ba1-646125-ba1-pour-ordinateur-portable\/","title":{"rendered":"Clavier OEM HP compatible 697530-BA1 698694-BA1 646125-BA1 pour ordinateur portable"},"content":{"rendered":"<p>Am\u00e9liorez votre exp\u00e9rience de frappe avec le clavier HP OEM. Con\u00e7u pour r\u00e9pondre aux normes de qualit\u00e9 HP, ce clavier est un remplacement d&rsquo;origine pour divers mod\u00e8les d&rsquo;ordinateurs portables HP, notamment ceux portant les r\u00e9f\u00e9rences 697530-BA1, 698694-BA1 et 646125-BA1. <\/p>\n<p>Principales caract\u00e9ristiques\u00a0:<\/p>\n<ul>\n<li>Produit HP authentique<\/li>\n<li>Clavier anglais britannique<\/li>\n<li>Compatible avec les r\u00e9f\u00e9rences\u00a0: 697530-BA1, 698694-BA1, 646125-BA1<\/li>\n<li>Installation facile, restaure les fonctionnalit\u00e9s d&rsquo;origine de votre ordinateur portable<\/li>\n<li>Clavier slov\u00e8ne\/SLO (compatible avec d&rsquo;autres langues)<\/li>\n<\/ul>\n<p>Que vous remplaciez un clavier endommag\u00e9 ou que vous recherchiez une version am\u00e9lior\u00e9e, ce clavier HP OEM vous garantit une exp\u00e9rience de frappe confortable et fiable. La disposition anglais britannique est id\u00e9ale pour les utilisateurs qui pr\u00e9f\u00e8rent ou n\u00e9cessitent cette configuration sp\u00e9cifique.<\/p>\n<p>Veuillez noter que cette annonce inclut de vraies photos du clavier HP OEM et qu&rsquo;aucune instruction d&rsquo;installation n&rsquo;est fournie. Pour toute question ou assistance, n&rsquo;h\u00e9sitez pas \u00e0 nous contacter. Am\u00e9liorez votre exp\u00e9rience de frappe et restaurez votre ordinateur portable avec ce clavier de remplacement HP authentique.<\/p>\n","protected":false},"excerpt":{"rendered":"<p>Am\u00e9liorez votre exp\u00e9rience de frappe avec le clavier HP OEM. Ce clavier est un produit HP authentique, compatible avec diff\u00e9rents mod\u00e8les, notamment ceux portant les r\u00e9f\u00e9rences 697530-BA1, 698694-BA1 et 646125-BA1. Restaurez les fonctionnalit\u00e9s d&rsquo;origine de votre ordinateur portable gr\u00e2ce \u00e0 ce clavier de remplacement de haute qualit\u00e9.<\/p>\n","protected":false},"featured_media":10748,"template":"","meta":[],"product_brand":[],"product_cat":[71],"product_tag":[61],"class_list":{"0":"post-10687","1":"product","2":"type-product","3":"status-publish","4":"has-post-thumbnail","6":"product_cat-laptop-keyboard","7":"product_tag-hp","9":"first","10":"instock","11":"taxable","12":"shipping-taxable","13":"purchasable","14":"product-type-simple"},"_links":{"self":[{"href":"https:\/\/boreait.com\/fr\/wp-json\/wp\/v2\/product\/10687","targetHints":{"allow":["GET"]}}],"collection":[{"href":"https:\/\/boreait.com\/fr\/wp-json\/wp\/v2\/product"}],"about":[{"href":"https:\/\/boreait.com\/fr\/wp-json\/wp\/v2\/types\/product"}],"wp:featuredmedia":[{"embeddable":true,"href":"https:\/\/boreait.com\/fr\/wp-json\/wp\/v2\/media\/10748"}],"wp:attachment":[{"href":"https:\/\/boreait.com\/fr\/wp-json\/wp\/v2\/media?parent=10687"}],"wp:term":[{"taxonomy":"product_brand","embeddable":true,"href":"https:\/\/boreait.com\/fr\/wp-json\/wp\/v2\/product_brand?post=10687"},{"taxonomy":"product_cat","embeddable":true,"href":"https:\/\/boreait.com\/fr\/wp-json\/wp\/v2\/product_cat?post=10687"},{"taxonomy":"product_tag","embeddable":true,"href":"https:\/\/boreait.com\/fr\/wp-json\/wp\/v2\/product_tag?post=10687"}],"curies":[{"name":"wp","href":"https:\/\/api.w.org\/{rel}","templated":true}]}}