{"id":10650,"date":"2025-09-15T15:24:15","date_gmt":"2025-09-15T13:24:15","guid":{"rendered":"https:\/\/boreait.com\/fr\/?post_type=product&#038;p=10650"},"modified":"2026-01-19T06:39:02","modified_gmt":"2026-01-19T05:39:02","slug":"module-de-carte-wi-fi-hp-635-tpn-f104-5-593127-001-remplacement-dorigine","status":"publish","type":"product","link":"https:\/\/boreait.com\/fr\/produit\/module-de-carte-wi-fi-hp-635-tpn-f104-5-593127-001-remplacement-dorigine\/","title":{"rendered":"Module de carte Wi-Fi HP 635 TPN-F104-5 593127-001 &#8211; Remplacement d&rsquo;origine"},"content":{"rendered":"<p>Am\u00e9liorez les capacit\u00e9s sans fil de votre ordinateur portable HP 635 avec le module de carte Wi-Fi HP 635 TPN-F104-5 (593127-001). Ce module est con\u00e7u pour offrir une connexion sans fil fiable et rapide, vous assurant une connexion fluide.<\/p>\n<p>Principales caract\u00e9ristiques\u00a0:<\/p>\n<ul>\n<li>Pi\u00e8ce de rechange HP d&rsquo;origine<\/li>\n<li>Mod\u00e8le\u00a0: 593127-001<\/li>\n<li>Compatibilit\u00e9\u00a0: Ordinateurs portables HP 635 TPN-F104-5<\/li>\n<li>Performances sans fil fiables<\/li>\n<\/ul>\n<p>Que vous cherchiez \u00e0 remplacer un module Wi-Fi d\u00e9fectueux ou \u00e0 am\u00e9liorer la connectivit\u00e9 de votre ordinateur portable, ce module HP est la solution id\u00e9ale. Profitez d&rsquo;un acc\u00e8s Internet rapide et stable pour travailler, regarder du contenu en streaming ou faire des activit\u00e9s en ligne. Veuillez noter que cette annonce inclut des photos r\u00e9elles du module de carte Wi-Fi HP 635 TPN-F104-5 (593127-001). Aucune instruction d&rsquo;installation n&rsquo;est fournie\u00a0; n&rsquo;h\u00e9sitez pas \u00e0 nous contacter pour toute question ou besoin d&rsquo;aide. Faites confiance \u00e0 la qualit\u00e9 et \u00e0 la compatibilit\u00e9 des pi\u00e8ces HP d&rsquo;origine pour une exp\u00e9rience sans fil fluide avec votre ordinateur portable HP 635. Mettez \u00e0 niveau d\u00e8s aujourd&rsquo;hui et restez connect\u00e9 en toute simplicit\u00e9.<\/p>\n","protected":false},"excerpt":{"rendered":"<p>Am\u00e9liorez la connectivit\u00e9 de votre ordinateur portable avec le module de carte Wi-Fi HP 635 TPN-F104-5 (593127-001). Ce module de remplacement d&rsquo;origine garantit des performances sans fil fiables et rapides pour votre ordinateur portable HP. Restez connect\u00e9 en toute simplicit\u00e9 et profitez d&rsquo;un acc\u00e8s internet fluide. Compatible avec les ordinateurs portables HP 635, ce module est la solution id\u00e9ale pour mettre \u00e0 niveau ou remplacer votre carte Wi-Fi actuelle. Faites confiance \u00e0 la qualit\u00e9 HP pour une connexion sans fil fiable.<\/p>\n","protected":false},"featured_media":10713,"template":"","meta":[],"product_brand":[],"product_cat":[63],"product_tag":[61],"class_list":{"0":"post-10650","1":"product","2":"type-product","3":"status-publish","4":"has-post-thumbnail","6":"product_cat-motherboards-board-parts","7":"product_tag-hp","9":"first","10":"instock","11":"taxable","12":"shipping-taxable","13":"purchasable","14":"product-type-simple"},"_links":{"self":[{"href":"https:\/\/boreait.com\/fr\/wp-json\/wp\/v2\/product\/10650","targetHints":{"allow":["GET"]}}],"collection":[{"href":"https:\/\/boreait.com\/fr\/wp-json\/wp\/v2\/product"}],"about":[{"href":"https:\/\/boreait.com\/fr\/wp-json\/wp\/v2\/types\/product"}],"wp:featuredmedia":[{"embeddable":true,"href":"https:\/\/boreait.com\/fr\/wp-json\/wp\/v2\/media\/10713"}],"wp:attachment":[{"href":"https:\/\/boreait.com\/fr\/wp-json\/wp\/v2\/media?parent=10650"}],"wp:term":[{"taxonomy":"product_brand","embeddable":true,"href":"https:\/\/boreait.com\/fr\/wp-json\/wp\/v2\/product_brand?post=10650"},{"taxonomy":"product_cat","embeddable":true,"href":"https:\/\/boreait.com\/fr\/wp-json\/wp\/v2\/product_cat?post=10650"},{"taxonomy":"product_tag","embeddable":true,"href":"https:\/\/boreait.com\/fr\/wp-json\/wp\/v2\/product_tag?post=10650"}],"curies":[{"name":"wp","href":"https:\/\/api.w.org\/{rel}","templated":true}]}}