{"id":10516,"date":"2025-09-15T15:21:52","date_gmt":"2025-09-15T13:21:52","guid":{"rendered":"https:\/\/boreait.com\/fr\/?post_type=product&#038;p=10516"},"modified":"2025-09-15T15:23:16","modified_gmt":"2025-09-15T13:23:16","slug":"interrupteur-dalimentation-dorigine-pour-ordinateur-portable-hp-840-g5-745-g6-piece-de-rechange-dorigine-6050a3040101","status":"publish","type":"product","link":"https:\/\/boreait.com\/fr\/produit\/interrupteur-dalimentation-dorigine-pour-ordinateur-portable-hp-840-g5-745-g6-piece-de-rechange-dorigine-6050a3040101\/","title":{"rendered":"Interrupteur d&rsquo;alimentation d&rsquo;origine pour ordinateur portable HP 840 G5, 745 G6 &#8211; Pi\u00e8ce de rechange d&rsquo;origine (6050A3040101)"},"content":{"rendered":"<p>La carte de commutation du bouton d&rsquo;alimentation de votre ordinateur portable ne fonctionne plus correctement\u00a0? Restaurez un contr\u00f4le fiable de l&rsquo;alimentation gr\u00e2ce \u00e0 cette pi\u00e8ce de rechange d&rsquo;origine (6050A3040101) con\u00e7ue pour les ordinateurs portables HP 840 G5 et 745 G6.<\/p>\n<p><strong>Caract\u00e9ristiques principales\u00a0:<\/strong><\/p>\n<ul>\n<li><strong>Compatibilit\u00e9\u00a0:<\/strong> Cette carte de commutation du bouton d&rsquo;alimentation est compatible avec les ordinateurs portables HP 840 G5 et 745 G6.<\/li>\n<li><strong>Pi\u00e8ce d&rsquo;origine\u00a0:<\/strong> Assurez la qualit\u00e9 et la compatibilit\u00e9 de votre pi\u00e8ce de rechange avec ce composant d&rsquo;origine.<\/li>\n<li><strong>Contr\u00f4le fiable de l&rsquo;alimentation\u00a0:<\/strong> Restaurez le fonctionnement fiable du bouton d&rsquo;alimentation de votre ordinateur portable.<\/li>\n<li><strong>Installation facile\u00a0:<\/strong> Le remplacement de la carte de commutation du bouton d&rsquo;alimentation est simple et peut \u00eatre effectu\u00e9 avec des outils standard. Aucune comp\u00e9tence technique avanc\u00e9e n&rsquo;est requise.<\/li>\n<\/ul>\n<p>Am\u00e9liorez le contr\u00f4le d&rsquo;alimentation de votre ordinateur portable HP 840 G5 et 745 G6 avec cette carte de commutation de bouton d&rsquo;alimentation de remplacement d&rsquo;origine (6050A3040101). Assurez le bon fonctionnement de votre ordinateur portable.<\/p>\n<p>Si vous avez d&rsquo;autres produits \u00e0 lister ou besoin d&rsquo;informations compl\u00e9mentaires, n&rsquo;h\u00e9sitez pas \u00e0 me contacter et je vous aiderai.<\/p>\n","protected":false},"excerpt":{"rendered":"<p>Remplacez la carte de commutation du bouton d&rsquo;alimentation de votre ordinateur portable par cette pi\u00e8ce d&rsquo;origine pour HP 840 G5 et 745 G6. Retrouvez un contr\u00f4le fiable de l&rsquo;alimentation.<\/p>\n","protected":false},"featured_media":10582,"template":"","meta":[],"product_brand":[],"product_cat":[63],"product_tag":[61],"class_list":{"0":"post-10516","1":"product","2":"type-product","3":"status-publish","4":"has-post-thumbnail","6":"product_cat-motherboards-board-parts","7":"product_tag-hp","9":"first","10":"instock","11":"taxable","12":"shipping-taxable","13":"purchasable","14":"product-type-simple"},"_links":{"self":[{"href":"https:\/\/boreait.com\/fr\/wp-json\/wp\/v2\/product\/10516","targetHints":{"allow":["GET"]}}],"collection":[{"href":"https:\/\/boreait.com\/fr\/wp-json\/wp\/v2\/product"}],"about":[{"href":"https:\/\/boreait.com\/fr\/wp-json\/wp\/v2\/types\/product"}],"wp:featuredmedia":[{"embeddable":true,"href":"https:\/\/boreait.com\/fr\/wp-json\/wp\/v2\/media\/10582"}],"wp:attachment":[{"href":"https:\/\/boreait.com\/fr\/wp-json\/wp\/v2\/media?parent=10516"}],"wp:term":[{"taxonomy":"product_brand","embeddable":true,"href":"https:\/\/boreait.com\/fr\/wp-json\/wp\/v2\/product_brand?post=10516"},{"taxonomy":"product_cat","embeddable":true,"href":"https:\/\/boreait.com\/fr\/wp-json\/wp\/v2\/product_cat?post=10516"},{"taxonomy":"product_tag","embeddable":true,"href":"https:\/\/boreait.com\/fr\/wp-json\/wp\/v2\/product_tag?post=10516"}],"curies":[{"name":"wp","href":"https:\/\/api.w.org\/{rel}","templated":true}]}}