{"id":10470,"date":"2025-09-15T15:21:04","date_gmt":"2025-09-15T13:21:04","guid":{"rendered":"https:\/\/boreait.com\/fr\/?post_type=product&#038;p=10470"},"modified":"2025-09-15T15:22:05","modified_gmt":"2025-09-15T13:22:05","slug":"haut-parleur-interne-hp-zbook-15-g1-g2-734292-001","status":"publish","type":"product","link":"https:\/\/boreait.com\/fr\/produit\/haut-parleur-interne-hp-zbook-15-g1-g2-734292-001\/","title":{"rendered":"Haut-parleur interne HP Zbook 15 G1 G2 734292-001"},"content":{"rendered":"<p>Retrouvez un son de haute qualit\u00e9 avec le haut-parleur interne 734292-001 pour HP Zbook 15 G1 G2. Si le son de votre Zbook diminue ou si le haut-parleur interne est d\u00e9fectueux, ce haut-parleur de remplacement HP d&rsquo;origine est la solution.<\/p>\n<p>Caract\u00e9ristiques principales\u00a0:<\/p>\n<ul>\n<li>Haut-parleur interne d&rsquo;origine pour HP Zbook 15 G1 G2<\/li>\n<li>Num\u00e9ro de mod\u00e8le\u00a0: 734292-001<\/li>\n<li>R\u00e9tablit un son de haute qualit\u00e9<\/li>\n<li>Facile \u00e0 installer et compatible avec la s\u00e9rie Zbook<\/li>\n<\/ul>\n<p>Restaurez les performances audio d&rsquo;origine de votre ordinateur portable gr\u00e2ce \u00e0 ce haut-parleur interne de remplacement authentique. Veuillez noter que cette annonce inclut de vraies photos du haut-parleur interne 734292-001 pour HP Zbook 15 G1 G2. Les instructions d&rsquo;installation ne sont pas fournies\u00a0; Toutefois, si vous avez des questions ou besoin d&rsquo;aide, n&rsquo;h\u00e9sitez pas \u00e0 nous contacter.<\/p>\n<p>Rehaussez la qualit\u00e9 sonore de votre Zbook gr\u00e2ce \u00e0 ce haut-parleur de rechange HP d&rsquo;origine. Profitez d&rsquo;un son cristallin lorsque vous regardez des films, \u00e9coutez de la musique ou participez \u00e0 des visioconf\u00e9rences, sans aucun compromis sur la qualit\u00e9.<\/p>\n","protected":false},"excerpt":{"rendered":"<p>Am\u00e9liorez le son de votre ordinateur portable HP Zbook 15 G1 ou G2 avec le haut-parleur interne d&rsquo;origine 734292-001. Ce haut-parleur de rechange garantit un son de haute qualit\u00e9 et est compatible avec votre s\u00e9rie Zbook. Restaurez les performances audio de votre ordinateur portable gr\u00e2ce \u00e0 cette pi\u00e8ce de rechange HP authentique.<\/p>\n","protected":false},"featured_media":10523,"template":"","meta":[],"product_brand":[],"product_cat":[54],"product_tag":[61],"class_list":{"0":"post-10470","1":"product","2":"type-product","3":"status-publish","4":"has-post-thumbnail","6":"product_cat-laptop-speakers","7":"product_tag-hp","9":"first","10":"instock","11":"taxable","12":"shipping-taxable","13":"purchasable","14":"product-type-simple"},"_links":{"self":[{"href":"https:\/\/boreait.com\/fr\/wp-json\/wp\/v2\/product\/10470","targetHints":{"allow":["GET"]}}],"collection":[{"href":"https:\/\/boreait.com\/fr\/wp-json\/wp\/v2\/product"}],"about":[{"href":"https:\/\/boreait.com\/fr\/wp-json\/wp\/v2\/types\/product"}],"wp:featuredmedia":[{"embeddable":true,"href":"https:\/\/boreait.com\/fr\/wp-json\/wp\/v2\/media\/10523"}],"wp:attachment":[{"href":"https:\/\/boreait.com\/fr\/wp-json\/wp\/v2\/media?parent=10470"}],"wp:term":[{"taxonomy":"product_brand","embeddable":true,"href":"https:\/\/boreait.com\/fr\/wp-json\/wp\/v2\/product_brand?post=10470"},{"taxonomy":"product_cat","embeddable":true,"href":"https:\/\/boreait.com\/fr\/wp-json\/wp\/v2\/product_cat?post=10470"},{"taxonomy":"product_tag","embeddable":true,"href":"https:\/\/boreait.com\/fr\/wp-json\/wp\/v2\/product_tag?post=10470"}],"curies":[{"name":"wp","href":"https:\/\/api.w.org\/{rel}","templated":true}]}}