{"id":10452,"date":"2025-09-15T15:20:35","date_gmt":"2025-09-15T13:20:35","guid":{"rendered":"https:\/\/boreait.com\/fr\/?post_type=product&#038;p=10452"},"modified":"2025-09-15T15:21:57","modified_gmt":"2025-09-15T13:21:57","slug":"disque-dur-atg-pour-ordinateur-portable-dell-latitude-e6410-e6510-cg4r9","status":"publish","type":"product","link":"https:\/\/boreait.com\/fr\/produit\/disque-dur-atg-pour-ordinateur-portable-dell-latitude-e6410-e6510-cg4r9\/","title":{"rendered":"Disque dur ATG pour ordinateur portable Dell Latitude E6410 E6510 CG4R9"},"content":{"rendered":"<p>Redonnez vie \u00e0 votre ordinateur portable Dell Latitude E6410, E6510 ou E6410 ATG avec le disque dur Dell CG4R9. Ce disque, sans cadre, a \u00e9t\u00e9 rigoureusement test\u00e9.<\/p>\n<p>Sp\u00e9cialement con\u00e7u pour les mod\u00e8les Dell Latitude, ce disque dur est une solution de remplacement fiable, garantissant un fonctionnement optimal de votre ordinateur portable. Il est id\u00e9al pour ceux qui recherchent un disque dur test\u00e9 et fiable, alliant fiabilit\u00e9 et performances.<\/p>\n<p>Principales caract\u00e9ristiques\u00a0:<\/p>\n<ul>\n<li>Compatible avec les ordinateurs portables Dell Latitude E6410, E6510 et E6410 ATG<\/li>\n<li>Le disque dur n&rsquo;inclut pas de cadre<\/li>\n<\/ul>\n<p>Cette fiche produit du disque dur Dell Latitude E6410 E6510 ATG CG4R9 pr\u00e9sente des photos r\u00e9elles du produit. Veuillez noter qu&rsquo;aucune notice d&rsquo;installation n&rsquo;est fournie. Pour plus d&rsquo;informations ou pour toute question, n&rsquo;h\u00e9sitez pas \u00e0 nous contacter. Faites fonctionner \u00e0 nouveau votre ordinateur portable Dell sans probl\u00e8me gr\u00e2ce \u00e0 ce disque test\u00e9 et fiable.<\/p>\n","protected":false},"excerpt":{"rendered":"<p>Redonnez vie \u00e0 votre ordinateur portable Dell Latitude E6410, E6510 ou E6410 ATG gr\u00e2ce au disque dur Dell CG4R9. Ce disque dur est id\u00e9al pour remplacer votre disque dur sans cadre. Redonnez vie \u00e0 votre appareil avec un disque dur fiable et test\u00e9, garantissant fiabilit\u00e9 et performances.<\/p>\n","protected":false},"featured_media":10519,"template":"","meta":[],"product_brand":[],"product_cat":[63],"product_tag":[53],"class_list":{"0":"post-10452","1":"product","2":"type-product","3":"status-publish","4":"has-post-thumbnail","6":"product_cat-motherboards-board-parts","7":"product_tag-dell","9":"first","10":"instock","11":"taxable","12":"shipping-taxable","13":"purchasable","14":"product-type-simple"},"_links":{"self":[{"href":"https:\/\/boreait.com\/fr\/wp-json\/wp\/v2\/product\/10452","targetHints":{"allow":["GET"]}}],"collection":[{"href":"https:\/\/boreait.com\/fr\/wp-json\/wp\/v2\/product"}],"about":[{"href":"https:\/\/boreait.com\/fr\/wp-json\/wp\/v2\/types\/product"}],"wp:featuredmedia":[{"embeddable":true,"href":"https:\/\/boreait.com\/fr\/wp-json\/wp\/v2\/media\/10519"}],"wp:attachment":[{"href":"https:\/\/boreait.com\/fr\/wp-json\/wp\/v2\/media?parent=10452"}],"wp:term":[{"taxonomy":"product_brand","embeddable":true,"href":"https:\/\/boreait.com\/fr\/wp-json\/wp\/v2\/product_brand?post=10452"},{"taxonomy":"product_cat","embeddable":true,"href":"https:\/\/boreait.com\/fr\/wp-json\/wp\/v2\/product_cat?post=10452"},{"taxonomy":"product_tag","embeddable":true,"href":"https:\/\/boreait.com\/fr\/wp-json\/wp\/v2\/product_tag?post=10452"}],"curies":[{"name":"wp","href":"https:\/\/api.w.org\/{rel}","templated":true}]}}