{"id":10448,"date":"2025-09-15T15:20:35","date_gmt":"2025-09-15T13:20:35","guid":{"rendered":"https:\/\/boreait.com\/fr\/?post_type=product&#038;p=10448"},"modified":"2025-09-15T15:21:48","modified_gmt":"2025-09-15T13:21:48","slug":"coque-inferieure-argentee-pour-macbook-pro-13-a1708-fin-2016-2017-etat-de-qualite-a","status":"publish","type":"product","link":"https:\/\/boreait.com\/fr\/produit\/coque-inferieure-argentee-pour-macbook-pro-13-a1708-fin-2016-2017-etat-de-qualite-a\/","title":{"rendered":"Coque inf\u00e9rieure argent\u00e9e pour MacBook Pro 13&Prime; A1708 fin 2016\/2017 &#8211; \u00c9tat de qualit\u00e9 A !"},"content":{"rendered":"<p>Revitalisez votre MacBook Pro 13&Prime; A1708 fin 2016\/2017 avec ce cache inf\u00e9rieur argent\u00e9 de qualit\u00e9 A. Con\u00e7u pour correspondre aux sp\u00e9cifications d&rsquo;origine, ce cache est une pi\u00e8ce de rechange parfaite pour votre MacBook Pro.<\/p>\n<p>D\u00e9tails cl\u00e9s\u00a0:<\/p>\n<ul>\n<li>Compatibilit\u00e9\u00a0: MacBook Pro 13&Prime; A1708 fin 2016\/2017<\/li>\n<li>Couleur\u00a0: Argent<\/li>\n<li>\u00c9tat\u00a0: Tel que pr\u00e9sent\u00e9 sur la photo de l&rsquo;annonce\u00a0!<\/li>\n<\/ul>\n<p>Veuillez noter que cette annonce concerne uniquement le cache inf\u00e9rieur et n&rsquo;inclut pas de composants suppl\u00e9mentaires. C&rsquo;est la solution id\u00e9ale pour restaurer ou mettre \u00e0 niveau votre MacBook Pro. Son \u00e9tat de qualit\u00e9 A garantit une excellente qualit\u00e9 et un minimum de traces d&rsquo;usure. <\/p>\n<p>Cette annonce pr\u00e9sente de vraies photos du fond d&rsquo;\u00e9cran argent\u00e9 du MacBook Pro 13&Prime; A1708 fin 2016\/2017. Veuillez noter qu&rsquo;aucune notice d&rsquo;installation n&rsquo;est fournie. Pour toute question ou assistance, n&rsquo;h\u00e9sitez pas \u00e0 nous contacter. Redonnez vie \u00e0 votre MacBook Pro et conservez son aspect \u00e9l\u00e9gant et professionnel avec ce fond d&rsquo;\u00e9cran argent\u00e9 de qualit\u00e9 sup\u00e9rieure.<\/p>\n","protected":false},"excerpt":{"rendered":"<p>Sublimez votre MacBook Pro 13&Prime; A1708 fin 2016\/2017 avec ce cache inf\u00e9rieur argent\u00e9 de qualit\u00e9 A. Id\u00e9al pour remplacer un cache endommag\u00e9 ou us\u00e9, ce cache inf\u00e9rieur de haute qualit\u00e9 redonne \u00e0 votre MacBook Pro son aspect \u00e9l\u00e9gant. Remarque\u00a0: cette offre concerne uniquement le cache inf\u00e9rieur. Profitez d&rsquo;une qualit\u00e9 sup\u00e9rieure pour votre appareil et d&rsquo;un MacBook Pro remis au go\u00fbt du jour.<\/p>\n","protected":false},"featured_media":10506,"template":"","meta":[],"product_brand":[],"product_cat":[52],"product_tag":[87],"class_list":{"0":"post-10448","1":"product","2":"type-product","3":"status-publish","4":"has-post-thumbnail","6":"product_cat-laptop-housing","7":"product_tag-apple","9":"first","10":"instock","11":"taxable","12":"shipping-taxable","13":"purchasable","14":"product-type-simple"},"_links":{"self":[{"href":"https:\/\/boreait.com\/fr\/wp-json\/wp\/v2\/product\/10448","targetHints":{"allow":["GET"]}}],"collection":[{"href":"https:\/\/boreait.com\/fr\/wp-json\/wp\/v2\/product"}],"about":[{"href":"https:\/\/boreait.com\/fr\/wp-json\/wp\/v2\/types\/product"}],"wp:featuredmedia":[{"embeddable":true,"href":"https:\/\/boreait.com\/fr\/wp-json\/wp\/v2\/media\/10506"}],"wp:attachment":[{"href":"https:\/\/boreait.com\/fr\/wp-json\/wp\/v2\/media?parent=10448"}],"wp:term":[{"taxonomy":"product_brand","embeddable":true,"href":"https:\/\/boreait.com\/fr\/wp-json\/wp\/v2\/product_brand?post=10448"},{"taxonomy":"product_cat","embeddable":true,"href":"https:\/\/boreait.com\/fr\/wp-json\/wp\/v2\/product_cat?post=10448"},{"taxonomy":"product_tag","embeddable":true,"href":"https:\/\/boreait.com\/fr\/wp-json\/wp\/v2\/product_tag?post=10448"}],"curies":[{"name":"wp","href":"https:\/\/api.w.org\/{rel}","templated":true}]}}