{"id":10436,"date":"2025-09-15T15:20:12","date_gmt":"2025-09-15T13:20:12","guid":{"rendered":"https:\/\/boreait.com\/fr\/?post_type=product&#038;p=10436"},"modified":"2025-09-15T15:21:38","modified_gmt":"2025-09-15T13:21:38","slug":"carte-mere-macbookpro133-fin-2016-15-core-i7-27-ghz-16-go-piece-de-rechange-dorigine","status":"publish","type":"product","link":"https:\/\/boreait.com\/fr\/produit\/carte-mere-macbookpro133-fin-2016-15-core-i7-27-ghz-16-go-piece-de-rechange-dorigine\/","title":{"rendered":"Carte m\u00e8re MACBOOKPRO13,3 fin 2016 15&Prime; Core i7 2,7 GHz 16 Go &#8211; Pi\u00e8ce de rechange d&rsquo;origine !"},"content":{"rendered":"<p>Cette carte m\u00e8re pour MacBook Pro 13,3&Prime; (fin 2016), Core i7 (I7-6820HQ) \u00e0 2,7 GHz et 16 Go, est une pi\u00e8ce de rechange d&rsquo;origine de haute qualit\u00e9 pour votre MacBook Pro. Con\u00e7ue selon les normes Apple, cette carte m\u00e8re int\u00e8gre un processeur Core i7 \u00e0 2,7 GHz robuste associ\u00e9 \u00e0 16 Go de RAM, garantissant des performances et une fiabilit\u00e9 optimales.<\/p>\n<p>Caract\u00e9ristiques principales\u00a0:<\/p>\n<ul>\n<li>Mod\u00e8le compatible\u00a0: MacBook Pro 13,3&Prime; (fin 2016)<\/li>\n<li>Processeur\u00a0: Core i7 \u00e0 2,7 GHz (I7-6820HQ)<\/li>\n<li>M\u00e9moire\u00a0: 16 Go de RAM<\/li>\n<li>Pi\u00e8ce d&rsquo;origine Apple<\/li>\n<li>iOS pr\u00e9install\u00e9\u00a0!<\/li>\n<li>Enti\u00e8rement test\u00e9\u00a0!<\/li>\n<\/ul>\n<p>Id\u00e9al Pour remplacer une carte m\u00e8re d\u00e9fectueuse ou mettre \u00e0 niveau votre configuration existante, cette pi\u00e8ce est parfaitement adapt\u00e9e \u00e0 votre MacBook Pro, offrant la m\u00eame qualit\u00e9 et les m\u00eames performances que l&rsquo;original.<\/p>\n<p>Veuillez noter que cette annonce pr\u00e9sente de v\u00e9ritables photos de la carte m\u00e8re originale du MacBook Pro 13,3 pouces 15 pouces fin 2016, avec un processeur Core i7 \u00e0 2,7 GHz et 16 Go. Aucune instruction d&rsquo;installation n&rsquo;est fournie. Pour toute assistance ou question, n&rsquo;h\u00e9sitez pas \u00e0 nous contacter. Restaurez les fonctionnalit\u00e9s de votre MacBook Pro gr\u00e2ce \u00e0 cette pi\u00e8ce de rechange Apple authentique.<\/p>\n","protected":false},"excerpt":{"rendered":"<p>Carte m\u00e8re de remplacement d&rsquo;origine pour MacBook Pro 13,3&Prime; 15&Prime; fin 2016. Dot\u00e9e d&rsquo;un puissant processeur Core i7 \u00e0 2,7 GHz et de 16 Go de RAM, cette pi\u00e8ce Apple authentique garantit des performances et une compatibilit\u00e9 optimales. Restaurez ou mettez \u00e0 niveau votre MacBook Pro avec cette carte m\u00e8re fiable et de haute qualit\u00e9.<\/p>\n","protected":false},"featured_media":10500,"template":"","meta":[],"product_brand":[],"product_cat":[63],"product_tag":[87],"class_list":{"0":"post-10436","1":"product","2":"type-product","3":"status-publish","4":"has-post-thumbnail","6":"product_cat-motherboards-board-parts","7":"product_tag-apple","9":"first","10":"instock","11":"taxable","12":"shipping-taxable","13":"purchasable","14":"product-type-simple"},"_links":{"self":[{"href":"https:\/\/boreait.com\/fr\/wp-json\/wp\/v2\/product\/10436","targetHints":{"allow":["GET"]}}],"collection":[{"href":"https:\/\/boreait.com\/fr\/wp-json\/wp\/v2\/product"}],"about":[{"href":"https:\/\/boreait.com\/fr\/wp-json\/wp\/v2\/types\/product"}],"wp:featuredmedia":[{"embeddable":true,"href":"https:\/\/boreait.com\/fr\/wp-json\/wp\/v2\/media\/10500"}],"wp:attachment":[{"href":"https:\/\/boreait.com\/fr\/wp-json\/wp\/v2\/media?parent=10436"}],"wp:term":[{"taxonomy":"product_brand","embeddable":true,"href":"https:\/\/boreait.com\/fr\/wp-json\/wp\/v2\/product_brand?post=10436"},{"taxonomy":"product_cat","embeddable":true,"href":"https:\/\/boreait.com\/fr\/wp-json\/wp\/v2\/product_cat?post=10436"},{"taxonomy":"product_tag","embeddable":true,"href":"https:\/\/boreait.com\/fr\/wp-json\/wp\/v2\/product_tag?post=10436"}],"curies":[{"name":"wp","href":"https:\/\/api.w.org\/{rel}","templated":true}]}}