{"id":10433,"date":"2025-09-15T15:20:11","date_gmt":"2025-09-15T13:20:11","guid":{"rendered":"https:\/\/boreait.com\/fr\/?post_type=product&#038;p=10433"},"modified":"2025-09-15T15:21:33","modified_gmt":"2025-09-15T13:21:33","slug":"ensemble-repose-poignets-et-clavier-pour-macbook-pro-a1706-batterie-pave-tactile-et-haut-parleurs-dorigine-inclus","status":"publish","type":"product","link":"https:\/\/boreait.com\/fr\/produit\/ensemble-repose-poignets-et-clavier-pour-macbook-pro-a1706-batterie-pave-tactile-et-haut-parleurs-dorigine-inclus\/","title":{"rendered":"Ensemble repose-poignets et clavier pour MacBook Pro A1706 &#8211; Batterie, pav\u00e9 tactile et haut-parleurs d&rsquo;origine inclus !"},"content":{"rendered":"<p>Redonnez vie \u00e0 votre MacBook Pro \u00ab\u00a0Core i5\u00a0\u00bb 3.1 13\u00a0pouces mi-2017 A1706 avec l&rsquo;ensemble repose-poignets et clavier authentique, comprenant une batterie, un pav\u00e9 tactile et des haut-parleurs d&rsquo;origine. Cette pi\u00e8ce d&rsquo;origine est con\u00e7ue pour restaurer l&rsquo;esth\u00e9tique et les fonctionnalit\u00e9s de votre MacBook Pro \u00e0 son \u00e9tat d&rsquo;origine.<\/p>\n<p>Caract\u00e9ristiques\u00a0:<\/p>\n<ul>\n<li>Compatible avec le MacBook Pro \u00ab\u00a0Core i5\u00a0\u00bb 3.1 13\u00a0pouces mi-2017 A1706 (Mod\u00e8le\u00a0: MacBookPro14,2)<\/li>\n<li>Repose-poignets et clavier complets Clavier assembl\u00e9<\/li>\n<li>Comprend le pav\u00e9 tactile, les haut-parleurs et la batterie d&rsquo;origine (la batterie fonctionne, mais n&rsquo;a pas \u00e9t\u00e9 test\u00e9e plus avant).<\/li>\n<li>Design scandinave.<\/li>\n<\/ul>\n<p>Que vous cherchiez \u00e0 remplacer des pi\u00e8ces endommag\u00e9es ou simplement \u00e0 restaurer votre MacBook Pro \u00e0 son \u00e9tat d&rsquo;origine, cet assemblage vous garantit une solution simple.<\/p>\n<p>Veuillez noter que les images r\u00e9elles du produit montrent pr\u00e9cis\u00e9ment les composants inclus. Aucune instruction d&rsquo;installation n&rsquo;est fournie, mais pour toute assistance ou question, n&rsquo;h\u00e9sitez pas \u00e0 nous contacter. Offrez une nouvelle vie \u00e0 votre MacBook Pro gr\u00e2ce \u00e0 cet assemblage complet et original.<\/p>\n","protected":false},"excerpt":{"rendered":"<p>Am\u00e9liorez la performance de votre MacBook Pro \u00ab\u00a0Core i5\u00a0\u00bb 3.1 13\u00a0pouces mi-2017 A1706 avec cet ensemble repose-poignets et clavier complet. Ce composant d&rsquo;origine comprend le pav\u00e9 tactile, les haut-parleurs et une batterie d&rsquo;origine. Redonnez \u00e0 votre MacBook Pro toute sa splendeur d&rsquo;origine gr\u00e2ce \u00e0 cette pi\u00e8ce de rechange compl\u00e8te.<\/p>\n","protected":false},"featured_media":10496,"template":"","meta":[],"product_brand":[],"product_cat":[52],"product_tag":[87],"class_list":{"0":"post-10433","1":"product","2":"type-product","3":"status-publish","4":"has-post-thumbnail","6":"product_cat-laptop-housing","7":"product_tag-apple","9":"first","10":"instock","11":"taxable","12":"shipping-taxable","13":"purchasable","14":"product-type-simple"},"_links":{"self":[{"href":"https:\/\/boreait.com\/fr\/wp-json\/wp\/v2\/product\/10433","targetHints":{"allow":["GET"]}}],"collection":[{"href":"https:\/\/boreait.com\/fr\/wp-json\/wp\/v2\/product"}],"about":[{"href":"https:\/\/boreait.com\/fr\/wp-json\/wp\/v2\/types\/product"}],"wp:featuredmedia":[{"embeddable":true,"href":"https:\/\/boreait.com\/fr\/wp-json\/wp\/v2\/media\/10496"}],"wp:attachment":[{"href":"https:\/\/boreait.com\/fr\/wp-json\/wp\/v2\/media?parent=10433"}],"wp:term":[{"taxonomy":"product_brand","embeddable":true,"href":"https:\/\/boreait.com\/fr\/wp-json\/wp\/v2\/product_brand?post=10433"},{"taxonomy":"product_cat","embeddable":true,"href":"https:\/\/boreait.com\/fr\/wp-json\/wp\/v2\/product_cat?post=10433"},{"taxonomy":"product_tag","embeddable":true,"href":"https:\/\/boreait.com\/fr\/wp-json\/wp\/v2\/product_tag?post=10433"}],"curies":[{"name":"wp","href":"https:\/\/api.w.org\/{rel}","templated":true}]}}