{"id":10420,"date":"2025-09-15T15:19:48","date_gmt":"2025-09-15T13:19:48","guid":{"rendered":"https:\/\/boreait.com\/fr\/?post_type=product&#038;p=10420"},"modified":"2026-01-18T13:56:32","modified_gmt":"2026-01-18T12:56:32","slug":"memoire-ram-samsung-m378b5773ch0-ck0-2-go-ddr3-1600-mhz-pc3-12800u-11-10-a0","status":"publish","type":"product","link":"https:\/\/boreait.com\/fr\/produit\/memoire-ram-samsung-m378b5773ch0-ck0-2-go-ddr3-1600-mhz-pc3-12800u-11-10-a0\/","title":{"rendered":"M\u00e9moire RAM Samsung M378B5773CH0-CK0 2 Go DDR3-1600 MHz PC3-12800U-11-10-A0"},"content":{"rendered":"<p>B\u00e9n\u00e9ficiez d&rsquo;une am\u00e9lioration instantan\u00e9e de la vitesse et des capacit\u00e9s multit\u00e2ches de votre ordinateur gr\u00e2ce \u00e0 la m\u00e9moire RAM Samsung M378B5773CH0-CK0 de 2 Go. Ce module DDR3-1600 MHz PC3-12800U-11-10-A0 constitue une mise \u00e0 niveau de haute qualit\u00e9 pour la m\u00e9moire de votre syst\u00e8me.<\/p>\n<p>Principales caract\u00e9ristiques\u00a0:<\/p>\n<ul>\n<li>Capacit\u00e9 m\u00e9moire\u00a0: 2 Go<\/li>\n<li>Type\u00a0: DDR3<\/li>\n<li>Vitesse\u00a0: 1600 MHz<\/li>\n<li>R\u00e9f\u00e9rence\u00a0: M378B5773CH0-CK0<\/li>\n<\/ul>\n<p>Am\u00e9liorez les performances globales de votre ordinateur en augmentant sa capacit\u00e9 m\u00e9moire. Ce module RAM Samsung est sp\u00e9cialement con\u00e7u pour allier fiabilit\u00e9 et rapidit\u00e9, garantissant des op\u00e9rations plus fluides et plus rapides. Que vous travailliez sur plusieurs t\u00e2ches ou ex\u00e9cutiez des applications gourmandes en m\u00e9moire, cette mise \u00e0 niveau RAM permettra \u00e0 votre ordinateur de g\u00e9rer la situation sans effort.<br \/>\nVeuillez noter que cette annonce inclut des photos r\u00e9elles du module de m\u00e9moire RAM 2 Go Samsung M378B5773CH0-CK0 DDR3-1600 MHz PC3-12800U-11-10-A0. Aucune instruction d&rsquo;installation n&rsquo;est fournie. Pour toute question ou information compl\u00e9mentaire, n&rsquo;h\u00e9sitez pas \u00e0 nous contacter. Am\u00e9liorez les performances de votre ordinateur d\u00e8s aujourd&rsquo;hui avec ce module RAM Samsung fiable.<\/p>\n","protected":false},"excerpt":{"rendered":"<p>Am\u00e9liorez les performances de votre ordinateur avec la m\u00e9moire RAM Samsung M378B5773CH0-CK0 de 2 Go. Ce module RAM DDR3-1600 MHz PC3-12800U-11-10-A0 est con\u00e7u pour allier fiabilit\u00e9 et rapidit\u00e9, offrant un multit\u00e2che fluide et des performances applicatives plus fluides. Optimisez la m\u00e9moire de votre syst\u00e8me pour g\u00e9rer plus efficacement vos t\u00e2ches gr\u00e2ce \u00e0 cette RAM Samsung de qualit\u00e9.<\/p>\n","protected":false},"featured_media":10482,"template":"","meta":[],"product_brand":[],"product_cat":[73,72],"product_tag":[],"class_list":{"0":"post-10420","1":"product","2":"type-product","3":"status-publish","4":"has-post-thumbnail","6":"product_cat-ddr3-ddr3l","7":"product_cat-ram-memory","9":"first","10":"instock","11":"taxable","12":"shipping-taxable","13":"purchasable","14":"product-type-simple"},"_links":{"self":[{"href":"https:\/\/boreait.com\/fr\/wp-json\/wp\/v2\/product\/10420","targetHints":{"allow":["GET"]}}],"collection":[{"href":"https:\/\/boreait.com\/fr\/wp-json\/wp\/v2\/product"}],"about":[{"href":"https:\/\/boreait.com\/fr\/wp-json\/wp\/v2\/types\/product"}],"wp:featuredmedia":[{"embeddable":true,"href":"https:\/\/boreait.com\/fr\/wp-json\/wp\/v2\/media\/10482"}],"wp:attachment":[{"href":"https:\/\/boreait.com\/fr\/wp-json\/wp\/v2\/media?parent=10420"}],"wp:term":[{"taxonomy":"product_brand","embeddable":true,"href":"https:\/\/boreait.com\/fr\/wp-json\/wp\/v2\/product_brand?post=10420"},{"taxonomy":"product_cat","embeddable":true,"href":"https:\/\/boreait.com\/fr\/wp-json\/wp\/v2\/product_cat?post=10420"},{"taxonomy":"product_tag","embeddable":true,"href":"https:\/\/boreait.com\/fr\/wp-json\/wp\/v2\/product_tag?post=10420"}],"curies":[{"name":"wp","href":"https:\/\/api.w.org\/{rel}","templated":true}]}}