{"id":10403,"date":"2025-09-15T15:19:25","date_gmt":"2025-09-15T13:19:25","guid":{"rendered":"https:\/\/boreait.com\/fr\/?post_type=product&#038;p=10403"},"modified":"2025-09-15T15:21:01","modified_gmt":"2025-09-15T13:21:01","slug":"coque-inferieure-macbook-pro-retina-13-pouces-debut-2015-argent-wi-fi-a1502-macbookpro121","status":"publish","type":"product","link":"https:\/\/boreait.com\/fr\/produit\/coque-inferieure-macbook-pro-retina-13-pouces-debut-2015-argent-wi-fi-a1502-macbookpro121\/","title":{"rendered":"Coque inf\u00e9rieure MacBook Pro Retina 13 pouces d\u00e9but 2015 Argent Wi-Fi A1502 MacBookPro12,1"},"content":{"rendered":"<p><strong>La m\u00eame coque que sur les photos de l&rsquo;annonce\u00a0!<\/strong><\/p>\n<p>Offrez une nouvelle jeunesse \u00e0 votre MacBook Pro Retina 13 pouces d\u00e9but 2015 avec la coque inf\u00e9rieure argent\u00e9e Wi-Fi d&rsquo;origine, con\u00e7ue pour le mod\u00e8le A1502 MacBookPro12.1. Con\u00e7ue pour s&rsquo;adapter parfaitement, cette coque rehausse non seulement l&rsquo;esth\u00e9tique, mais offre \u00e9galement protection et fonctionnalit\u00e9 \u00e0 votre appareil.<\/p>\n<p>Caract\u00e9ristiques principales\u00a0:<\/p>\n<ul>\n<li>Compatible avec\u00a0: MacBook Pro Retina 13 pouces d\u00e9but 2015 A1502 MacBookPro12.1<\/li>\n<li>Couleur\u00a0: Argent Wi-Fi<\/li>\n<li>Pi\u00e8ce d&rsquo;origine pour un ajustement et une finition d&rsquo;origine<\/li>\n<\/ul>\n<p>Cette coque inf\u00e9rieure est une pi\u00e8ce de rechange d&rsquo;origine, garantissant un ajustement parfait et pr\u00e9servant l&rsquo;int\u00e9grit\u00e9 de votre MacBook. Que vous ayez besoin d&rsquo;un remplacement ou d&rsquo;une mise \u00e0 niveau, cette coque inf\u00e9rieure authentique est le choix id\u00e9al. Veuillez noter que cette annonce inclut des photos r\u00e9elles du produit que vous recevrez.<\/p>\n<p>Remarque importante\u00a0: Ce produit ne comprend que le cache inf\u00e9rieur. Aucune instruction d&rsquo;installation n&rsquo;est fournie. Pour toute question ou assistance, n&rsquo;h\u00e9sitez pas \u00e0 nous contacter. Sublimez et prot\u00e9gez l&rsquo;\u00e9l\u00e9gance de votre MacBook Pro avec ce cache inf\u00e9rieur authentique, sp\u00e9cialement con\u00e7u pour le mod\u00e8le d\u00e9but 2015.<\/p>\n","protected":false},"excerpt":{"rendered":"<p>Am\u00e9liorez et prot\u00e9gez votre MacBook Pro Retina 13 pouces d\u00e9but 2015 avec ce cache inf\u00e9rieur d&rsquo;origine. Con\u00e7u sp\u00e9cifiquement pour le MacBook Pro 12,1 pouces A1502, ce cache inf\u00e9rieur Wi-Fi argent\u00e9 s&rsquo;adapte parfaitement et garantit l&rsquo;int\u00e9grit\u00e9 de votre appareil. Remplacez ou am\u00e9liorez le cache inf\u00e9rieur de votre MacBook avec cette pi\u00e8ce d&rsquo;origine, tout en pr\u00e9servant sa qualit\u00e9 et son esth\u00e9tique d&rsquo;origine.<\/p>\n","protected":false},"featured_media":10465,"template":"","meta":[],"product_brand":[],"product_cat":[52],"product_tag":[87],"class_list":{"0":"post-10403","1":"product","2":"type-product","3":"status-publish","4":"has-post-thumbnail","6":"product_cat-laptop-housing","7":"product_tag-apple","9":"first","10":"instock","11":"taxable","12":"shipping-taxable","13":"purchasable","14":"product-type-simple"},"_links":{"self":[{"href":"https:\/\/boreait.com\/fr\/wp-json\/wp\/v2\/product\/10403","targetHints":{"allow":["GET"]}}],"collection":[{"href":"https:\/\/boreait.com\/fr\/wp-json\/wp\/v2\/product"}],"about":[{"href":"https:\/\/boreait.com\/fr\/wp-json\/wp\/v2\/types\/product"}],"wp:featuredmedia":[{"embeddable":true,"href":"https:\/\/boreait.com\/fr\/wp-json\/wp\/v2\/media\/10465"}],"wp:attachment":[{"href":"https:\/\/boreait.com\/fr\/wp-json\/wp\/v2\/media?parent=10403"}],"wp:term":[{"taxonomy":"product_brand","embeddable":true,"href":"https:\/\/boreait.com\/fr\/wp-json\/wp\/v2\/product_brand?post=10403"},{"taxonomy":"product_cat","embeddable":true,"href":"https:\/\/boreait.com\/fr\/wp-json\/wp\/v2\/product_cat?post=10403"},{"taxonomy":"product_tag","embeddable":true,"href":"https:\/\/boreait.com\/fr\/wp-json\/wp\/v2\/product_tag?post=10403"}],"curies":[{"name":"wp","href":"https:\/\/api.w.org\/{rel}","templated":true}]}}